{"id":34166,"date":"2022-07-15T22:00:25","date_gmt":"2022-07-15T19:00:25","guid":{"rendered":"https:\/\/ddt.lv\/lv\/product\/co-signalizacijas-ierice-sienas-85db-2xaa-emos\/"},"modified":"2026-04-27T08:41:17","modified_gmt":"2026-04-27T05:41:17","slug":"co-signalizacijas-ierice-sienas-85db-2xaa-emos","status":"publish","type":"product","link":"https:\/\/ddt.lv\/lv\/product\/co-signalizacijas-ierice-sienas-85db-2xaa-emos\/","title":{"rendered":"CO Signaliz\u0101cijas ier\u012bce sienas 85dB + 2xAA EMOS"},"content":{"rendered":"<p><span class=\"JLqJ4b ChMk0b\" data-language-for-alternatives=\"lv\" data-language-to-translate-into=\"hu\" data-phrase-index=\"0\" data-number-of-phrases=\"3\"><span class=\"Q4iAWc\">Ar baterij\u0101m darbin\u0101ms oglek\u013ca monoks\u012bda detektors ar 2 gadu garantiju un 10 gadu paredzamo kalpo\u0161anas laiku.<\/span><\/span> <span class=\"JLqJ4b ChMk0b\" data-language-for-alternatives=\"lv\" data-language-to-translate-into=\"hu\" data-phrase-index=\"2\" data-number-of-phrases=\"3\"><span class=\"Q4iAWc\">Ier\u012bce ir laboratoriski p\u0101rbaud\u012bta. Lieliska cenas un kvalit\u0101tes attiec\u012bba.<\/span><\/span><\/p>","protected":false},"excerpt":{"rendered":"<p>Ar baterij\u0101m darbin\u0101ms oglek\u013ca monoks\u012bda detektors ar 2 gadu garantiju un 10 gadu paredzamo kalpo\u0161anas laiku. Ier\u012bce ir laboratoriski p\u0101rbaud\u012bta. Lieliska cenas un kvalit\u0101tes attiec\u012bba.<\/p>\n","protected":false},"featured_media":34173,"comment_status":"closed","ping_status":"closed","template":"","meta":{"inline_featured_image":false},"product_cat":[542],"product_tag":[],"yst_prominent_words":[],"class_list":{"0":"post-34166","1":"product","2":"type-product","3":"status-publish","4":"has-post-thumbnail","6":"product_cat-dumu-detektori","8":"first","9":"instock","10":"taxable","11":"shipping-taxable","12":"purchasable","13":"product-type-simple"},"jetpack_sharing_enabled":true,"_links":{"self":[{"href":"https:\/\/ddt.lv\/lv\/wp-json\/wp\/v2\/product\/34166"}],"collection":[{"href":"https:\/\/ddt.lv\/lv\/wp-json\/wp\/v2\/product"}],"about":[{"href":"https:\/\/ddt.lv\/lv\/wp-json\/wp\/v2\/types\/product"}],"replies":[{"embeddable":true,"href":"https:\/\/ddt.lv\/lv\/wp-json\/wp\/v2\/comments?post=34166"}],"wp:featuredmedia":[{"embeddable":true,"href":"https:\/\/ddt.lv\/lv\/wp-json\/wp\/v2\/media\/34173"}],"wp:attachment":[{"href":"https:\/\/ddt.lv\/lv\/wp-json\/wp\/v2\/media?parent=34166"}],"wp:term":[{"taxonomy":"product_cat","embeddable":true,"href":"https:\/\/ddt.lv\/lv\/wp-json\/wp\/v2\/product_cat?post=34166"},{"taxonomy":"product_tag","embeddable":true,"href":"https:\/\/ddt.lv\/lv\/wp-json\/wp\/v2\/product_tag?post=34166"},{"taxonomy":"yst_prominent_words","embeddable":true,"href":"https:\/\/ddt.lv\/lv\/wp-json\/wp\/v2\/yst_prominent_words?post=34166"}],"curies":[{"name":"wp","href":"https:\/\/api.w.org\/{rel}","templated":true}]}}