{"id":34165,"date":"2022-07-15T21:40:24","date_gmt":"2022-07-15T18:40:24","guid":{"rendered":"https:\/\/ddt.lv\/lv\/product\/galda-lampa-uzlad-usb-led-2-5w-600mah-6500k-balta-emos\/"},"modified":"2026-04-06T10:50:30","modified_gmt":"2026-04-06T07:50:30","slug":"galda-lampa-uzlad-usb-led-2-5w-600mah-6500k-balta-emos","status":"publish","type":"product","link":"https:\/\/ddt.lv\/lv\/product\/galda-lampa-uzlad-usb-led-2-5w-600mah-6500k-balta-emos\/","title":{"rendered":"Galda lampa uzl\u0101d.USB LED 2.5W 600mAh 6500K balta EMOS"},"content":{"rendered":"<p><span class=\"JLqJ4b ChMk0b\" data-language-for-alternatives=\"lv\" data-language-to-translate-into=\"en\" data-phrase-index=\"0\" data-number-of-phrases=\"5\"><span class=\"Q4iAWc\">\u013boti eleganto balto galda lampu ar USB un elast\u012bgu k\u0101ju var piel\u0101got j\u016bsu vajadz\u012bb\u0101m.<\/span><\/span> <span class=\"JLqJ4b ChMk0b\" data-language-for-alternatives=\"lv\" data-language-to-translate-into=\"en\" data-phrase-index=\"1\" data-number-of-phrases=\"5\"><span class=\"Q4iAWc\">Pateicoties LED tehnolo\u0123ijai, t\u0101 pat\u0113ri\u0146\u0161 ir tikai 2,5 vati.<\/span><\/span> <span class=\"JLqJ4b ChMk0b\" data-language-for-alternatives=\"lv\" data-language-to-translate-into=\"en\" data-phrase-index=\"2\" data-number-of-phrases=\"5\"><span class=\"Q4iAWc\">Lampai ir ieb\u016bv\u0113ts akumulators, kas tiek uzl\u0101d\u0113ts, izmantojot USB portu.<\/span><\/span> <span class=\"JLqJ4b ChMk0b\" data-language-for-alternatives=\"lv\" data-language-to-translate-into=\"en\" data-phrase-index=\"3\" data-number-of-phrases=\"5\"><span class=\"Q4iAWc\">Viena uzl\u0101de prasa apm\u0113ram 10 stundas.<\/span><\/span> <span class=\"JLqJ4b ChMk0b\" data-language-for-alternatives=\"lv\" data-language-to-translate-into=\"en\" data-phrase-index=\"4\" data-number-of-phrases=\"5\"><span class=\"Q4iAWc\">DC 5 V 500 mA, ieb\u016bv\u0113t\u0101 akumulatora jauda: 600 mAh, akumulatora tips: Li-Po 3,7 V, kr\u0101su temperat\u016bra 5500 &#8211; 6500 K (Dienas gaisma), 14 LED SMD.<\/span><\/span><\/p>","protected":false},"excerpt":{"rendered":"<p>\u013boti eleganto balto galda lampu ar USB un elast\u012bgu k\u0101ju var piel\u0101got j\u016bsu vajadz\u012bb\u0101m. Pateicoties LED tehnolo\u0123ijai, t\u0101 pat\u0113ri\u0146\u0161 ir tikai 2,5 vati. Lampai ir ieb\u016bv\u0113ts akumulators, kas tiek uzl\u0101d\u0113ts, izmantojot USB portu. Viena uzl\u0101de prasa apm\u0113ram 10 stundas. DC 5 V 500 mA, ieb\u016bv\u0113t\u0101 akumulatora jauda: 600 mAh, akumulatora tips: Li-Po 3,7 V, kr\u0101su [&hellip;]<\/p>\n","protected":false},"featured_media":34167,"comment_status":"closed","ping_status":"closed","template":"","meta":{"inline_featured_image":false},"product_cat":[1292],"product_tag":[],"yst_prominent_words":[],"class_list":{"0":"post-34165","1":"product","2":"type-product","3":"status-publish","4":"has-post-thumbnail","6":"product_cat-galda-lampas-un-stavlampas-apgaismojums","8":"first","9":"outofstock","10":"taxable","11":"shipping-taxable","12":"purchasable","13":"product-type-simple"},"jetpack_sharing_enabled":true,"_links":{"self":[{"href":"https:\/\/ddt.lv\/lv\/wp-json\/wp\/v2\/product\/34165"}],"collection":[{"href":"https:\/\/ddt.lv\/lv\/wp-json\/wp\/v2\/product"}],"about":[{"href":"https:\/\/ddt.lv\/lv\/wp-json\/wp\/v2\/types\/product"}],"replies":[{"embeddable":true,"href":"https:\/\/ddt.lv\/lv\/wp-json\/wp\/v2\/comments?post=34165"}],"wp:featuredmedia":[{"embeddable":true,"href":"https:\/\/ddt.lv\/lv\/wp-json\/wp\/v2\/media\/34167"}],"wp:attachment":[{"href":"https:\/\/ddt.lv\/lv\/wp-json\/wp\/v2\/media?parent=34165"}],"wp:term":[{"taxonomy":"product_cat","embeddable":true,"href":"https:\/\/ddt.lv\/lv\/wp-json\/wp\/v2\/product_cat?post=34165"},{"taxonomy":"product_tag","embeddable":true,"href":"https:\/\/ddt.lv\/lv\/wp-json\/wp\/v2\/product_tag?post=34165"},{"taxonomy":"yst_prominent_words","embeddable":true,"href":"https:\/\/ddt.lv\/lv\/wp-json\/wp\/v2\/yst_prominent_words?post=34165"}],"curies":[{"name":"wp","href":"https:\/\/api.w.org\/{rel}","templated":true}]}}