{"id":34126,"date":"2022-07-08T15:20:23","date_gmt":"2022-07-08T12:20:23","guid":{"rendered":"https:\/\/ddt.lv\/lv\/product\/viedtalrunaplansetesgps-univers-turetajs-automasinam-omega\/"},"modified":"2026-04-13T09:47:32","modified_gmt":"2026-04-13T06:47:32","slug":"viedtalrunaplansetesgps-univers-turetajs-automasinam-omega","status":"publish","type":"product","link":"https:\/\/ddt.lv\/lv\/product\/viedtalrunaplansetesgps-univers-turetajs-automasinam-omega\/","title":{"rendered":"Viedt\u0101lru\u0146a,plan\u0161etes,GPS univers.tur\u0113tajs automa\u0161\u012bn\u0101m OMEGA"},"content":{"rendered":"<p>Univers\u0101ls In-Car stiprin\u0101jums plan\u0161etdatoram, viedt\u0101lrunim un GPS. \u0112rti lietojams rokturis &#8211; \u013cauj manevr\u0113t ar ier\u012bci un tikai ar vienu roku, t\u0101d\u0113j\u0101di palielinot dro\u0161\u012bbu. Uzst\u0101diet uz pane\u013ca vai uz roku balsta. Ier\u012bces uzst\u0101d\u012b\u0161ana kopum\u0101 neaizsedz ier\u012bces ekr\u0101nu, kas at\u0161\u0137ir m\u016bsu produktu no citiem tirg\u016b pieejamajiem produktiem. Liela m\u0113roga pamatne un silikona pakl\u0101ji\u0146\u0161 uz roktura pat ar sp\u0113c\u012bgu bremz\u0113\u0161anu un brauk\u0161anu da\u017e\u0101dos ce\u013ca sl\u012bpumos nemaina roktura un ier\u012bces st\u0101vokli. Dro\u0161\u012bba ir \u013coti svar\u012bga ikvienam autovad\u012bt\u0101jam, m\u016bsu produkti nodro\u0161ina labus apst\u0101k\u013cus GPS\/mobilo telefonu un plan\u0161etdatoru lieto\u0161anai (visi ier\u012b\u010du izm\u0113ri 2,8&#8243;-8&#8243;).<\/p>","protected":false},"excerpt":{"rendered":"<p>Univers\u0101ls In-Car stiprin\u0101jums plan\u0161etdatoram, viedt\u0101lrunim un GPS. \u0112rti lietojams rokturis &#8211; \u013cauj manevr\u0113t ar ier\u012bci un tikai ar vienu roku, t\u0101d\u0113j\u0101di palielinot dro\u0161\u012bbu. Uzst\u0101diet uz pane\u013ca vai uz roku balsta. Ier\u012bces uzst\u0101d\u012b\u0161ana kopum\u0101 neaizsedz ier\u012bces ekr\u0101nu, kas at\u0161\u0137ir m\u016bsu produktu no citiem tirg\u016b pieejamajiem produktiem. Liela m\u0113roga pamatne un silikona pakl\u0101ji\u0146\u0161 uz roktura pat ar [&hellip;]<\/p>\n","protected":false},"featured_media":34130,"comment_status":"closed","ping_status":"closed","template":"","meta":{"inline_featured_image":false},"product_cat":[772,762],"product_tag":[],"yst_prominent_words":[],"class_list":{"0":"post-34126","1":"product","2":"type-product","3":"status-publish","4":"has-post-thumbnail","6":"product_cat-atlaides","7":"product_cat-mobilo-telefonu-aksesuari","9":"first","10":"instock","11":"sale","12":"taxable","13":"shipping-taxable","14":"purchasable","15":"product-type-simple"},"jetpack_sharing_enabled":true,"_links":{"self":[{"href":"https:\/\/ddt.lv\/lv\/wp-json\/wp\/v2\/product\/34126"}],"collection":[{"href":"https:\/\/ddt.lv\/lv\/wp-json\/wp\/v2\/product"}],"about":[{"href":"https:\/\/ddt.lv\/lv\/wp-json\/wp\/v2\/types\/product"}],"replies":[{"embeddable":true,"href":"https:\/\/ddt.lv\/lv\/wp-json\/wp\/v2\/comments?post=34126"}],"wp:featuredmedia":[{"embeddable":true,"href":"https:\/\/ddt.lv\/lv\/wp-json\/wp\/v2\/media\/34130"}],"wp:attachment":[{"href":"https:\/\/ddt.lv\/lv\/wp-json\/wp\/v2\/media?parent=34126"}],"wp:term":[{"taxonomy":"product_cat","embeddable":true,"href":"https:\/\/ddt.lv\/lv\/wp-json\/wp\/v2\/product_cat?post=34126"},{"taxonomy":"product_tag","embeddable":true,"href":"https:\/\/ddt.lv\/lv\/wp-json\/wp\/v2\/product_tag?post=34126"},{"taxonomy":"yst_prominent_words","embeddable":true,"href":"https:\/\/ddt.lv\/lv\/wp-json\/wp\/v2\/yst_prominent_words?post=34126"}],"curies":[{"name":"wp","href":"https:\/\/api.w.org\/{rel}","templated":true}]}}