{"id":34125,"date":"2022-07-08T15:20:22","date_gmt":"2022-07-08T12:20:22","guid":{"rendered":"https:\/\/ddt.lv\/lv\/product\/plansetes-universals-turetajs-automasinam-omega\/"},"modified":"2026-04-13T09:47:31","modified_gmt":"2026-04-13T06:47:31","slug":"plansetes-universals-turetajs-automasinam-omega","status":"publish","type":"product","link":"https:\/\/ddt.lv\/lv\/product\/plansetes-universals-turetajs-automasinam-omega\/","title":{"rendered":"Plan\u0161etes univers\u0101ls tur\u0113t\u0101js automa\u0161\u012bn\u0101m OMEGA"},"content":{"rendered":"<p>Automa\u0161\u012bnas tur\u0113t\u0101js Voyager plan\u0161etdatoram ar Supergrip pies\u016bcekni.\u00a0 Patent\u0113ts pies\u016bceknis tur\u0113t\u0101ja piestiprin\u0101\u0161anai pie jebkura pane\u013ca. Vad\u012bt\u0101ji var samazin\u0101t priek\u0161\u0113j\u0101 skata le\u0146\u0137a trauc\u0113jumus. Iztur vibr\u0101ciju, vilk\u0161anu un grie\u0161anos. L\u012bm\u0113jo\u0161a gumijas starplika pane\u013ca aizsardz\u012bbai. 360 gr\u0101dos pagrie\u017eams displejs.<\/p>","protected":false},"excerpt":{"rendered":"<p>Automa\u0161\u012bnas tur\u0113t\u0101js Voyager plan\u0161etdatoram ar Supergrip pies\u016bcekni.\u00a0 Patent\u0113ts pies\u016bceknis tur\u0113t\u0101ja piestiprin\u0101\u0161anai pie jebkura pane\u013ca. Vad\u012bt\u0101ji var samazin\u0101t priek\u0161\u0113j\u0101 skata le\u0146\u0137a trauc\u0113jumus. Iztur vibr\u0101ciju, vilk\u0161anu un grie\u0161anos. L\u012bm\u0113jo\u0161a gumijas starplika pane\u013ca aizsardz\u012bbai. 360 gr\u0101dos pagrie\u017eams displejs.<\/p>\n","protected":false},"featured_media":34129,"comment_status":"closed","ping_status":"closed","template":"","meta":{"inline_featured_image":false},"product_cat":[772,762],"product_tag":[],"yst_prominent_words":[],"class_list":{"0":"post-34125","1":"product","2":"type-product","3":"status-publish","4":"has-post-thumbnail","6":"product_cat-atlaides","7":"product_cat-mobilo-telefonu-aksesuari","9":"first","10":"instock","11":"sale","12":"taxable","13":"shipping-taxable","14":"purchasable","15":"product-type-simple"},"jetpack_sharing_enabled":true,"_links":{"self":[{"href":"https:\/\/ddt.lv\/lv\/wp-json\/wp\/v2\/product\/34125"}],"collection":[{"href":"https:\/\/ddt.lv\/lv\/wp-json\/wp\/v2\/product"}],"about":[{"href":"https:\/\/ddt.lv\/lv\/wp-json\/wp\/v2\/types\/product"}],"replies":[{"embeddable":true,"href":"https:\/\/ddt.lv\/lv\/wp-json\/wp\/v2\/comments?post=34125"}],"wp:featuredmedia":[{"embeddable":true,"href":"https:\/\/ddt.lv\/lv\/wp-json\/wp\/v2\/media\/34129"}],"wp:attachment":[{"href":"https:\/\/ddt.lv\/lv\/wp-json\/wp\/v2\/media?parent=34125"}],"wp:term":[{"taxonomy":"product_cat","embeddable":true,"href":"https:\/\/ddt.lv\/lv\/wp-json\/wp\/v2\/product_cat?post=34125"},{"taxonomy":"product_tag","embeddable":true,"href":"https:\/\/ddt.lv\/lv\/wp-json\/wp\/v2\/product_tag?post=34125"},{"taxonomy":"yst_prominent_words","embeddable":true,"href":"https:\/\/ddt.lv\/lv\/wp-json\/wp\/v2\/yst_prominent_words?post=34125"}],"curies":[{"name":"wp","href":"https:\/\/api.w.org\/{rel}","templated":true}]}}