{"id":34124,"date":"2022-07-08T15:20:22","date_gmt":"2022-07-08T12:20:22","guid":{"rendered":"https:\/\/ddt.lv\/lv\/product\/viedtalruna-univers-turetajs-automasinam-melns-omega\/"},"modified":"2026-04-13T09:47:31","modified_gmt":"2026-04-13T06:47:31","slug":"viedtalruna-univers-turetajs-automasinam-melns-omega","status":"publish","type":"product","link":"https:\/\/ddt.lv\/lv\/product\/viedtalruna-univers-turetajs-automasinam-melns-omega\/","title":{"rendered":"Viedt\u0101lru\u0146a univers.tur\u0113tajs automa\u0161\u012bn\u0101m melns OMEGA"},"content":{"rendered":"<p>Univers\u0101ls automa\u0161\u012bnas tur\u0113t\u0101js plan\u0161etdatoriem, mobilajiem t\u0101lru\u0146iem un GPS. \u0112rta mobil\u0101s ier\u012bces atra\u0161an\u0101s vieta lietot\u0101jam redzam\u0101 un sasniedzam\u0101 viet\u0101. Iztur\u012bgs, viegli lietojams, un tam ir sp\u0113c\u012bgs pies\u016bceknis, kas \u013cauj dro\u0161i piestiprin\u0101t izstr\u0101d\u0101jumu pie pane\u013ca. Augstas kvalit\u0101tes tur\u0113t\u0101js pal\u012bdz\u0113s \u0113rti un dro\u0161i lietot viedt\u0101lruni vai plan\u0161etdatoru br\u012bvroku re\u017e\u012bm\u0101. Regul\u0113jamais rokturis nodro\u0161ina ier\u012bces stabilit\u0101ti un \u013cauj to pagriezt l\u012bdz pat 360 gr\u0101diem.<\/p>","protected":false},"excerpt":{"rendered":"<p>Univers\u0101ls automa\u0161\u012bnas tur\u0113t\u0101js plan\u0161etdatoriem, mobilajiem t\u0101lru\u0146iem un GPS. \u0112rta mobil\u0101s ier\u012bces atra\u0161an\u0101s vieta lietot\u0101jam redzam\u0101 un sasniedzam\u0101 viet\u0101. Iztur\u012bgs, viegli lietojams, un tam ir sp\u0113c\u012bgs pies\u016bceknis, kas \u013cauj dro\u0161i piestiprin\u0101t izstr\u0101d\u0101jumu pie pane\u013ca. Augstas kvalit\u0101tes tur\u0113t\u0101js pal\u012bdz\u0113s \u0113rti un dro\u0161i lietot viedt\u0101lruni vai plan\u0161etdatoru br\u012bvroku re\u017e\u012bm\u0101. Regul\u0113jamais rokturis nodro\u0161ina ier\u012bces stabilit\u0101ti un \u013cauj to pagriezt [&hellip;]<\/p>\n","protected":false},"featured_media":34127,"comment_status":"closed","ping_status":"closed","template":"","meta":{"inline_featured_image":false},"product_cat":[772,762],"product_tag":[],"yst_prominent_words":[],"class_list":{"0":"post-34124","1":"product","2":"type-product","3":"status-publish","4":"has-post-thumbnail","6":"product_cat-atlaides","7":"product_cat-mobilo-telefonu-aksesuari","9":"first","10":"instock","11":"sale","12":"taxable","13":"shipping-taxable","14":"purchasable","15":"product-type-simple"},"jetpack_sharing_enabled":true,"_links":{"self":[{"href":"https:\/\/ddt.lv\/lv\/wp-json\/wp\/v2\/product\/34124"}],"collection":[{"href":"https:\/\/ddt.lv\/lv\/wp-json\/wp\/v2\/product"}],"about":[{"href":"https:\/\/ddt.lv\/lv\/wp-json\/wp\/v2\/types\/product"}],"replies":[{"embeddable":true,"href":"https:\/\/ddt.lv\/lv\/wp-json\/wp\/v2\/comments?post=34124"}],"wp:featuredmedia":[{"embeddable":true,"href":"https:\/\/ddt.lv\/lv\/wp-json\/wp\/v2\/media\/34127"}],"wp:attachment":[{"href":"https:\/\/ddt.lv\/lv\/wp-json\/wp\/v2\/media?parent=34124"}],"wp:term":[{"taxonomy":"product_cat","embeddable":true,"href":"https:\/\/ddt.lv\/lv\/wp-json\/wp\/v2\/product_cat?post=34124"},{"taxonomy":"product_tag","embeddable":true,"href":"https:\/\/ddt.lv\/lv\/wp-json\/wp\/v2\/product_tag?post=34124"},{"taxonomy":"yst_prominent_words","embeddable":true,"href":"https:\/\/ddt.lv\/lv\/wp-json\/wp\/v2\/yst_prominent_words?post=34124"}],"curies":[{"name":"wp","href":"https:\/\/api.w.org\/{rel}","templated":true}]}}