{"id":34105,"date":"2022-07-08T10:00:20","date_gmt":"2022-07-08T07:00:20","guid":{"rendered":"https:\/\/ddt.lv\/lv\/product\/sprieguma-testeris-6-400v-emos-2\/"},"modified":"2026-04-13T10:05:52","modified_gmt":"2026-04-13T07:05:52","slug":"sprieguma-testeris-6-400v-emos-2","status":"publish","type":"product","link":"https:\/\/ddt.lv\/lv\/product\/sprieguma-testeris-6-400v-emos-2\/","title":{"rendered":"Sprieguma testeris 6-400V EMOS"},"content":{"rendered":"<p>CE sertific\u0113ts l\u012bdzstr\u0101vas un mai\u0146str\u0101vas sprieguma testeris ar no\u0146emamiem zondes v\u0101kiem<br \/>\nM\u0113r\u012b\u0161anas diapazons 6 V &#8211; 400 V, polarit\u0101tes displejs, frekven\u010du diapazons: 0 Hz l\u012bdz 60 Hz<br \/>\nSprieguma displejs 6V, 12V, 24V, 50V, 120V, 230V, 400V<br \/>\nM\u0113r\u012b\u0161anas kategorija CAT III. Analog\u0101, optisk\u0101 signaliz\u0101cija<\/p>","protected":false},"excerpt":{"rendered":"<p>CE sertific\u0113ts l\u012bdzstr\u0101vas un mai\u0146str\u0101vas sprieguma testeris ar no\u0146emamiem zondes v\u0101kiem M\u0113r\u012b\u0161anas diapazons 6 V &#8211; 400 V, polarit\u0101tes displejs, frekven\u010du diapazons: 0 Hz l\u012bdz 60 Hz Sprieguma displejs 6V, 12V, 24V, 50V, 120V, 230V, 400V M\u0113r\u012b\u0161anas kategorija CAT III. Analog\u0101, optisk\u0101 signaliz\u0101cija<\/p>\n","protected":false},"featured_media":34111,"comment_status":"closed","ping_status":"closed","template":"","meta":{"inline_featured_image":false},"product_cat":[1504],"product_tag":[],"yst_prominent_words":[],"class_list":{"0":"post-34105","1":"product","2":"type-product","3":"status-publish","4":"has-post-thumbnail","6":"product_cat-multimetri-un-testeri-merinstrumenti","8":"first","9":"instock","10":"taxable","11":"shipping-taxable","12":"purchasable","13":"product-type-simple"},"jetpack_sharing_enabled":true,"_links":{"self":[{"href":"https:\/\/ddt.lv\/lv\/wp-json\/wp\/v2\/product\/34105"}],"collection":[{"href":"https:\/\/ddt.lv\/lv\/wp-json\/wp\/v2\/product"}],"about":[{"href":"https:\/\/ddt.lv\/lv\/wp-json\/wp\/v2\/types\/product"}],"replies":[{"embeddable":true,"href":"https:\/\/ddt.lv\/lv\/wp-json\/wp\/v2\/comments?post=34105"}],"wp:featuredmedia":[{"embeddable":true,"href":"https:\/\/ddt.lv\/lv\/wp-json\/wp\/v2\/media\/34111"}],"wp:attachment":[{"href":"https:\/\/ddt.lv\/lv\/wp-json\/wp\/v2\/media?parent=34105"}],"wp:term":[{"taxonomy":"product_cat","embeddable":true,"href":"https:\/\/ddt.lv\/lv\/wp-json\/wp\/v2\/product_cat?post=34105"},{"taxonomy":"product_tag","embeddable":true,"href":"https:\/\/ddt.lv\/lv\/wp-json\/wp\/v2\/product_tag?post=34105"},{"taxonomy":"yst_prominent_words","embeddable":true,"href":"https:\/\/ddt.lv\/lv\/wp-json\/wp\/v2\/yst_prominent_words?post=34105"}],"curies":[{"name":"wp","href":"https:\/\/api.w.org\/{rel}","templated":true}]}}