{"id":34104,"date":"2022-07-08T10:00:20","date_gmt":"2022-07-08T07:00:20","guid":{"rendered":"https:\/\/ddt.lv\/lv\/product\/sprieguma-testeris-110-400v-emos-2\/"},"modified":"2026-04-06T10:56:13","modified_gmt":"2026-04-06T07:56:13","slug":"sprieguma-testeris-110-400v-emos-2","status":"publish","type":"product","link":"https:\/\/ddt.lv\/lv\/product\/sprieguma-testeris-110-400v-emos-2\/","title":{"rendered":"M0014A Sprieguma testeris 110-400V EMOS"},"content":{"rendered":"<p>VT-310 p\u0101rbaudes ier\u012bce ir paredz\u0113ta sprieguma divu polu m\u0113r\u012bjumiem l\u012bdzstr\u0101vas un mai\u0146str\u0101vas \u0137\u0113d\u0113s ar spriegumu no 110 l\u012bdz 400 V, frekvence 0\u201360 Hz, lai noteiktu f\u0101zes vad\u012bt\u0101ju, f\u0101\u017eu sec\u012bbu tr\u012bsf\u0101\u017eu sist\u0113m\u0101 ar neitr\u0101lu vad\u012bt\u0101ju un l\u012bdzstr\u0101vas sprieguma polarit\u0101ti. P\u0101rbaudes ier\u012bce atbilst standarta EN 61243-3:2014 pras\u012bb\u0101m diapazon\u0101 110\u2013400 V\/CAT III 400 V, ar IP54 aizsardz\u012bbas pak\u0101pi. T\u0101 lieto\u0161anas temperat\u016bras diapazons ir -10 l\u012bdz +50 \u00b0C, mitruma l\u012bme\u0146a diapazons ir 20\u201396 %.<br \/>\nP\u0101rbaudes ier\u012bci var izmantot m\u0113r\u012bjumu veik\u0161anai elektroinstal\u0101cij\u0101s un ier\u012bc\u0113s, kas atbilst p\u0101rsprieguma kategorijai CAT III 400 V. P\u0101rsprieguma kategorija CAT III iek\u013cauj ar\u012b kategoriju CAT II elektroier\u012bc\u0113m un apr\u012bkojumam ar \u012bpa\u0161\u0101m dro\u0161\u012bbas un lieto\u0161anas pras\u012bb\u0101m.<br \/>\nT\u0101 ir, piem\u0113ram, iek\u0161zemes elektroinstal\u0101cija, aizsargier\u012bces, str\u0101vas kontaktligzdas, sl\u0113d\u017ei, blo\u0137\u0113\u0161anas sist\u0113mas u. c<\/p>","protected":false},"excerpt":{"rendered":"<p>VT-310 p\u0101rbaudes ier\u012bce ir paredz\u0113ta sprieguma divu polu m\u0113r\u012bjumiem l\u012bdzstr\u0101vas un mai\u0146str\u0101vas \u0137\u0113d\u0113s ar spriegumu no 110 l\u012bdz 400 V, frekvence 0\u201360 Hz, lai noteiktu f\u0101zes vad\u012bt\u0101ju, f\u0101\u017eu sec\u012bbu tr\u012bsf\u0101\u017eu sist\u0113m\u0101 ar neitr\u0101lu vad\u012bt\u0101ju un l\u012bdzstr\u0101vas sprieguma polarit\u0101ti. P\u0101rbaudes ier\u012bce atbilst standarta EN 61243-3:2014 pras\u012bb\u0101m diapazon\u0101 110\u2013400 V\/CAT III 400 V, ar IP54 aizsardz\u012bbas pak\u0101pi. [&hellip;]<\/p>\n","protected":false},"featured_media":34114,"comment_status":"closed","ping_status":"closed","template":"","meta":{"inline_featured_image":false},"product_cat":[1504],"product_tag":[],"yst_prominent_words":[],"class_list":{"0":"post-34104","1":"product","2":"type-product","3":"status-publish","4":"has-post-thumbnail","6":"product_cat-multimetri-un-testeri-merinstrumenti","8":"first","9":"outofstock","10":"taxable","11":"shipping-taxable","12":"purchasable","13":"product-type-simple"},"jetpack_sharing_enabled":true,"_links":{"self":[{"href":"https:\/\/ddt.lv\/lv\/wp-json\/wp\/v2\/product\/34104"}],"collection":[{"href":"https:\/\/ddt.lv\/lv\/wp-json\/wp\/v2\/product"}],"about":[{"href":"https:\/\/ddt.lv\/lv\/wp-json\/wp\/v2\/types\/product"}],"replies":[{"embeddable":true,"href":"https:\/\/ddt.lv\/lv\/wp-json\/wp\/v2\/comments?post=34104"}],"wp:featuredmedia":[{"embeddable":true,"href":"https:\/\/ddt.lv\/lv\/wp-json\/wp\/v2\/media\/34114"}],"wp:attachment":[{"href":"https:\/\/ddt.lv\/lv\/wp-json\/wp\/v2\/media?parent=34104"}],"wp:term":[{"taxonomy":"product_cat","embeddable":true,"href":"https:\/\/ddt.lv\/lv\/wp-json\/wp\/v2\/product_cat?post=34104"},{"taxonomy":"product_tag","embeddable":true,"href":"https:\/\/ddt.lv\/lv\/wp-json\/wp\/v2\/product_tag?post=34104"},{"taxonomy":"yst_prominent_words","embeddable":true,"href":"https:\/\/ddt.lv\/lv\/wp-json\/wp\/v2\/yst_prominent_words?post=34104"}],"curies":[{"name":"wp","href":"https:\/\/api.w.org\/{rel}","templated":true}]}}