{"id":34103,"date":"2022-07-08T10:00:20","date_gmt":"2022-07-08T07:00:20","guid":{"rendered":"https:\/\/ddt.lv\/lv\/product\/bateriju-testeris-uni-d3-aaaaacd9v-emos\/"},"modified":"2026-04-06T10:57:15","modified_gmt":"2026-04-06T07:57:15","slug":"bateriju-testeris-uni-d3-aaaaacd9v-emos","status":"publish","type":"product","link":"https:\/\/ddt.lv\/lv\/product\/bateriju-testeris-uni-d3-aaaaacd9v-emos\/","title":{"rendered":"Bateriju testeris UNI D3 (AAA,AA,C,D,9V) EMOS"},"content":{"rendered":"<p><\/p>\n<ul>\n<li>kompakts un viegls akumulatora testeris<\/li>\n<li>m\u0113ra liel\u0101ko da\u013cu izplat\u012bt\u0101ko bateriju veidu (AA, AAA, C, D, 9V, pogas elementi)<\/li>\n<li>unik\u0101ls produkta dizains<\/li>\n<li>liels LCD displejs par\u0101da izm\u0113r\u012bt\u0101 akumulatora spriegumu<\/li>\n<\/ul>\n<p><\/p>","protected":false},"excerpt":{"rendered":"<p>kompakts un viegls akumulatora testeris m\u0113ra liel\u0101ko da\u013cu izplat\u012bt\u0101ko bateriju veidu (AA, AAA, C, D, 9V, pogas elementi) unik\u0101ls produkta dizains liels LCD displejs par\u0101da izm\u0113r\u012bt\u0101 akumulatora spriegumu<\/p>\n","protected":false},"featured_media":34106,"comment_status":"closed","ping_status":"closed","template":"","meta":{"inline_featured_image":false},"product_cat":[1504],"product_tag":[],"yst_prominent_words":[],"class_list":{"0":"post-34103","1":"product","2":"type-product","3":"status-publish","4":"has-post-thumbnail","6":"product_cat-multimetri-un-testeri-merinstrumenti","8":"first","9":"instock","10":"taxable","11":"shipping-taxable","12":"purchasable","13":"product-type-simple"},"jetpack_sharing_enabled":true,"_links":{"self":[{"href":"https:\/\/ddt.lv\/lv\/wp-json\/wp\/v2\/product\/34103"}],"collection":[{"href":"https:\/\/ddt.lv\/lv\/wp-json\/wp\/v2\/product"}],"about":[{"href":"https:\/\/ddt.lv\/lv\/wp-json\/wp\/v2\/types\/product"}],"replies":[{"embeddable":true,"href":"https:\/\/ddt.lv\/lv\/wp-json\/wp\/v2\/comments?post=34103"}],"wp:featuredmedia":[{"embeddable":true,"href":"https:\/\/ddt.lv\/lv\/wp-json\/wp\/v2\/media\/34106"}],"wp:attachment":[{"href":"https:\/\/ddt.lv\/lv\/wp-json\/wp\/v2\/media?parent=34103"}],"wp:term":[{"taxonomy":"product_cat","embeddable":true,"href":"https:\/\/ddt.lv\/lv\/wp-json\/wp\/v2\/product_cat?post=34103"},{"taxonomy":"product_tag","embeddable":true,"href":"https:\/\/ddt.lv\/lv\/wp-json\/wp\/v2\/product_tag?post=34103"},{"taxonomy":"yst_prominent_words","embeddable":true,"href":"https:\/\/ddt.lv\/lv\/wp-json\/wp\/v2\/yst_prominent_words?post=34103"}],"curies":[{"name":"wp","href":"https:\/\/api.w.org\/{rel}","templated":true}]}}