{"id":34065,"date":"2022-06-28T13:40:16","date_gmt":"2022-06-28T10:40:16","guid":{"rendered":"https:\/\/ddt.lv\/lv\/product\/powerbank-10-000mah-37-wh-micro-3-7v-22-5w-usb-a-usb-c-melns\/"},"modified":"2026-04-08T14:36:33","modified_gmt":"2026-04-08T11:36:33","slug":"powerbank-10-000mah-37-wh-micro-3-7v-22-5w-usb-a-usb-c-melns","status":"publish","type":"product","link":"https:\/\/ddt.lv\/lv\/product\/powerbank-10-000mah-37-wh-micro-3-7v-22-5w-usb-a-usb-c-melns\/","title":{"rendered":"Powerbank 10 000mAh\/37 Wh micro 3.7V 22.5W USB-A\/USB-C melns"},"content":{"rendered":"<p>EMOS WI 1021D ir moderna kompakta baro\u0161anas banka, kas uzl\u0101d\u0113s j\u016bsu akumulatorus t\u0101lru\u0146iem, plan\u0161etdatoriem, m\u016bzikas atska\u0146ot\u0101jiem un cit\u0101m ier\u012bc\u0113m, atrodoties \u0101rpus m\u0101jas. Kompaktais korpuss pied\u0101v\u0101 1 jaudas mikro USB ievades portu un modernu USB-C ievades portu ar vienu USB-C un 2 USB-A izvades portiem. Liel\u0101 10 000 mAh (37 Wh) ietilp\u012bba un maksim\u0101l\u0101 izejas str\u0101va 22,5 W nodro\u0161ina iesp\u0113ju aptuveni 4 pilnas viedt\u0101lru\u0146a un 2 plan\u0161etdatora uzl\u0101des reizes. Komplekt\u0101cij\u0101 ietilpst ar\u012b USB-C \/ USB-A kabelis, ar kuru var uzl\u0101d\u0113t baro\u0161anas banku un atsevi\u0161\u0137as ier\u012bces. Nodro\u0161ina atbalstu \u0101trai uzl\u0101des jaudas pieg\u0101dei ar jaudu l\u012bdz 20 W vai 22,5 W SuperCharge Protocol, k\u0101 ar\u012b bezvadu uzl\u0101des atbalsts ar maksim\u0101lo jaudu 15 W.<\/p>","protected":false},"excerpt":{"rendered":"<p>EMOS WI 1021D ir moderna kompakta baro\u0161anas banka, kas uzl\u0101d\u0113s j\u016bsu akumulatorus t\u0101lru\u0146iem, plan\u0161etdatoriem, m\u016bzikas atska\u0146ot\u0101jiem un cit\u0101m ier\u012bc\u0113m, atrodoties \u0101rpus m\u0101jas. Kompaktais korpuss pied\u0101v\u0101 1 jaudas mikro USB ievades portu un modernu USB-C ievades portu ar vienu USB-C un 2 USB-A izvades portiem. Liel\u0101 10 000 mAh (37 Wh) ietilp\u012bba un maksim\u0101l\u0101 izejas str\u0101va [&hellip;]<\/p>\n","protected":false},"featured_media":34073,"comment_status":"closed","ping_status":"closed","template":"","meta":{"inline_featured_image":false},"product_cat":[460],"product_tag":[],"yst_prominent_words":[],"class_list":{"0":"post-34065","1":"product","2":"type-product","3":"status-publish","4":"has-post-thumbnail","6":"product_cat-uzlades-stacijas","8":"first","9":"instock","10":"taxable","11":"shipping-taxable","12":"purchasable","13":"product-type-simple"},"jetpack_sharing_enabled":true,"_links":{"self":[{"href":"https:\/\/ddt.lv\/lv\/wp-json\/wp\/v2\/product\/34065"}],"collection":[{"href":"https:\/\/ddt.lv\/lv\/wp-json\/wp\/v2\/product"}],"about":[{"href":"https:\/\/ddt.lv\/lv\/wp-json\/wp\/v2\/types\/product"}],"replies":[{"embeddable":true,"href":"https:\/\/ddt.lv\/lv\/wp-json\/wp\/v2\/comments?post=34065"}],"wp:featuredmedia":[{"embeddable":true,"href":"https:\/\/ddt.lv\/lv\/wp-json\/wp\/v2\/media\/34073"}],"wp:attachment":[{"href":"https:\/\/ddt.lv\/lv\/wp-json\/wp\/v2\/media?parent=34065"}],"wp:term":[{"taxonomy":"product_cat","embeddable":true,"href":"https:\/\/ddt.lv\/lv\/wp-json\/wp\/v2\/product_cat?post=34065"},{"taxonomy":"product_tag","embeddable":true,"href":"https:\/\/ddt.lv\/lv\/wp-json\/wp\/v2\/product_tag?post=34065"},{"taxonomy":"yst_prominent_words","embeddable":true,"href":"https:\/\/ddt.lv\/lv\/wp-json\/wp\/v2\/yst_prominent_words?post=34065"}],"curies":[{"name":"wp","href":"https:\/\/api.w.org\/{rel}","templated":true}]}}