{"id":34059,"date":"2022-06-28T13:20:16","date_gmt":"2022-06-28T10:20:16","guid":{"rendered":"https:\/\/ddt.lv\/lv\/product\/bezvadu-durvju-zvans-ip44-36-melod-150m-110db-balts-emos\/"},"modified":"2026-04-13T13:30:21","modified_gmt":"2026-04-13T10:30:21","slug":"bezvadu-durvju-zvans-ip44-36-melod-150m-110db-balts-emos","status":"publish","type":"product","link":"https:\/\/ddt.lv\/lv\/product\/bezvadu-durvju-zvans-ip44-36-melod-150m-110db-balts-emos\/","title":{"rendered":"Bezvadu durvju zvans IP44 36 melod.150m 110dB balts EMOS"},"content":{"rendered":"<p>Bezvadu durvju zvans, kas tiek pied\u0101v\u0101ts vair\u0101kos kr\u0101su variantos, ir pareizais risin\u0101jums. Varat to izmantot m\u0101j\u0101s, bet tas ir lieliski piem\u0113rots ar\u012b lieto\u0161anai uz\u0146\u0113mum\u0101 vai biroj\u0101. Tas j\u016bs p\u0101rsteigs ar lielu pogu, un uztver\u0161anas diapazonu l\u012bdz pat 150 m, un izv\u0113l\u0113t\u0101 melodija no 36 s\u0101kotn\u0113jiem iestat\u012bjumiem br\u012bdin\u0101s j\u016bs par gaid\u0101mo apmekl\u0113jumu.<\/p>","protected":false},"excerpt":{"rendered":"<p>Bezvadu durvju zvans, kas tiek pied\u0101v\u0101ts vair\u0101kos kr\u0101su variantos, ir pareizais risin\u0101jums. Varat to izmantot m\u0101j\u0101s, bet tas ir lieliski piem\u0113rots ar\u012b lieto\u0161anai uz\u0146\u0113mum\u0101 vai biroj\u0101. Tas j\u016bs p\u0101rsteigs ar lielu pogu, un uztver\u0161anas diapazonu l\u012bdz pat 150 m, un izv\u0113l\u0113t\u0101 melodija no 36 s\u0101kotn\u0113jiem iestat\u012bjumiem br\u012bdin\u0101s j\u016bs par gaid\u0101mo apmekl\u0113jumu.<\/p>\n","protected":false},"featured_media":34066,"comment_status":"closed","ping_status":"closed","template":"","meta":{"inline_featured_image":false},"product_cat":[543],"product_tag":[],"yst_prominent_words":[],"class_list":{"0":"post-34059","1":"product","2":"type-product","3":"status-publish","4":"has-post-thumbnail","6":"product_cat-durvju-zvani","8":"first","9":"instock","10":"taxable","11":"shipping-taxable","12":"purchasable","13":"product-type-simple"},"jetpack_sharing_enabled":true,"_links":{"self":[{"href":"https:\/\/ddt.lv\/lv\/wp-json\/wp\/v2\/product\/34059"}],"collection":[{"href":"https:\/\/ddt.lv\/lv\/wp-json\/wp\/v2\/product"}],"about":[{"href":"https:\/\/ddt.lv\/lv\/wp-json\/wp\/v2\/types\/product"}],"replies":[{"embeddable":true,"href":"https:\/\/ddt.lv\/lv\/wp-json\/wp\/v2\/comments?post=34059"}],"wp:featuredmedia":[{"embeddable":true,"href":"https:\/\/ddt.lv\/lv\/wp-json\/wp\/v2\/media\/34066"}],"wp:attachment":[{"href":"https:\/\/ddt.lv\/lv\/wp-json\/wp\/v2\/media?parent=34059"}],"wp:term":[{"taxonomy":"product_cat","embeddable":true,"href":"https:\/\/ddt.lv\/lv\/wp-json\/wp\/v2\/product_cat?post=34059"},{"taxonomy":"product_tag","embeddable":true,"href":"https:\/\/ddt.lv\/lv\/wp-json\/wp\/v2\/product_tag?post=34059"},{"taxonomy":"yst_prominent_words","embeddable":true,"href":"https:\/\/ddt.lv\/lv\/wp-json\/wp\/v2\/yst_prominent_words?post=34059"}],"curies":[{"name":"wp","href":"https:\/\/api.w.org\/{rel}","templated":true}]}}