{"id":34044,"date":"2022-06-21T11:00:21","date_gmt":"2022-06-21T08:00:21","guid":{"rendered":"https:\/\/ddt.lv\/lv\/product\/dur-aaa-10-baterijas-duracell-industrial-procell-alkaline-tray10-10gb\/"},"modified":"2026-04-13T09:57:27","modified_gmt":"2026-04-13T06:57:27","slug":"dur-aaa-10-baterijas-duracell-industrial-procell-alkaline-tray10-10gb","status":"publish","type":"product","link":"https:\/\/ddt.lv\/lv\/product\/dur-aaa-10-baterijas-duracell-industrial-procell-alkaline-tray10-10gb\/","title":{"rendered":"DUR AAA\/10 baterijas Duracell Industrial PROCELL Alkaline Tray10 10gb."},"content":{"rendered":"<p>Daudzveid\u012bgs akumulators\/baterija, kas tiek izmantots daudz\u0101s m\u0101jsaimniec\u012bbas ier\u012bc\u0113s un nodro\u0161in\u0101s ide\u0101lu risin\u0101jumu, ja nepiecie\u0161ama stabila jauda. (Cena nor\u0101d\u012bta p\u0113rkot 1 gab iepakojumu, iepakojum\u0101 baterijas &#8211; 10 gab.)<\/p>","protected":false},"excerpt":{"rendered":"<p>Daudzveid\u012bgs akumulators\/baterija, kas tiek izmantots daudz\u0101s m\u0101jsaimniec\u012bbas ier\u012bc\u0113s un nodro\u0161in\u0101s ide\u0101lu risin\u0101jumu, ja nepiecie\u0161ama stabila jauda. (Cena nor\u0101d\u012bta p\u0113rkot 1 gab iepakojumu, iepakojum\u0101 baterijas &#8211; 10 gab.)<\/p>\n","protected":false},"featured_media":22384,"comment_status":"closed","ping_status":"closed","template":"","meta":{"inline_featured_image":false},"product_cat":[442],"product_tag":[],"yst_prominent_words":[],"class_list":{"0":"post-34044","1":"product","2":"type-product","3":"status-publish","4":"has-post-thumbnail","6":"product_cat-aaa","8":"first","9":"outofstock","10":"taxable","11":"shipping-taxable","12":"purchasable","13":"product-type-simple"},"jetpack_sharing_enabled":true,"_links":{"self":[{"href":"https:\/\/ddt.lv\/lv\/wp-json\/wp\/v2\/product\/34044"}],"collection":[{"href":"https:\/\/ddt.lv\/lv\/wp-json\/wp\/v2\/product"}],"about":[{"href":"https:\/\/ddt.lv\/lv\/wp-json\/wp\/v2\/types\/product"}],"replies":[{"embeddable":true,"href":"https:\/\/ddt.lv\/lv\/wp-json\/wp\/v2\/comments?post=34044"}],"wp:featuredmedia":[{"embeddable":true,"href":"https:\/\/ddt.lv\/lv\/wp-json\/wp\/v2\/media\/22384"}],"wp:attachment":[{"href":"https:\/\/ddt.lv\/lv\/wp-json\/wp\/v2\/media?parent=34044"}],"wp:term":[{"taxonomy":"product_cat","embeddable":true,"href":"https:\/\/ddt.lv\/lv\/wp-json\/wp\/v2\/product_cat?post=34044"},{"taxonomy":"product_tag","embeddable":true,"href":"https:\/\/ddt.lv\/lv\/wp-json\/wp\/v2\/product_tag?post=34044"},{"taxonomy":"yst_prominent_words","embeddable":true,"href":"https:\/\/ddt.lv\/lv\/wp-json\/wp\/v2\/yst_prominent_words?post=34044"}],"curies":[{"name":"wp","href":"https:\/\/api.w.org\/{rel}","templated":true}]}}