{"id":34043,"date":"2022-06-21T11:00:20","date_gmt":"2022-06-21T08:00:20","guid":{"rendered":"https:\/\/ddt.lv\/lv\/product\/aaa-16-baterijas-agfaphoto-alkaline-power-16gb\/"},"modified":"2026-04-13T10:05:28","modified_gmt":"2026-04-13T07:05:28","slug":"aaa-16-baterijas-agfaphoto-alkaline-power-16gb","status":"publish","type":"product","link":"https:\/\/ddt.lv\/lv\/product\/aaa-16-baterijas-agfaphoto-alkaline-power-16gb\/","title":{"rendered":"Power AAA LR03 baterija Alkaline ENERGIZER"},"content":{"rendered":"<p><span class=\"JLqJ4b ChMk0b\" data-language-for-alternatives=\"lv\" data-language-to-translate-into=\"en\" data-phrase-index=\"8\" data-number-of-phrases=\"19\"><span class=\"Q4iAWc\">Energizer Power ir s\u0101rma baterija, kas paredz\u0113ta ikdienas lieto\u0161anai gan lielas, gan vid\u0113jas jaudas ier\u012bc\u0113m.<\/span><\/span> <span class=\"JLqJ4b ChMk0b\" data-language-for-alternatives=\"lv\" data-language-to-translate-into=\"en\" data-phrase-index=\"10\" data-number-of-phrases=\"19\"><span class=\"Q4iAWc\">\u0160\u012bs ier\u012bces nodro\u0161ina ilg\u0101ku darb\u012bbu, sal\u012bdzinot ar parastaj\u0101m oglek\u013ca-cinka baterij\u0101m.<\/span><\/span> <span class=\"JLqJ4b ChMk0b\" data-language-for-alternatives=\"lv\" data-language-to-translate-into=\"en\" data-phrase-index=\"12\" data-number-of-phrases=\"19\"><span class=\"Q4iAWc\">Pateicoties pievilc\u012bgajai cenai, \u0161is Energizer Power Seal ir ide\u0101la izv\u0113le j\u016bsu ikdienas ier\u012bc\u0113m.<\/span><\/span><\/p>","protected":false},"excerpt":{"rendered":"<ul>\n<li>Baterijas izm\u0113rs: AAA<\/li>\n<li>Nomin\u0101lais spriegums: 1,5V<\/li>\n<li>Maksim\u0101l\u0101 izl\u0101des str\u0101va: 1,0A<\/li>\n<li>Izm\u0113ri:<\/li>\n<li>Garums \u2014 44,5 mm<\/li>\n<li>Diametrs \u2014 10,5 mm<\/li>\n<\/ul>\n","protected":false},"featured_media":34046,"comment_status":"closed","ping_status":"closed","template":"","meta":{"inline_featured_image":false},"product_cat":[772,442],"product_tag":[],"yst_prominent_words":[],"class_list":{"0":"post-34043","1":"product","2":"type-product","3":"status-publish","4":"has-post-thumbnail","6":"product_cat-atlaides","7":"product_cat-aaa","9":"first","10":"outofstock","11":"sale","12":"taxable","13":"shipping-taxable","14":"purchasable","15":"product-type-simple"},"jetpack_sharing_enabled":true,"_links":{"self":[{"href":"https:\/\/ddt.lv\/lv\/wp-json\/wp\/v2\/product\/34043"}],"collection":[{"href":"https:\/\/ddt.lv\/lv\/wp-json\/wp\/v2\/product"}],"about":[{"href":"https:\/\/ddt.lv\/lv\/wp-json\/wp\/v2\/types\/product"}],"replies":[{"embeddable":true,"href":"https:\/\/ddt.lv\/lv\/wp-json\/wp\/v2\/comments?post=34043"}],"wp:featuredmedia":[{"embeddable":true,"href":"https:\/\/ddt.lv\/lv\/wp-json\/wp\/v2\/media\/34046"}],"wp:attachment":[{"href":"https:\/\/ddt.lv\/lv\/wp-json\/wp\/v2\/media?parent=34043"}],"wp:term":[{"taxonomy":"product_cat","embeddable":true,"href":"https:\/\/ddt.lv\/lv\/wp-json\/wp\/v2\/product_cat?post=34043"},{"taxonomy":"product_tag","embeddable":true,"href":"https:\/\/ddt.lv\/lv\/wp-json\/wp\/v2\/product_tag?post=34043"},{"taxonomy":"yst_prominent_words","embeddable":true,"href":"https:\/\/ddt.lv\/lv\/wp-json\/wp\/v2\/yst_prominent_words?post=34043"}],"curies":[{"name":"wp","href":"https:\/\/api.w.org\/{rel}","templated":true}]}}