{"id":34017,"date":"2022-06-17T14:40:19","date_gmt":"2022-06-17T11:40:19","guid":{"rendered":"https:\/\/ddt.lv\/lv\/product\/dur-9v-10-constant-procell-baterija-alkaline-tray10-10gb-industrial\/"},"modified":"2026-04-17T10:30:31","modified_gmt":"2026-04-17T07:30:31","slug":"dur-9v-10-constant-procell-baterija-alkaline-tray10-10gb-industrial","status":"publish","type":"product","link":"https:\/\/ddt.lv\/lv\/product\/dur-9v-10-constant-procell-baterija-alkaline-tray10-10gb-industrial\/","title":{"rendered":"DURACELL 9V\/10 Constant PROCELL baterija Alkaline Industrial"},"content":{"rendered":"<p>Duracell Procell Constant D baterijas ir da\u013ca no Duracell ra\u017eoto profesion\u0101lo s\u0101rma bateriju kl\u0101sta. Izstr\u0101d\u0101ti un lielapjoma iepakojumi biznesa un profesion\u0101liem galalietot\u0101jiem Duracell pied\u0101v\u0101 uzlabotu veiktsp\u0113ju sal\u012bdzin\u0101jum\u0101 ar iepriek\u0161\u0113jo Duracell Industrial versiju.\u00a0 Duracell Procell D baterijas ir ide\u0101li piem\u0113roti pla\u0161am lietojumu un nozaru kl\u0101stam, un tie ir lieliski piem\u0113roti elektrotehnikas, in\u017eenierijas un profesion\u0101liem galalietot\u0101jiem un ori\u0123in\u0101lo iek\u0101rtu ra\u017eot\u0101jiem. Pietiekami iztur\u012bgs, lai darbotos no -20 l\u012bdz 54<strong>\u00b0C<\/strong> gr\u0101du temperat\u016bras diapazon\u0101.<\/p>\n<p>Nodro\u0161ina ilg\u0101ku jaudu (sal\u012bdzin\u0101jum\u0101 ar iepriek\u0161\u0113j\u0101m Procell Alkaline 9V baterij\u0101m) profesion\u0101laj\u0101s ier\u012bc\u0113s ar zemu ener\u0123ijas pat\u0113ri\u0146u, k\u0101 rezult\u0101t\u0101 var tikt nomain\u012bts maz\u0101k bateriju un t\u0101d\u0113j\u0101di var ietaup\u012bt ar bateriju nomai\u0146u saist\u012bt\u0101s darb\u012bbas izmaksas. (Cena nor\u0101d\u012bta p\u0113rkot 1 gab iepakojumu, iepakojum\u0101 baterijas &#8211; 10 gab.)<\/p>","protected":false},"excerpt":{"rendered":"<p>Duracell Procell Constant D baterijas ir da\u013ca no Duracell ra\u017eoto profesion\u0101lo s\u0101rma bateriju kl\u0101sta. Izstr\u0101d\u0101ti un lielapjoma iepakojumi biznesa un profesion\u0101liem galalietot\u0101jiem Duracell pied\u0101v\u0101 uzlabotu veiktsp\u0113ju sal\u012bdzin\u0101jum\u0101 ar iepriek\u0161\u0113jo Duracell Industrial versiju.\u00a0 Duracell Procell D baterijas ir ide\u0101li piem\u0113roti pla\u0161am lietojumu un nozaru kl\u0101stam, un tie ir lieliski piem\u0113roti elektrotehnikas, in\u017eenierijas un profesion\u0101liem galalietot\u0101jiem un [&hellip;]<\/p>\n","protected":false},"featured_media":34029,"comment_status":"closed","ping_status":"closed","template":"","meta":{"inline_featured_image":false},"product_cat":[772,446],"product_tag":[],"yst_prominent_words":[],"class_list":{"0":"post-34017","1":"product","2":"type-product","3":"status-publish","4":"has-post-thumbnail","6":"product_cat-atlaides","7":"product_cat-9v","9":"first","10":"instock","11":"sale","12":"taxable","13":"shipping-taxable","14":"purchasable","15":"product-type-simple"},"jetpack_sharing_enabled":true,"_links":{"self":[{"href":"https:\/\/ddt.lv\/lv\/wp-json\/wp\/v2\/product\/34017"}],"collection":[{"href":"https:\/\/ddt.lv\/lv\/wp-json\/wp\/v2\/product"}],"about":[{"href":"https:\/\/ddt.lv\/lv\/wp-json\/wp\/v2\/types\/product"}],"replies":[{"embeddable":true,"href":"https:\/\/ddt.lv\/lv\/wp-json\/wp\/v2\/comments?post=34017"}],"wp:featuredmedia":[{"embeddable":true,"href":"https:\/\/ddt.lv\/lv\/wp-json\/wp\/v2\/media\/34029"}],"wp:attachment":[{"href":"https:\/\/ddt.lv\/lv\/wp-json\/wp\/v2\/media?parent=34017"}],"wp:term":[{"taxonomy":"product_cat","embeddable":true,"href":"https:\/\/ddt.lv\/lv\/wp-json\/wp\/v2\/product_cat?post=34017"},{"taxonomy":"product_tag","embeddable":true,"href":"https:\/\/ddt.lv\/lv\/wp-json\/wp\/v2\/product_tag?post=34017"},{"taxonomy":"yst_prominent_words","embeddable":true,"href":"https:\/\/ddt.lv\/lv\/wp-json\/wp\/v2\/yst_prominent_words?post=34017"}],"curies":[{"name":"wp","href":"https:\/\/api.w.org\/{rel}","templated":true}]}}