{"id":34016,"date":"2022-06-17T14:40:19","date_gmt":"2022-06-17T11:40:19","guid":{"rendered":"https:\/\/ddt.lv\/lv\/product\/dur-d-10-constant-procell-baterija-alkaline-tray10-10gb-industrial\/"},"modified":"2026-04-08T14:41:53","modified_gmt":"2026-04-08T11:41:53","slug":"dur-d-10-constant-procell-baterija-alkaline-tray10-10gb-industrial","status":"publish","type":"product","link":"https:\/\/ddt.lv\/lv\/product\/dur-d-10-constant-procell-baterija-alkaline-tray10-10gb-industrial\/","title":{"rendered":"DURACELL D\/10 Constant PROCELL baterija Alkaline Industrial"},"content":{"rendered":"<p><span class=\"JLqJ4b ChMk0b\" data-language-for-alternatives=\"lv\" data-language-to-translate-into=\"en\" data-phrase-index=\"0\" data-number-of-phrases=\"11\"><span class=\"Q4iAWc\">Ietaupiet savu biznesa naudu l\u012bdz pat 30%, p\u0101rejot uz Procell baterij\u0101m \u2014 Procell Constant Power ier\u012bc\u0113m ar zemu ener\u0123ijas pat\u0113ri\u0146u. <\/span><\/span><span class=\"JLqJ4b ChMk0b\" data-language-for-alternatives=\"lv\" data-language-to-translate-into=\"en\" data-phrase-index=\"2\" data-number-of-phrases=\"11\"><span class=\"Q4iAWc\">Izmantojiet l\u012bdz pat 30% maz\u0101k akumulatoru, p\u0101rejot uz Procell baterij\u0101m.<\/span><\/span> <span class=\"JLqJ4b ChMk0b\" data-language-for-alternatives=\"lv\" data-language-to-translate-into=\"en\" data-phrase-index=\"4\" data-number-of-phrases=\"11\"><span class=\"Q4iAWc\">Nodro\u0161ina ilg\u0101ku jaudu (sal\u012bdzin\u0101jum\u0101 ar iepriek\u0161\u0113j\u0101m Procell Alkaline D baterij\u0101m) profesion\u0101laj\u0101s ier\u012bc\u0113s ar zemu ener\u0123ijas pat\u0113ri\u0146u, k\u0101 rezult\u0101t\u0101 var tikt nomain\u012bts maz\u0101k bateriju un t\u0101d\u0113j\u0101di var ietaup\u012bt ar akumulatora nomai\u0146u saist\u012bt\u0101s darb\u012bbas izmaksas.<\/span><\/span><\/p>\n<p><span class=\"JLqJ4b ChMk0b\" data-language-for-alternatives=\"lv\" data-language-to-translate-into=\"en\" data-phrase-index=\"0\" data-number-of-phrases=\"4\"><span class=\"Q4iAWc\">\u0160is \u0113rtais 10 Duracell Procell D bateriju iepakojums ir lieliski piem\u0113rots, lai nodro\u0161in\u0101tu j\u016bsu darba vietu ar nepiecie\u0161amo jaudu.<\/span><\/span> <span class=\"JLqJ4b ChMk0b\" data-language-for-alternatives=\"lv\" data-language-to-translate-into=\"en\" data-phrase-index=\"1\" data-number-of-phrases=\"4\"><span class=\"Q4iAWc\">Katram Procell baterijai ir 7 gadu glab\u0101\u0161anas laiks, kas padara \u0161o iepakojumu lieliski piem\u0113rotu lieto\u0161anai \u0101rk\u0101rtas situ\u0101cij\u0101s.<\/span><\/span><\/p>\n<p><span class=\"JLqJ4b ChMk0b\" data-language-for-alternatives=\"lv\" data-language-to-translate-into=\"en\" data-phrase-index=\"2\" data-number-of-phrases=\"4\"><span class=\"Q4iAWc\">Procell D baterijai ir p\u0101rsteidzo\u0161a ietilp\u012bba, kas nodro\u0161in\u0101s j\u016bsu elektronisko ier\u012b\u010du darb\u012bbu, kad t\u0101s visvair\u0101k nepiecie\u0161amas.<\/span><\/span> <span class=\"JLqJ4b ChMk0b\" data-language-for-alternatives=\"lv\" data-language-to-translate-into=\"en\" data-phrase-index=\"3\" data-number-of-phrases=\"4\"><span class=\"Q4iAWc\">Procell baterijas ir paredz\u0113ti ilgsto\u0161ai lieto\u0161anai, un ar izcilu ra\u017eo\u0161anu un pla\u0161u temperat\u016bras darb\u012bbas diapazonu no -20\u00b0C l\u012bdz 54\u00b0C tie ir fantastiski noder\u012bgi j\u016bsu darba viet\u0101 jebkuros laika un temperat\u016bras apst\u0101k\u013cos. <\/span><\/span>(Cena nor\u0101d\u012bta p\u0113rkot 1 gab iepakojumu, iepakojum\u0101\u00a0\u00a0 baterijas &#8211; 10 gab.)<\/p>\n<p><\/p>","protected":false},"excerpt":{"rendered":"<p>Ietaupiet savu biznesa naudu l\u012bdz pat 30%, p\u0101rejot uz Procell baterij\u0101m \u2014 Procell Constant Power ier\u012bc\u0113m ar zemu ener\u0123ijas pat\u0113ri\u0146u. Izmantojiet l\u012bdz pat 30% maz\u0101k akumulatoru, p\u0101rejot uz Procell baterij\u0101m. Nodro\u0161ina ilg\u0101ku jaudu (sal\u012bdzin\u0101jum\u0101 ar iepriek\u0161\u0113j\u0101m Procell Alkaline D baterij\u0101m) profesion\u0101laj\u0101s ier\u012bc\u0113s ar zemu ener\u0123ijas pat\u0113ri\u0146u, k\u0101 rezult\u0101t\u0101 var tikt nomain\u012bts maz\u0101k bateriju un t\u0101d\u0113j\u0101di [&hellip;]<\/p>\n","protected":false},"featured_media":34027,"comment_status":"closed","ping_status":"closed","template":"","meta":{"inline_featured_image":false},"product_cat":[772,444],"product_tag":[],"yst_prominent_words":[],"class_list":{"0":"post-34016","1":"product","2":"type-product","3":"status-publish","4":"has-post-thumbnail","6":"product_cat-atlaides","7":"product_cat-d","9":"first","10":"instock","11":"sale","12":"taxable","13":"shipping-taxable","14":"purchasable","15":"product-type-simple"},"jetpack_sharing_enabled":true,"_links":{"self":[{"href":"https:\/\/ddt.lv\/lv\/wp-json\/wp\/v2\/product\/34016"}],"collection":[{"href":"https:\/\/ddt.lv\/lv\/wp-json\/wp\/v2\/product"}],"about":[{"href":"https:\/\/ddt.lv\/lv\/wp-json\/wp\/v2\/types\/product"}],"replies":[{"embeddable":true,"href":"https:\/\/ddt.lv\/lv\/wp-json\/wp\/v2\/comments?post=34016"}],"wp:featuredmedia":[{"embeddable":true,"href":"https:\/\/ddt.lv\/lv\/wp-json\/wp\/v2\/media\/34027"}],"wp:attachment":[{"href":"https:\/\/ddt.lv\/lv\/wp-json\/wp\/v2\/media?parent=34016"}],"wp:term":[{"taxonomy":"product_cat","embeddable":true,"href":"https:\/\/ddt.lv\/lv\/wp-json\/wp\/v2\/product_cat?post=34016"},{"taxonomy":"product_tag","embeddable":true,"href":"https:\/\/ddt.lv\/lv\/wp-json\/wp\/v2\/product_tag?post=34016"},{"taxonomy":"yst_prominent_words","embeddable":true,"href":"https:\/\/ddt.lv\/lv\/wp-json\/wp\/v2\/yst_prominent_words?post=34016"}],"curies":[{"name":"wp","href":"https:\/\/api.w.org\/{rel}","templated":true}]}}