{"id":34015,"date":"2022-06-17T14:40:18","date_gmt":"2022-06-17T11:40:18","guid":{"rendered":"https:\/\/ddt.lv\/lv\/product\/dur-c-10-constant-procell-baterija-alkaline-tray10-10gab-industrial\/"},"modified":"2026-04-09T12:00:28","modified_gmt":"2026-04-09T09:00:28","slug":"dur-c-10-constant-procell-baterija-alkaline-tray10-10gab-industrial","status":"publish","type":"product","link":"https:\/\/ddt.lv\/lv\/product\/dur-c-10-constant-procell-baterija-alkaline-tray10-10gab-industrial\/","title":{"rendered":"DURACELL C\/10 Constant PROCELL baterija Alkaline  Industrial"},"content":{"rendered":"<p>Duracell Procell Constant C baterijas ir da\u013ca no Duracell ra\u017eoto profesion\u0101lo s\u0101rma bateriju kl\u0101sta. Izstr\u0101d\u0101ti un lielapjoma iepakojumi biznesa un profesion\u0101liem galalietot\u0101jiem Duracell Procell Constant C baterijas pied\u0101v\u0101 uzlabotu veiktsp\u0113ju sal\u012bdzin\u0101jum\u0101 ar iepriek\u0161\u0113jo Duracell Industrial versiju. Bateriju nomai\u0146as rei\u017eu skaita samazin\u0101\u0161ana pal\u012bdz palielin\u0101t uz\u0146\u0113mumu un uz\u0146\u0113mumu rentabilit\u0101ti. Duracell Procell C baterijas ir ide\u0101li piem\u0113roti pla\u0161am lietojumu un nozaru kl\u0101stam, un tie ir lieliski piem\u0113roti slimn\u012bc\u0101m, skol\u0101m, higi\u0113nas, elektrotehnikas, in\u017eenierijas un profesion\u0101liem galalietot\u0101jiem un ori\u0123in\u0101lo iek\u0101rtu ra\u017eot\u0101jiem. Pietiekami iztur\u012bgs, lai darbotos no -20 l\u012bdz 54<strong>\u00b0C<\/strong> gr\u0101du temperat\u016bras diapazon\u0101, un pietiekami uzticams, lai saglab\u0101tu jaudu l\u012bdz 7 gadiem.<\/p>","protected":false},"excerpt":{"rendered":"<p>Duracell Procell Constant C baterijas ir da\u013ca no Duracell ra\u017eoto profesion\u0101lo s\u0101rma bateriju kl\u0101sta. Izstr\u0101d\u0101ti un lielapjoma iepakojumi biznesa un profesion\u0101liem galalietot\u0101jiem Duracell Procell Constant C baterijas pied\u0101v\u0101 uzlabotu veiktsp\u0113ju sal\u012bdzin\u0101jum\u0101 ar iepriek\u0161\u0113jo Duracell Industrial versiju. Bateriju nomai\u0146as rei\u017eu skaita samazin\u0101\u0161ana pal\u012bdz palielin\u0101t uz\u0146\u0113mumu un uz\u0146\u0113mumu rentabilit\u0101ti. Duracell Procell C baterijas ir ide\u0101li piem\u0113roti pla\u0161am [&hellip;]<\/p>\n","protected":false},"featured_media":34023,"comment_status":"closed","ping_status":"closed","template":"","meta":{"inline_featured_image":false},"product_cat":[443],"product_tag":[],"yst_prominent_words":[],"class_list":{"0":"post-34015","1":"product","2":"type-product","3":"status-publish","4":"has-post-thumbnail","6":"product_cat-c","8":"first","9":"instock","10":"taxable","11":"shipping-taxable","12":"purchasable","13":"product-type-simple"},"jetpack_sharing_enabled":true,"_links":{"self":[{"href":"https:\/\/ddt.lv\/lv\/wp-json\/wp\/v2\/product\/34015"}],"collection":[{"href":"https:\/\/ddt.lv\/lv\/wp-json\/wp\/v2\/product"}],"about":[{"href":"https:\/\/ddt.lv\/lv\/wp-json\/wp\/v2\/types\/product"}],"replies":[{"embeddable":true,"href":"https:\/\/ddt.lv\/lv\/wp-json\/wp\/v2\/comments?post=34015"}],"wp:featuredmedia":[{"embeddable":true,"href":"https:\/\/ddt.lv\/lv\/wp-json\/wp\/v2\/media\/34023"}],"wp:attachment":[{"href":"https:\/\/ddt.lv\/lv\/wp-json\/wp\/v2\/media?parent=34015"}],"wp:term":[{"taxonomy":"product_cat","embeddable":true,"href":"https:\/\/ddt.lv\/lv\/wp-json\/wp\/v2\/product_cat?post=34015"},{"taxonomy":"product_tag","embeddable":true,"href":"https:\/\/ddt.lv\/lv\/wp-json\/wp\/v2\/product_tag?post=34015"},{"taxonomy":"yst_prominent_words","embeddable":true,"href":"https:\/\/ddt.lv\/lv\/wp-json\/wp\/v2\/yst_prominent_words?post=34015"}],"curies":[{"name":"wp","href":"https:\/\/api.w.org\/{rel}","templated":true}]}}