{"id":34013,"date":"2022-06-17T14:40:17","date_gmt":"2022-06-17T11:40:17","guid":{"rendered":"https:\/\/ddt.lv\/lv\/product\/dur-aaa-10-constant-procell-baterija-alkaline-industrial-10gb\/"},"modified":"2026-04-13T10:02:04","modified_gmt":"2026-04-13T07:02:04","slug":"dur-aaa-10-constant-procell-baterija-alkaline-industrial-10gb","status":"publish","type":"product","link":"https:\/\/ddt.lv\/lv\/product\/dur-aaa-10-constant-procell-baterija-alkaline-industrial-10gb\/","title":{"rendered":"DURACELL AAA\/10 Constant PROCELL baterija Alkaline Industrial"},"content":{"rendered":"<p>Daudzveid\u012bga baterija, kas tiek izmantots daudz\u0101s m\u0101jsaimniec\u012bbas ier\u012bc\u0113s un nodro\u0161in\u0101s ide\u0101lu risin\u0101jumu, ja nepiecie\u0161ama stabila jauda. 7 gadu uzglab\u0101\u0161anas laiks nodro\u0161ina ilgm\u016b\u017e\u012bbu un uzticamu darb\u012bbu jums \u0113rt\u0101 laik\u0101.<br \/>\nSp\u0113j darboties ekstrem\u0101l\u0101s temperat\u016br\u0101s, padarot Procells par uzticamu izv\u0113li jebkur\u0101 klimat\u0101, jebkuros laika apst\u0101k\u013cos. (Cena nor\u0101d\u012bta p\u0113rkot 1 gab iepakojumu, iepakojum\u0101 baterijas &#8211; 10 gab.)<\/p>","protected":false},"excerpt":{"rendered":"<p>Daudzveid\u012bga baterija, kas tiek izmantots daudz\u0101s m\u0101jsaimniec\u012bbas ier\u012bc\u0113s un nodro\u0161in\u0101s ide\u0101lu risin\u0101jumu, ja nepiecie\u0161ama stabila jauda. 7 gadu uzglab\u0101\u0161anas laiks nodro\u0161ina ilgm\u016b\u017e\u012bbu un uzticamu darb\u012bbu jums \u0113rt\u0101 laik\u0101. Sp\u0113j darboties ekstrem\u0101l\u0101s temperat\u016br\u0101s, padarot Procells par uzticamu izv\u0113li jebkur\u0101 klimat\u0101, jebkuros laika apst\u0101k\u013cos. (Cena nor\u0101d\u012bta p\u0113rkot 1 gab iepakojumu, iepakojum\u0101 baterijas &#8211; 10 gab.)<\/p>\n","protected":false},"featured_media":34018,"comment_status":"closed","ping_status":"closed","template":"","meta":{"inline_featured_image":false},"product_cat":[772,442],"product_tag":[],"yst_prominent_words":[],"class_list":{"0":"post-34013","1":"product","2":"type-product","3":"status-publish","4":"has-post-thumbnail","6":"product_cat-atlaides","7":"product_cat-aaa","9":"first","10":"instock","11":"sale","12":"taxable","13":"shipping-taxable","14":"purchasable","15":"product-type-simple"},"jetpack_sharing_enabled":true,"_links":{"self":[{"href":"https:\/\/ddt.lv\/lv\/wp-json\/wp\/v2\/product\/34013"}],"collection":[{"href":"https:\/\/ddt.lv\/lv\/wp-json\/wp\/v2\/product"}],"about":[{"href":"https:\/\/ddt.lv\/lv\/wp-json\/wp\/v2\/types\/product"}],"replies":[{"embeddable":true,"href":"https:\/\/ddt.lv\/lv\/wp-json\/wp\/v2\/comments?post=34013"}],"wp:featuredmedia":[{"embeddable":true,"href":"https:\/\/ddt.lv\/lv\/wp-json\/wp\/v2\/media\/34018"}],"wp:attachment":[{"href":"https:\/\/ddt.lv\/lv\/wp-json\/wp\/v2\/media?parent=34013"}],"wp:term":[{"taxonomy":"product_cat","embeddable":true,"href":"https:\/\/ddt.lv\/lv\/wp-json\/wp\/v2\/product_cat?post=34013"},{"taxonomy":"product_tag","embeddable":true,"href":"https:\/\/ddt.lv\/lv\/wp-json\/wp\/v2\/product_tag?post=34013"},{"taxonomy":"yst_prominent_words","embeddable":true,"href":"https:\/\/ddt.lv\/lv\/wp-json\/wp\/v2\/yst_prominent_words?post=34013"}],"curies":[{"name":"wp","href":"https:\/\/api.w.org\/{rel}","templated":true}]}}