{"id":33953,"date":"2022-06-10T15:06:06","date_gmt":"2022-06-10T12:06:06","guid":{"rendered":"https:\/\/ddt.lv\/lv\/product\/universalais-adapteris-usb-2250ma-in-100-240v-out-3-12v-emos\/"},"modified":"2026-04-08T14:30:56","modified_gmt":"2026-04-08T11:30:56","slug":"universalais-adapteris-usb-2250ma-in-100-240v-out-3-12v-emos","status":"publish","type":"product","link":"https:\/\/ddt.lv\/lv\/product\/universalais-adapteris-usb-2250ma-in-100-240v-out-3-12v-emos\/","title":{"rendered":"Univers\u0101lais adapteris +USB 2250mA (IN 100-240V\/OUT 3-12V) EMOS"},"content":{"rendered":"<p><span class=\"JLqJ4b ChMk0b\" data-language-for-alternatives=\"lv\" data-language-to-translate-into=\"sk\" data-phrase-index=\"0\" data-number-of-phrases=\"5\"><span class=\"Q4iAWc\">Univers\u0101ls baro\u0161anas bloks digit\u0101lo kameru, CD atska\u0146ot\u0101ju, MP3 atska\u0146ot\u0101ju utt.<\/span><\/span> uzl\u0101dei, baro\u0161anai. <span class=\"JLqJ4b ChMk0b\" data-language-for-alternatives=\"lv\" data-language-to-translate-into=\"sk\" data-phrase-index=\"1\" data-number-of-phrases=\"5\"><span class=\"Q4iAWc\">Tas nodro\u0161ina baro\u0161anu no 100-240 V, 50-60 Hz.<\/span><\/span> <span class=\"JLqJ4b ChMk0b\" data-language-for-alternatives=\"lv\" data-language-to-translate-into=\"sk\" data-phrase-index=\"2\" data-number-of-phrases=\"5\"><span class=\"Q4iAWc\">Izejas l\u012bdzstr\u0101vas spriegums 3V, 4,5V, 5V, 6V, 7,5V, 9V, 12V \/ 1000 mA.<\/span><\/span> <span class=\"JLqJ4b ChMk0b\" data-language-for-alternatives=\"lv\" data-language-to-translate-into=\"sk\" data-phrase-index=\"3\" data-number-of-phrases=\"5\"><span class=\"Q4iAWc\">Rot\u0101cijas sprieguma sl\u0113dzis, main\u0101mi str\u0101vas savienot\u0101ji. No\u0146emami USB str\u0101vas savienot\u0101ji: USB ligzda A tips, Mini USB spraudnis.<\/span><\/span><\/p>","protected":false},"excerpt":{"rendered":"<p>Univers\u0101ls baro\u0161anas bloks digit\u0101lo kameru, CD atska\u0146ot\u0101ju, MP3 atska\u0146ot\u0101ju utt. uzl\u0101dei, baro\u0161anai. Tas nodro\u0161ina baro\u0161anu no 100-240 V, 50-60 Hz. Izejas l\u012bdzstr\u0101vas spriegums 3V, 4,5V, 5V, 6V, 7,5V, 9V, 12V \/ 1000 mA. Rot\u0101cijas sprieguma sl\u0113dzis, main\u0101mi str\u0101vas savienot\u0101ji. No\u0146emami USB str\u0101vas savienot\u0101ji: USB ligzda A tips, Mini USB spraudnis.<\/p>\n","protected":false},"featured_media":33957,"comment_status":"closed","ping_status":"closed","template":"","meta":{"inline_featured_image":false},"product_cat":[744],"product_tag":[],"yst_prominent_words":[],"class_list":{"0":"post-33953","1":"product","2":"type-product","3":"status-publish","4":"has-post-thumbnail","6":"product_cat-mobilo-telefonu-ladetaji-usb","8":"first","9":"instock","10":"taxable","11":"shipping-taxable","12":"purchasable","13":"product-type-simple"},"jetpack_sharing_enabled":true,"_links":{"self":[{"href":"https:\/\/ddt.lv\/lv\/wp-json\/wp\/v2\/product\/33953"}],"collection":[{"href":"https:\/\/ddt.lv\/lv\/wp-json\/wp\/v2\/product"}],"about":[{"href":"https:\/\/ddt.lv\/lv\/wp-json\/wp\/v2\/types\/product"}],"replies":[{"embeddable":true,"href":"https:\/\/ddt.lv\/lv\/wp-json\/wp\/v2\/comments?post=33953"}],"wp:featuredmedia":[{"embeddable":true,"href":"https:\/\/ddt.lv\/lv\/wp-json\/wp\/v2\/media\/33957"}],"wp:attachment":[{"href":"https:\/\/ddt.lv\/lv\/wp-json\/wp\/v2\/media?parent=33953"}],"wp:term":[{"taxonomy":"product_cat","embeddable":true,"href":"https:\/\/ddt.lv\/lv\/wp-json\/wp\/v2\/product_cat?post=33953"},{"taxonomy":"product_tag","embeddable":true,"href":"https:\/\/ddt.lv\/lv\/wp-json\/wp\/v2\/product_tag?post=33953"},{"taxonomy":"yst_prominent_words","embeddable":true,"href":"https:\/\/ddt.lv\/lv\/wp-json\/wp\/v2\/yst_prominent_words?post=33953"}],"curies":[{"name":"wp","href":"https:\/\/api.w.org\/{rel}","templated":true}]}}