{"id":33929,"date":"2022-06-08T15:10:33","date_gmt":"2022-06-08T12:10:33","guid":{"rendered":"https:\/\/ddt.lv\/lv\/product\/cef14-ladejama-ierice-2xaa-1300mah-2xaaa-750mah-duracell\/"},"modified":"2026-04-13T10:00:49","modified_gmt":"2026-04-13T07:00:49","slug":"cef14-ladejama-ierice-2xaa-1300mah-2xaaa-750mah-duracell","status":"publish","type":"product","link":"https:\/\/ddt.lv\/lv\/product\/cef14-ladejama-ierice-2xaa-1300mah-2xaaa-750mah-duracell\/","title":{"rendered":"CEF14 L\u0101d\u0113jam\u0101 ier\u012bce +2xAA 1300mAh+2xAAA 750mAh DURACELL"},"content":{"rendered":"<p>L\u0101d\u0113t\u0101js vis\u0101m vajadz\u012bb\u0101m. Vienlaic\u012bgi uzl\u0101d\u0113 da\u017e\u0101dus izm\u0113rus. Ar LED uzl\u0101des indikatoru. Komplekt\u0101 iek\u013cauts: l\u0101d\u0113t\u0101js ar 2 AA 1.300 mAh akumulatoriem + 2AAA 750 mAh akumulatoriem.<\/p>","protected":false},"excerpt":{"rendered":"<p>L\u0101d\u0113t\u0101js vis\u0101m vajadz\u012bb\u0101m. Vienlaic\u012bgi uzl\u0101d\u0113 da\u017e\u0101dus izm\u0113rus. Ar LED uzl\u0101des indikatoru. Komplekt\u0101 iek\u013cauts: l\u0101d\u0113t\u0101js ar 2 AA 1.300 mAh akumulatoriem + 2AAA 750 mAh akumulatoriem.<\/p>\n","protected":false},"featured_media":33934,"comment_status":"closed","ping_status":"closed","template":"","meta":{"inline_featured_image":false},"product_cat":[453],"product_tag":[],"yst_prominent_words":[],"class_list":{"0":"post-33929","1":"product","2":"type-product","3":"status-publish","4":"has-post-thumbnail","6":"product_cat-ladesanas-ierices","8":"first","9":"instock","10":"taxable","11":"shipping-taxable","12":"purchasable","13":"product-type-simple"},"jetpack_sharing_enabled":true,"_links":{"self":[{"href":"https:\/\/ddt.lv\/lv\/wp-json\/wp\/v2\/product\/33929"}],"collection":[{"href":"https:\/\/ddt.lv\/lv\/wp-json\/wp\/v2\/product"}],"about":[{"href":"https:\/\/ddt.lv\/lv\/wp-json\/wp\/v2\/types\/product"}],"replies":[{"embeddable":true,"href":"https:\/\/ddt.lv\/lv\/wp-json\/wp\/v2\/comments?post=33929"}],"wp:featuredmedia":[{"embeddable":true,"href":"https:\/\/ddt.lv\/lv\/wp-json\/wp\/v2\/media\/33934"}],"wp:attachment":[{"href":"https:\/\/ddt.lv\/lv\/wp-json\/wp\/v2\/media?parent=33929"}],"wp:term":[{"taxonomy":"product_cat","embeddable":true,"href":"https:\/\/ddt.lv\/lv\/wp-json\/wp\/v2\/product_cat?post=33929"},{"taxonomy":"product_tag","embeddable":true,"href":"https:\/\/ddt.lv\/lv\/wp-json\/wp\/v2\/product_tag?post=33929"},{"taxonomy":"yst_prominent_words","embeddable":true,"href":"https:\/\/ddt.lv\/lv\/wp-json\/wp\/v2\/yst_prominent_words?post=33929"}],"curies":[{"name":"wp","href":"https:\/\/api.w.org\/{rel}","templated":true}]}}