{"id":33928,"date":"2022-06-08T15:00:27","date_gmt":"2022-06-08T12:00:27","guid":{"rendered":"https:\/\/ddt.lv\/lv\/product\/57958-sienas-ladetajs-2xusb-1xusb-c-tipa-bl1-varta\/"},"modified":"2026-04-13T09:55:44","modified_gmt":"2026-04-13T06:55:44","slug":"57958-sienas-ladetajs-2xusb-1xusb-c-tipa-bl1-varta","status":"publish","type":"product","link":"https:\/\/ddt.lv\/lv\/product\/57958-sienas-ladetajs-2xusb-1xusb-c-tipa-bl1-varta\/","title":{"rendered":"57958 SIENAS L\u0100D\u0112T\u0100JS 2xUSB 1xUSB C TIPA BL1 VARTA"},"content":{"rendered":"<p>Kompakts un jaud\u012bgs spraudkontakta l\u0101d\u0113t\u0101js ar 5,4 A (27 W). USB-C un 2 USB izejas \u0101trai vienlaic\u012bgai 3 ier\u012b\u010du uzl\u0101dei. Uzl\u0101d\u0113 gandr\u012bz visas USB iesp\u0113jot\u0101s ier\u012bces ar maksim\u0101lo \u0101trumu.<br \/>\n1x USB-C 5V \/ 3.0A , 2x USB 5V \/ 2.4A , 5.4A \/ 27W. Var izmantot vienlaic\u012bgi visos portos.<\/p>","protected":false},"excerpt":{"rendered":"<p>Kompakts un jaud\u012bgs spraudkontakta l\u0101d\u0113t\u0101js ar 5,4 A (27 W). USB-C un 2 USB izejas \u0101trai vienlaic\u012bgai 3 ier\u012b\u010du uzl\u0101dei. Uzl\u0101d\u0113 gandr\u012bz visas USB iesp\u0113jot\u0101s ier\u012bces ar maksim\u0101lo \u0101trumu. 1x USB-C 5V \/ 3.0A , 2x USB 5V \/ 2.4A , 5.4A \/ 27W. Var izmantot vienlaic\u012bgi visos portos.<\/p>\n","protected":false},"featured_media":33931,"comment_status":"closed","ping_status":"closed","template":"","meta":{"inline_featured_image":false},"product_cat":[744],"product_tag":[],"yst_prominent_words":[],"class_list":{"0":"post-33928","1":"product","2":"type-product","3":"status-publish","4":"has-post-thumbnail","6":"product_cat-mobilo-telefonu-ladetaji-usb","8":"first","9":"outofstock","10":"taxable","11":"shipping-taxable","12":"purchasable","13":"product-type-simple"},"jetpack_sharing_enabled":true,"_links":{"self":[{"href":"https:\/\/ddt.lv\/lv\/wp-json\/wp\/v2\/product\/33928"}],"collection":[{"href":"https:\/\/ddt.lv\/lv\/wp-json\/wp\/v2\/product"}],"about":[{"href":"https:\/\/ddt.lv\/lv\/wp-json\/wp\/v2\/types\/product"}],"replies":[{"embeddable":true,"href":"https:\/\/ddt.lv\/lv\/wp-json\/wp\/v2\/comments?post=33928"}],"wp:featuredmedia":[{"embeddable":true,"href":"https:\/\/ddt.lv\/lv\/wp-json\/wp\/v2\/media\/33931"}],"wp:attachment":[{"href":"https:\/\/ddt.lv\/lv\/wp-json\/wp\/v2\/media?parent=33928"}],"wp:term":[{"taxonomy":"product_cat","embeddable":true,"href":"https:\/\/ddt.lv\/lv\/wp-json\/wp\/v2\/product_cat?post=33928"},{"taxonomy":"product_tag","embeddable":true,"href":"https:\/\/ddt.lv\/lv\/wp-json\/wp\/v2\/product_tag?post=33928"},{"taxonomy":"yst_prominent_words","embeddable":true,"href":"https:\/\/ddt.lv\/lv\/wp-json\/wp\/v2\/yst_prominent_words?post=33928"}],"curies":[{"name":"wp","href":"https:\/\/api.w.org\/{rel}","templated":true}]}}