{"id":33915,"date":"2022-06-08T13:10:18","date_gmt":"2022-06-08T10:10:18","guid":{"rendered":"https:\/\/ddt.lv\/lv\/product\/57651-bateriju-accu-ladetajs-varta-value-usb-duo\/"},"modified":"2026-04-08T14:42:53","modified_gmt":"2026-04-08T11:42:53","slug":"57651-bateriju-accu-ladetajs-varta-value-usb-duo","status":"publish","type":"product","link":"https:\/\/ddt.lv\/lv\/product\/57651-bateriju-accu-ladetajs-varta-value-usb-duo\/","title":{"rendered":"57651 Bateriju (Accu) l\u0101d\u0113t\u0101js VARTA Value USB Duo"},"content":{"rendered":"<p>Varta VALUE USB DUO Mini l\u0101d\u0113t\u0101js. Akumulatoru tipa bateriju l\u0101d\u0113t\u0101js, kur\u0161 darbojas no USB baro\u0161anas. Savietojams ar atk\u0101rtoti uzl\u0101d\u0113jam\u0101m Ni-MH AA un AAA baterij\u0101m. Micro USB baro\u0161anas vads kompl\u0113kt\u0101 nav iek\u013cauts. Komplekt\u0101 iek\u013cauti 2 akumulatori Ni-MH &#8211; AAA 800mAh.<\/p>","protected":false},"excerpt":{"rendered":"<p>Varta VALUE USB DUO Mini l\u0101d\u0113t\u0101js. Akumulatoru tipa bateriju l\u0101d\u0113t\u0101js, kur\u0161 darbojas no USB baro\u0161anas. Savietojams ar atk\u0101rtoti uzl\u0101d\u0113jam\u0101m Ni-MH AA un AAA baterij\u0101m. Micro USB baro\u0161anas vads kompl\u0113kt\u0101 nav iek\u013cauts. Komplekt\u0101 iek\u013cauti 2 akumulatori Ni-MH &#8211; AAA 800mAh.<\/p>\n","protected":false},"featured_media":33920,"comment_status":"closed","ping_status":"closed","template":"","meta":{"inline_featured_image":false},"product_cat":[772,453],"product_tag":[],"yst_prominent_words":[],"class_list":{"0":"post-33915","1":"product","2":"type-product","3":"status-publish","4":"has-post-thumbnail","6":"product_cat-atlaides","7":"product_cat-ladesanas-ierices","9":"first","10":"instock","11":"sale","12":"taxable","13":"shipping-taxable","14":"purchasable","15":"product-type-simple"},"jetpack_sharing_enabled":true,"_links":{"self":[{"href":"https:\/\/ddt.lv\/lv\/wp-json\/wp\/v2\/product\/33915"}],"collection":[{"href":"https:\/\/ddt.lv\/lv\/wp-json\/wp\/v2\/product"}],"about":[{"href":"https:\/\/ddt.lv\/lv\/wp-json\/wp\/v2\/types\/product"}],"replies":[{"embeddable":true,"href":"https:\/\/ddt.lv\/lv\/wp-json\/wp\/v2\/comments?post=33915"}],"wp:featuredmedia":[{"embeddable":true,"href":"https:\/\/ddt.lv\/lv\/wp-json\/wp\/v2\/media\/33920"}],"wp:attachment":[{"href":"https:\/\/ddt.lv\/lv\/wp-json\/wp\/v2\/media?parent=33915"}],"wp:term":[{"taxonomy":"product_cat","embeddable":true,"href":"https:\/\/ddt.lv\/lv\/wp-json\/wp\/v2\/product_cat?post=33915"},{"taxonomy":"product_tag","embeddable":true,"href":"https:\/\/ddt.lv\/lv\/wp-json\/wp\/v2\/product_tag?post=33915"},{"taxonomy":"yst_prominent_words","embeddable":true,"href":"https:\/\/ddt.lv\/lv\/wp-json\/wp\/v2\/yst_prominent_words?post=33915"}],"curies":[{"name":"wp","href":"https:\/\/api.w.org\/{rel}","templated":true}]}}