{"id":33912,"date":"2022-06-08T12:00:26","date_gmt":"2022-06-08T09:00:26","guid":{"rendered":"https:\/\/ddt.lv\/lv\/product\/led-prozektors-melns-pir-50w-4k-4700lm-ip65ik07-syl\/"},"modified":"2026-04-01T00:10:51","modified_gmt":"2026-03-31T21:10:51","slug":"led-prozektors-melns-pir-50w-4k-4700lm-ip65ik07-syl","status":"publish","type":"product","link":"https:\/\/ddt.lv\/lv\/product\/led-prozektors-melns-pir-50w-4k-4700lm-ip65ik07-syl\/","title":{"rendered":"LED pro\u017eektors melns PIR 50W 4K 4700lm IP65,IK07 SYL"},"content":{"rendered":"<p>LED pro\u017eektors ar PIR, IP44, 4700 lm, 50 W, 4000 K, staru le\u0146\u0137is 100\u00b0, melns lieta alum\u012bnija korpuss, 82 mm \u00d7 221 mm \u00d7 268 mm, 30 000 stundu kalpo\u0161anas laiks. PIR: darb\u012bbas att\u0101lums 8 m, noteik\u0161anas le\u0146\u0137is 120\u00b0, regul\u0113jams apgaismojuma slieksnis (lux) 0\u20131000 lux, regul\u0113jams darb\u012bbas laiks 10 s \u2013 12 min.<\/p>","protected":false},"excerpt":{"rendered":"<p>LED pro\u017eektors ar PIR, IP44, 4700 lm, 50 W, 4000 K, staru le\u0146\u0137is 100\u00b0, melns lieta alum\u012bnija korpuss, 82 mm \u00d7 221 mm \u00d7 268 mm, 30 000 stundu kalpo\u0161anas laiks. PIR: darb\u012bbas att\u0101lums 8 m, noteik\u0161anas le\u0146\u0137is 120\u00b0, regul\u0113jams apgaismojuma slieksnis (lux) 0\u20131000 lux, regul\u0113jams darb\u012bbas laiks 10 s \u2013 12 min.<\/p>\n","protected":false},"featured_media":33913,"comment_status":"closed","ping_status":"closed","template":"","meta":{"inline_featured_image":false},"product_cat":[772,908],"product_tag":[],"yst_prominent_words":[],"class_list":{"0":"post-33912","1":"product","2":"type-product","3":"status-publish","4":"has-post-thumbnail","6":"product_cat-atlaides","7":"product_cat-led-prozektori","9":"first","10":"instock","11":"sale","12":"taxable","13":"shipping-taxable","14":"purchasable","15":"product-type-simple"},"jetpack_sharing_enabled":true,"_links":{"self":[{"href":"https:\/\/ddt.lv\/lv\/wp-json\/wp\/v2\/product\/33912"}],"collection":[{"href":"https:\/\/ddt.lv\/lv\/wp-json\/wp\/v2\/product"}],"about":[{"href":"https:\/\/ddt.lv\/lv\/wp-json\/wp\/v2\/types\/product"}],"replies":[{"embeddable":true,"href":"https:\/\/ddt.lv\/lv\/wp-json\/wp\/v2\/comments?post=33912"}],"wp:featuredmedia":[{"embeddable":true,"href":"https:\/\/ddt.lv\/lv\/wp-json\/wp\/v2\/media\/33913"}],"wp:attachment":[{"href":"https:\/\/ddt.lv\/lv\/wp-json\/wp\/v2\/media?parent=33912"}],"wp:term":[{"taxonomy":"product_cat","embeddable":true,"href":"https:\/\/ddt.lv\/lv\/wp-json\/wp\/v2\/product_cat?post=33912"},{"taxonomy":"product_tag","embeddable":true,"href":"https:\/\/ddt.lv\/lv\/wp-json\/wp\/v2\/product_tag?post=33912"},{"taxonomy":"yst_prominent_words","embeddable":true,"href":"https:\/\/ddt.lv\/lv\/wp-json\/wp\/v2\/yst_prominent_words?post=33912"}],"curies":[{"name":"wp","href":"https:\/\/api.w.org\/{rel}","templated":true}]}}