{"id":33904,"date":"2022-06-07T07:30:25","date_gmt":"2022-06-07T04:30:25","guid":{"rendered":"https:\/\/ddt.lv\/lv\/product\/led-projektors10w-ip65-700-lm-3000k-40mm-melns\/"},"modified":"2026-04-08T14:27:50","modified_gmt":"2026-04-08T11:27:50","slug":"led-projektors10w-ip65-700-lm-3000k-40mm-melns","status":"publish","type":"product","link":"https:\/\/ddt.lv\/lv\/product\/led-projektors10w-ip65-700-lm-3000k-40mm-melns\/","title":{"rendered":"LED projektors10W IP65 700 Lm 3000K 40mm melns"},"content":{"rendered":"<p>Led pro\u017eektors no viena no liel\u0101kajiem un sen\u0101kajiem apgaismojuma ra\u017eot\u0101jiem ZeXt.<\/p>\n<p><span class=\"JLqJ4b ChMk0b\" data-language-for-alternatives=\"lv\" data-language-to-translate-into=\"cs\" data-phrase-index=\"0\" data-number-of-phrases=\"4\"><span class=\"Q4iAWc\">Pro\u017eektors ar LED diod\u0113m ar gaismas pl\u016bsmu l\u012bdz 700 lm.<\/span><\/span>\u00a0<span class=\"JLqJ4b ChMk0b\" data-language-for-alternatives=\"lv\" data-language-to-translate-into=\"cs\" data-phrase-index=\"1\" data-number-of-phrases=\"4\"><span class=\"Q4iAWc\">Darba temperat\u016bra diapazon\u0101 no gal\u0113j\u0101s -20\u00b0C l\u012bdz +40\u00b0C. A<\/span><\/span><span class=\"JLqJ4b ChMk0b\" data-language-for-alternatives=\"lv\" data-language-to-translate-into=\"cs\" data-phrase-index=\"2\" data-number-of-phrases=\"4\"><span class=\"Q4iAWc\">izsardz\u012bba, kas aizsarg\u0101 ier\u012bci pret meh\u0101niskiem triecieniem.<\/span><\/span> <span class=\"JLqJ4b ChMk0b\" data-language-for-alternatives=\"lv\" data-language-to-translate-into=\"cs\" data-phrase-index=\"3\" data-number-of-phrases=\"4\"><span class=\"Q4iAWc\">\u00a010W neitr\u0101ls balts, Izmantojot virsmas stiprin\u0101jumu, iesp\u0113jams piestiprin\u0101t da\u017e\u0101d\u0101m virsm\u0101m,\u00a0 pateicoties pozicion\u0113\u0161anas stat\u012bvam, iesp\u0113jams iestat\u012bt v\u0113lamaj\u0101 poz\u012bcij\u0101. Kr\u0101su temperat\u016bra 3 000 K.\u00a0<\/span><\/span><\/p>","protected":false},"excerpt":{"rendered":"<p>Led pro\u017eektors no viena no liel\u0101kajiem un sen\u0101kajiem apgaismojuma ra\u017eot\u0101jiem ZeXt. Pro\u017eektors ar LED diod\u0113m ar gaismas pl\u016bsmu l\u012bdz 700 lm.\u00a0Darba temperat\u016bra diapazon\u0101 no gal\u0113j\u0101s -20\u00b0C l\u012bdz +40\u00b0C. Aizsardz\u012bba, kas aizsarg\u0101 ier\u012bci pret meh\u0101niskiem triecieniem. \u00a010W neitr\u0101ls balts, Izmantojot virsmas stiprin\u0101jumu, iesp\u0113jams piestiprin\u0101t da\u017e\u0101d\u0101m virsm\u0101m,\u00a0 pateicoties pozicion\u0113\u0161anas stat\u012bvam, iesp\u0113jams iestat\u012bt v\u0113lamaj\u0101 poz\u012bcij\u0101. Kr\u0101su temperat\u016bra 3 [&hellip;]<\/p>\n","protected":false},"featured_media":33905,"comment_status":"closed","ping_status":"closed","template":"","meta":{"inline_featured_image":false},"product_cat":[772,908],"product_tag":[],"yst_prominent_words":[],"class_list":{"0":"post-33904","1":"product","2":"type-product","3":"status-publish","4":"has-post-thumbnail","6":"product_cat-atlaides","7":"product_cat-led-prozektori","9":"first","10":"instock","11":"sale","12":"taxable","13":"shipping-taxable","14":"purchasable","15":"product-type-simple"},"jetpack_sharing_enabled":true,"_links":{"self":[{"href":"https:\/\/ddt.lv\/lv\/wp-json\/wp\/v2\/product\/33904"}],"collection":[{"href":"https:\/\/ddt.lv\/lv\/wp-json\/wp\/v2\/product"}],"about":[{"href":"https:\/\/ddt.lv\/lv\/wp-json\/wp\/v2\/types\/product"}],"replies":[{"embeddable":true,"href":"https:\/\/ddt.lv\/lv\/wp-json\/wp\/v2\/comments?post=33904"}],"wp:featuredmedia":[{"embeddable":true,"href":"https:\/\/ddt.lv\/lv\/wp-json\/wp\/v2\/media\/33905"}],"wp:attachment":[{"href":"https:\/\/ddt.lv\/lv\/wp-json\/wp\/v2\/media?parent=33904"}],"wp:term":[{"taxonomy":"product_cat","embeddable":true,"href":"https:\/\/ddt.lv\/lv\/wp-json\/wp\/v2\/product_cat?post=33904"},{"taxonomy":"product_tag","embeddable":true,"href":"https:\/\/ddt.lv\/lv\/wp-json\/wp\/v2\/product_tag?post=33904"},{"taxonomy":"yst_prominent_words","embeddable":true,"href":"https:\/\/ddt.lv\/lv\/wp-json\/wp\/v2\/yst_prominent_words?post=33904"}],"curies":[{"name":"wp","href":"https:\/\/api.w.org\/{rel}","templated":true}]}}