{"id":33896,"date":"2022-06-06T23:30:27","date_gmt":"2022-06-06T20:30:27","guid":{"rendered":"https:\/\/ddt.lv\/lv\/product\/led-prozektors-30w-ip65-6400k-melns-zext\/"},"modified":"2026-04-08T14:27:28","modified_gmt":"2026-04-08T11:27:28","slug":"led-prozektors-30w-ip65-6400k-melns-zext","status":"publish","type":"product","link":"https:\/\/ddt.lv\/lv\/product\/led-prozektors-30w-ip65-6400k-melns-zext\/","title":{"rendered":"LED pro\u017eektors 30W IP65 6400K melns ZEXT"},"content":{"rendered":"<p><span class=\"JLqJ4b ChMk0b\" data-language-for-alternatives=\"lv\" data-language-to-translate-into=\"cs\" data-phrase-index=\"0\" data-number-of-phrases=\"4\"><span class=\"Q4iAWc\">Led pro\u017eektors no viena no liel\u0101kajiem un sen\u0101kajiem apgaismojuma ra\u017eot\u0101jiem ZeXt. Pro\u017eektors ar LED diod\u0113m, d<\/span><\/span><span class=\"JLqJ4b ChMk0b\" data-language-for-alternatives=\"lv\" data-language-to-translate-into=\"cs\" data-phrase-index=\"1\" data-number-of-phrases=\"4\"><span class=\"Q4iAWc\">arba temperat\u016bra diapazon\u0101 no gal\u0113j\u0101s -20\u00b0C l\u012bdz +40\u00b0C.<\/span><\/span> 3<span class=\"JLqJ4b ChMk0b\" data-language-for-alternatives=\"lv\" data-language-to-translate-into=\"cs\" data-phrase-index=\"3\" data-number-of-phrases=\"4\"><span class=\"Q4iAWc\">0 W neitr\u0101ls balts, pateicoties pozicion\u0113\u0161anas stat\u012bvam, iesp\u0113jams iestat\u012bt v\u0113lamaj\u0101 poz\u012bcij\u0101. \u00a0Kr\u0101su temperat\u016bra 6400 K.\u00a0<\/span><\/span><\/p>","protected":false},"excerpt":{"rendered":"<p>Led pro\u017eektors no viena no liel\u0101kajiem un sen\u0101kajiem apgaismojuma ra\u017eot\u0101jiem ZeXt. Pro\u017eektors ar LED diod\u0113m, darba temperat\u016bra diapazon\u0101 no gal\u0113j\u0101s -20\u00b0C l\u012bdz +40\u00b0C. 30 W neitr\u0101ls balts, pateicoties pozicion\u0113\u0161anas stat\u012bvam, iesp\u0113jams iestat\u012bt v\u0113lamaj\u0101 poz\u012bcij\u0101. \u00a0Kr\u0101su temperat\u016bra 6400 K.\u00a0<\/p>\n","protected":false},"featured_media":33906,"comment_status":"closed","ping_status":"closed","template":"","meta":{"inline_featured_image":false},"product_cat":[772,908],"product_tag":[],"yst_prominent_words":[],"class_list":{"0":"post-33896","1":"product","2":"type-product","3":"status-publish","4":"has-post-thumbnail","6":"product_cat-atlaides","7":"product_cat-led-prozektori","9":"first","10":"instock","11":"sale","12":"taxable","13":"shipping-taxable","14":"purchasable","15":"product-type-simple"},"jetpack_sharing_enabled":true,"_links":{"self":[{"href":"https:\/\/ddt.lv\/lv\/wp-json\/wp\/v2\/product\/33896"}],"collection":[{"href":"https:\/\/ddt.lv\/lv\/wp-json\/wp\/v2\/product"}],"about":[{"href":"https:\/\/ddt.lv\/lv\/wp-json\/wp\/v2\/types\/product"}],"replies":[{"embeddable":true,"href":"https:\/\/ddt.lv\/lv\/wp-json\/wp\/v2\/comments?post=33896"}],"wp:featuredmedia":[{"embeddable":true,"href":"https:\/\/ddt.lv\/lv\/wp-json\/wp\/v2\/media\/33906"}],"wp:attachment":[{"href":"https:\/\/ddt.lv\/lv\/wp-json\/wp\/v2\/media?parent=33896"}],"wp:term":[{"taxonomy":"product_cat","embeddable":true,"href":"https:\/\/ddt.lv\/lv\/wp-json\/wp\/v2\/product_cat?post=33896"},{"taxonomy":"product_tag","embeddable":true,"href":"https:\/\/ddt.lv\/lv\/wp-json\/wp\/v2\/product_tag?post=33896"},{"taxonomy":"yst_prominent_words","embeddable":true,"href":"https:\/\/ddt.lv\/lv\/wp-json\/wp\/v2\/yst_prominent_words?post=33896"}],"curies":[{"name":"wp","href":"https:\/\/api.w.org\/{rel}","templated":true}]}}