{"id":33895,"date":"2022-06-06T23:30:26","date_gmt":"2022-06-06T20:30:26","guid":{"rendered":"https:\/\/ddt.lv\/lv\/product\/led-prozektors-smd-10w-ip65-800lm-120-4000k-emos-ideo\/"},"modified":"2026-04-01T21:30:30","modified_gmt":"2026-04-01T18:30:30","slug":"led-prozektors-smd-10w-ip65-800lm-120-4000k-emos-ideo","status":"publish","type":"product","link":"https:\/\/ddt.lv\/lv\/product\/led-prozektors-smd-10w-ip65-800lm-120-4000k-emos-ideo\/","title":{"rendered":"LED pro\u017eektors SMD 10W IP65 800lm 120&#8217; 4000K EMOS IDEO"},"content":{"rendered":"<p><span class=\"JLqJ4b ChMk0b\" data-language-for-alternatives=\"lv\" data-language-to-translate-into=\"cs\" data-phrase-index=\"0\" data-number-of-phrases=\"4\"><span class=\"Q4iAWc\">P\u0101rn\u0113s\u0101jams reflektors ar LED diod\u0113m ar gaismas pl\u016bsmu l\u012bdz 800 lm.<\/span><\/span> <span class=\"JLqJ4b ChMk0b\" data-language-for-alternatives=\"lv\" data-language-to-translate-into=\"cs\" data-phrase-index=\"1\" data-number-of-phrases=\"4\"><span class=\"Q4iAWc\">Darba temperat\u016bra diapazon\u0101 no gal\u0113j\u0101s -20\u00b0C l\u012bdz +40\u00b0C.<\/span><\/span> <span class=\"JLqJ4b ChMk0b\" data-language-for-alternatives=\"lv\" data-language-to-translate-into=\"cs\" data-phrase-index=\"2\" data-number-of-phrases=\"4\"><span class=\"Q4iAWc\">IK08 aizsardz\u012bba, kas aizsarg\u0101 ier\u012bci pret meh\u0101niskiem triecieniem.<\/span><\/span> <span class=\"JLqJ4b ChMk0b\" data-language-for-alternatives=\"lv\" data-language-to-translate-into=\"cs\" data-phrase-index=\"3\" data-number-of-phrases=\"4\"><span class=\"Q4iAWc\">PIR kust\u012bbas sensora darb\u012bbas r\u0101diuss 10 m.Emos LED reflektors IDEO ar kust\u012bbas sensoru, 10 W neitr\u0101ls balts, pateicoties pozicion\u0113\u0161anas stat\u012bvam, iesp\u0113jams iestat\u012bt v\u0113lamaj\u0101 poz\u012bcij\u0101.<\/span><\/span><\/p>","protected":false},"excerpt":{"rendered":"<p>P\u0101rn\u0113s\u0101jams reflektors ar LED diod\u0113m ar gaismas pl\u016bsmu l\u012bdz 800 lm. Darba temperat\u016bra diapazon\u0101 no gal\u0113j\u0101s -20\u00b0C l\u012bdz +40\u00b0C. IK08 aizsardz\u012bba, kas aizsarg\u0101 ier\u012bci pret meh\u0101niskiem triecieniem. PIR kust\u012bbas sensora darb\u012bbas r\u0101diuss 10 m.Emos LED reflektors IDEO ar kust\u012bbas sensoru, 10 W neitr\u0101ls balts, pateicoties pozicion\u0113\u0161anas stat\u012bvam, iesp\u0113jams iestat\u012bt v\u0113lamaj\u0101 poz\u012bcij\u0101.<\/p>\n","protected":false},"featured_media":33900,"comment_status":"closed","ping_status":"closed","template":"","meta":{"inline_featured_image":false},"product_cat":[772,908],"product_tag":[],"yst_prominent_words":[],"class_list":{"0":"post-33895","1":"product","2":"type-product","3":"status-publish","4":"has-post-thumbnail","6":"product_cat-atlaides","7":"product_cat-led-prozektori","9":"first","10":"instock","11":"sale","12":"taxable","13":"shipping-taxable","14":"purchasable","15":"product-type-simple"},"jetpack_sharing_enabled":true,"_links":{"self":[{"href":"https:\/\/ddt.lv\/lv\/wp-json\/wp\/v2\/product\/33895"}],"collection":[{"href":"https:\/\/ddt.lv\/lv\/wp-json\/wp\/v2\/product"}],"about":[{"href":"https:\/\/ddt.lv\/lv\/wp-json\/wp\/v2\/types\/product"}],"replies":[{"embeddable":true,"href":"https:\/\/ddt.lv\/lv\/wp-json\/wp\/v2\/comments?post=33895"}],"wp:featuredmedia":[{"embeddable":true,"href":"https:\/\/ddt.lv\/lv\/wp-json\/wp\/v2\/media\/33900"}],"wp:attachment":[{"href":"https:\/\/ddt.lv\/lv\/wp-json\/wp\/v2\/media?parent=33895"}],"wp:term":[{"taxonomy":"product_cat","embeddable":true,"href":"https:\/\/ddt.lv\/lv\/wp-json\/wp\/v2\/product_cat?post=33895"},{"taxonomy":"product_tag","embeddable":true,"href":"https:\/\/ddt.lv\/lv\/wp-json\/wp\/v2\/product_tag?post=33895"},{"taxonomy":"yst_prominent_words","embeddable":true,"href":"https:\/\/ddt.lv\/lv\/wp-json\/wp\/v2\/yst_prominent_words?post=33895"}],"curies":[{"name":"wp","href":"https:\/\/api.w.org\/{rel}","templated":true}]}}