{"id":33893,"date":"2022-06-06T23:20:27","date_gmt":"2022-06-06T20:20:27","guid":{"rendered":"https:\/\/ddt.lv\/lv\/product\/led-prozektors-70w-ip65-6100lm-3000k-smd-peleks-plans-inesa\/"},"modified":"2026-04-01T00:11:45","modified_gmt":"2026-03-31T21:11:45","slug":"led-prozektors-70w-ip65-6100lm-3000k-smd-peleks-plans-inesa","status":"publish","type":"product","link":"https:\/\/ddt.lv\/lv\/product\/led-prozektors-70w-ip65-6100lm-3000k-smd-peleks-plans-inesa\/","title":{"rendered":"*LED pro\u017eektors 70W IP65 6100lm 3000K SMD pel\u0113ks pl\u0101ns INESA"},"content":{"rendered":"<p>Inesa LED ir apgaismojuma ra\u017eot\u0101ja Sylvania meitas komp\u0101nija. Ung\u0101rij\u0101 ra\u017eot\u0101s LED spuldzes un gaismek\u013ci kalpo ilgi un nezaud\u0113 savu toni un gaismas atdevi. Sylvania kvalit\u0101te par nedaudz draudz\u012bg\u0101ku cenu! Pretputek\u013cu un mitrumiztur\u012bgs, pl\u0101ns, bet tai pat laik\u0101 jaud\u012bgs pro\u017eektors.<\/p>","protected":false},"excerpt":{"rendered":"<p>Inesa LED ir apgaismojuma ra\u017eot\u0101ja Sylvania meitas komp\u0101nija. Ung\u0101rij\u0101 ra\u017eot\u0101s LED spuldzes un gaismek\u013ci kalpo ilgi un nezaud\u0113 savu toni un gaismas atdevi. Sylvania kvalit\u0101te par nedaudz draudz\u012bg\u0101ku cenu! Pretputek\u013cu un mitrumiztur\u012bgs, pl\u0101ns, bet tai pat laik\u0101 jaud\u012bgs pro\u017eektors.<\/p>\n","protected":false},"featured_media":20976,"comment_status":"closed","ping_status":"closed","template":"","meta":{"inline_featured_image":false},"product_cat":[772,908],"product_tag":[],"yst_prominent_words":[],"class_list":{"0":"post-33893","1":"product","2":"type-product","3":"status-publish","4":"has-post-thumbnail","6":"product_cat-atlaides","7":"product_cat-led-prozektori","9":"first","10":"instock","11":"sale","12":"taxable","13":"shipping-taxable","14":"purchasable","15":"product-type-simple"},"jetpack_sharing_enabled":true,"_links":{"self":[{"href":"https:\/\/ddt.lv\/lv\/wp-json\/wp\/v2\/product\/33893"}],"collection":[{"href":"https:\/\/ddt.lv\/lv\/wp-json\/wp\/v2\/product"}],"about":[{"href":"https:\/\/ddt.lv\/lv\/wp-json\/wp\/v2\/types\/product"}],"replies":[{"embeddable":true,"href":"https:\/\/ddt.lv\/lv\/wp-json\/wp\/v2\/comments?post=33893"}],"wp:featuredmedia":[{"embeddable":true,"href":"https:\/\/ddt.lv\/lv\/wp-json\/wp\/v2\/media\/20976"}],"wp:attachment":[{"href":"https:\/\/ddt.lv\/lv\/wp-json\/wp\/v2\/media?parent=33893"}],"wp:term":[{"taxonomy":"product_cat","embeddable":true,"href":"https:\/\/ddt.lv\/lv\/wp-json\/wp\/v2\/product_cat?post=33893"},{"taxonomy":"product_tag","embeddable":true,"href":"https:\/\/ddt.lv\/lv\/wp-json\/wp\/v2\/product_tag?post=33893"},{"taxonomy":"yst_prominent_words","embeddable":true,"href":"https:\/\/ddt.lv\/lv\/wp-json\/wp\/v2\/yst_prominent_words?post=33893"}],"curies":[{"name":"wp","href":"https:\/\/api.w.org\/{rel}","templated":true}]}}