{"id":33879,"date":"2022-06-06T07:55:27","date_gmt":"2022-06-06T04:55:27","guid":{"rendered":"https:\/\/ddt.lv\/lv\/product\/elektriskais-nazis-nerusejosa-terauda-compact-unold\/"},"modified":"2026-04-08T14:31:11","modified_gmt":"2026-04-08T11:31:11","slug":"elektriskais-nazis-nerusejosa-terauda-compact-unold","status":"publish","type":"product","link":"https:\/\/ddt.lv\/lv\/product\/elektriskais-nazis-nerusejosa-terauda-compact-unold\/","title":{"rendered":"Elektriskais nazis, ner\u016bs\u0113jo\u0161a t\u0113rauda Compact UNOLD"},"content":{"rendered":"<p>Nosaukums Compact pasaka visu: ja \u0161obr\u012bd nav vajadz\u012bbas griezt cepe\u0161a, desas vai siera \u0161\u0137\u0113les, elektriskais nazis Unold Compact ir viegli salok\u0101ms un uzglab\u0101jams ar\u012b vertik\u0101li virtuves skap\u012bt\u012b.\u00a0 Apr\u012bkots ar ner\u016bs\u0113jo\u0161\u0101 t\u0113rauda asme\u0146a disku, sliedi un stop pl\u0101ksni. Viegli izjaucams, t\u0101p\u0113c to viegli ar\u012b mazg\u0101t.\u00a0 Elektrisk\u0101 na\u017ea Unold Compact grie\u0161anas biezums main\u0101ms no 1 l\u012bdz 15 milimetriem &#8211; sagrie\u017e gan v\u012btin\u0101tu \u0161\u0137i\u0146\u0137i, gan sieru, gan maizi, gan cepeti pusdien\u0101m.\u00a0 Visi sagrieztie produkti tiek sav\u0101kti papl\u0101t\u0113, kas ar\u012b ietilpst komplekt\u0101.\u00a0 No\u0146emamais produktu atlikuma tur\u0113t\u0101js un pirkstu aizsargs nodro\u0161ina dro\u0161u lieto\u0161anu, t\u0101pat ar\u012b dro\u0161\u012bbas sl\u0113dzis ier\u012bces blo\u0137\u0113\u0161anai.\u00a0 Integr\u0113t\u0101 vieta vada uzt\u012b\u0161anai nodro\u0161ina vietu vadam, ier\u012bci uzglab\u0101jot.<\/p>","protected":false},"excerpt":{"rendered":"<p>Nosaukums Compact pasaka visu: ja \u0161obr\u012bd nav vajadz\u012bbas griezt cepe\u0161a, desas vai siera \u0161\u0137\u0113les, elektriskais nazis Unold Compact ir viegli salok\u0101ms un uzglab\u0101jams ar\u012b vertik\u0101li virtuves skap\u012bt\u012b.\u00a0 Apr\u012bkots ar ner\u016bs\u0113jo\u0161\u0101 t\u0113rauda asme\u0146a disku, sliedi un stop pl\u0101ksni. Viegli izjaucams, t\u0101p\u0113c to viegli ar\u012b mazg\u0101t.\u00a0 Elektrisk\u0101 na\u017ea Unold Compact grie\u0161anas biezums main\u0101ms no 1 l\u012bdz 15 [&hellip;]<\/p>\n","protected":false},"featured_media":33883,"comment_status":"closed","ping_status":"closed","template":"","meta":{"inline_featured_image":false},"product_cat":[524],"product_tag":[],"yst_prominent_words":[],"class_list":{"0":"post-33879","1":"product","2":"type-product","3":"status-publish","4":"has-post-thumbnail","6":"product_cat-virtuves-griezeji","8":"first","9":"outofstock","10":"taxable","11":"shipping-taxable","12":"purchasable","13":"product-type-simple"},"jetpack_sharing_enabled":true,"_links":{"self":[{"href":"https:\/\/ddt.lv\/lv\/wp-json\/wp\/v2\/product\/33879"}],"collection":[{"href":"https:\/\/ddt.lv\/lv\/wp-json\/wp\/v2\/product"}],"about":[{"href":"https:\/\/ddt.lv\/lv\/wp-json\/wp\/v2\/types\/product"}],"replies":[{"embeddable":true,"href":"https:\/\/ddt.lv\/lv\/wp-json\/wp\/v2\/comments?post=33879"}],"wp:featuredmedia":[{"embeddable":true,"href":"https:\/\/ddt.lv\/lv\/wp-json\/wp\/v2\/media\/33883"}],"wp:attachment":[{"href":"https:\/\/ddt.lv\/lv\/wp-json\/wp\/v2\/media?parent=33879"}],"wp:term":[{"taxonomy":"product_cat","embeddable":true,"href":"https:\/\/ddt.lv\/lv\/wp-json\/wp\/v2\/product_cat?post=33879"},{"taxonomy":"product_tag","embeddable":true,"href":"https:\/\/ddt.lv\/lv\/wp-json\/wp\/v2\/product_tag?post=33879"},{"taxonomy":"yst_prominent_words","embeddable":true,"href":"https:\/\/ddt.lv\/lv\/wp-json\/wp\/v2\/yst_prominent_words?post=33879"}],"curies":[{"name":"wp","href":"https:\/\/api.w.org\/{rel}","templated":true}]}}