{"id":33870,"date":"2022-06-05T15:40:22","date_gmt":"2022-06-05T12:40:22","guid":{"rendered":"https:\/\/ddt.lv\/lv\/product\/saldejuma-aparats-masina-profi-unold\/"},"modified":"2026-04-08T14:31:18","modified_gmt":"2026-04-08T11:31:18","slug":"saldejuma-aparats-masina-profi-unold","status":"publish","type":"product","link":"https:\/\/ddt.lv\/lv\/product\/saldejuma-aparats-masina-profi-unold\/","title":{"rendered":"Sald\u0113juma apar\u0101ts, ma\u0161\u012bna PROFI UNOLD"},"content":{"rendered":"<p><\/p>\n<div class=\"QFw9Te BLojaf\"><\/div>\n<div class=\"ZyvIDe\">\n<div class=\"a8FIud X0rvP L6rCcb\" data-apply-responsive-style=\"true\" data-classes=\"\" data-initial-translation-length=\"2186\" data-saved-translation-limit-reached=\"false\">\n<div data-show-delay-ms=\"250\" data-append-to-body=\"false\" data-propagate-tooltip-mouseover-events=\"true\" data-anchor-corner=\"bottom-end\" data-enable-skip-handler=\"false\" data-popup-corner=\"top-end\">\n<div class=\" B2mKhd eQGGme xGUN1\">Gar\u0161\u012bgs m\u0101j\u0101s gatavots sald\u0113jums, kad vien v\u0113lies, pateicoties Unold 48870 sald\u0113juma ma\u0161\u012bnai, kas autom\u0101tiski pagatavos tavu sap\u0146u sald\u0113jumu 30 min\u016b\u0161u laik\u0101, iepriek\u0161 atdzes\u0113jot vai izmantojot jau sasald\u0113tus aug\u013cus un ogas. No t\u0101 var pagatavot ne tikai klasisku sald\u0113jumu daudz\u0101s gar\u0161\u0101s, bet ar\u012b veg\u0101nisku sald\u0113jumu, saldin\u0101tu ar laktozi vai bez t\u0101s. Tikai no jums ir atkar\u012bgs, k\u0101du sald\u0113juma veidu izv\u0113laties. Vien\u0101 reiz\u0113 var baud\u012bt 2 litru pa\u0161gatavota sald\u0113juma ar j\u016bsu izv\u0113l\u0113to gar\u0161u.<\/div>\n<\/div>\n<\/div>\n<\/div>\n<p><\/p>","protected":false},"excerpt":{"rendered":"<p>Gar\u0161\u012bgs m\u0101j\u0101s gatavots sald\u0113jums, kad vien v\u0113lies, pateicoties Unold 48870 sald\u0113juma ma\u0161\u012bnai, kas autom\u0101tiski pagatavos tavu sap\u0146u sald\u0113jumu 30 min\u016b\u0161u laik\u0101, iepriek\u0161 atdzes\u0113jot vai izmantojot jau sasald\u0113tus aug\u013cus un ogas. No t\u0101 var pagatavot ne tikai klasisku sald\u0113jumu daudz\u0101s gar\u0161\u0101s, bet ar\u012b veg\u0101nisku sald\u0113jumu, saldin\u0101tu ar laktozi vai bez t\u0101s. Tikai no jums ir atkar\u012bgs, [&hellip;]<\/p>\n","protected":false},"featured_media":33871,"comment_status":"closed","ping_status":"closed","template":"","meta":{"inline_featured_image":false},"product_cat":[527],"product_tag":[],"yst_prominent_words":[],"class_list":{"0":"post-33870","1":"product","2":"type-product","3":"status-publish","4":"has-post-thumbnail","6":"product_cat-saldejuma-un-popkorna-aparati","8":"first","9":"outofstock","10":"taxable","11":"shipping-taxable","12":"purchasable","13":"product-type-simple"},"jetpack_sharing_enabled":true,"_links":{"self":[{"href":"https:\/\/ddt.lv\/lv\/wp-json\/wp\/v2\/product\/33870"}],"collection":[{"href":"https:\/\/ddt.lv\/lv\/wp-json\/wp\/v2\/product"}],"about":[{"href":"https:\/\/ddt.lv\/lv\/wp-json\/wp\/v2\/types\/product"}],"replies":[{"embeddable":true,"href":"https:\/\/ddt.lv\/lv\/wp-json\/wp\/v2\/comments?post=33870"}],"wp:featuredmedia":[{"embeddable":true,"href":"https:\/\/ddt.lv\/lv\/wp-json\/wp\/v2\/media\/33871"}],"wp:attachment":[{"href":"https:\/\/ddt.lv\/lv\/wp-json\/wp\/v2\/media?parent=33870"}],"wp:term":[{"taxonomy":"product_cat","embeddable":true,"href":"https:\/\/ddt.lv\/lv\/wp-json\/wp\/v2\/product_cat?post=33870"},{"taxonomy":"product_tag","embeddable":true,"href":"https:\/\/ddt.lv\/lv\/wp-json\/wp\/v2\/product_tag?post=33870"},{"taxonomy":"yst_prominent_words","embeddable":true,"href":"https:\/\/ddt.lv\/lv\/wp-json\/wp\/v2\/yst_prominent_words?post=33870"}],"curies":[{"name":"wp","href":"https:\/\/api.w.org\/{rel}","templated":true}]}}