{"id":33865,"date":"2022-06-05T14:50:22","date_gmt":"2022-06-05T11:50:22","guid":{"rendered":"https:\/\/ddt.lv\/lv\/product\/virtuves-masina-aura-23490-56-rh-russell-hobbs\/"},"modified":"2026-04-08T14:31:37","modified_gmt":"2026-04-08T11:31:37","slug":"virtuves-masina-aura-23490-56-rh-russell-hobbs","status":"publish","type":"product","link":"https:\/\/ddt.lv\/lv\/product\/virtuves-masina-aura-23490-56-rh-russell-hobbs\/","title":{"rendered":"Virtuves ma\u0161\u012bna AURA 23490-56\/RH Russell Hobbs"},"content":{"rendered":"<p>Ja dom\u0101jat, ka jums ir vajadz\u012bgas \u012bpa\u0161as prasmes, lai izceptu krauk\u0161\u0137\u012bgus cepumus un perfektu maizi vai izveidotu vieglas m\u012bklas, padom\u0101jiet v\u0113lreiz. Viss, kas jums nepiecie\u0161ams, ir pareizie instrumenti. T\u0101tad, ja v\u0113laties iepriecin\u0101t savu \u0123imeni ar \u0113dienu gatavo\u0161anu, Desire Kitchen Machine ir viss, kas jums nepiecie\u0161ams. No k\u0113ksiem l\u012bdz konditorejas izstr\u0101d\u0101jumiem un p\u012br\u0101giem, Desire Kitchen Machine var pal\u012bdz\u0113t jums tikt gal\u0101 s\u0101kot no vienk\u0101r\u0161\u0101m m\u012bkl\u0101m l\u012bdz sare\u017e\u0123\u012bt\u0101kiem kulin\u0101rijas izstr\u0101d\u0101jumiem. Neatkar\u012bgi no j\u016bsu receptes, j\u016bsu stil\u012bg\u0101 virtuves iek\u0101rta var sajaukt, sakult un saputot daudzas sast\u0101vda\u013cas vien\u0101 vien\u012bb\u0101 l\u012bdz vajadz\u012bgajai konsistencei, nospie\u017eot vienu pogu. Desire virtuves iek\u0101rtai ir 10 \u0101truma iestat\u012bjumi, jaud\u012bgs 1000 vatu motors,\u00a0 rot\u0113jo\u0161a mais\u012b\u0161anas darb\u012bba, 5 litru ner\u016bs\u0113jo\u0161\u0101 t\u0113rauda mais\u012b\u0161anas trauks un tr\u012bs piederumi; m\u012bklas \u0101\u0137is, un 2 veidu putot\u0101ji. Tas ir ar\u012b komplekt\u0101 ar 1,5 litru stikla blender\u0113\u0161anas kr\u016bzi, t\u0101p\u0113c taj\u0101 ir viss nepiecie\u0161amais, lai sagatavotu da\u017e\u0101das sast\u0101vda\u013cas j\u016bsu receptei.<\/p>\n<p>&nbsp;<\/p>","protected":false},"excerpt":{"rendered":"<p>Ja dom\u0101jat, ka jums ir vajadz\u012bgas \u012bpa\u0161as prasmes, lai izceptu krauk\u0161\u0137\u012bgus cepumus un perfektu maizi vai izveidotu vieglas m\u012bklas, padom\u0101jiet v\u0113lreiz. Viss, kas jums nepiecie\u0161ams, ir pareizie instrumenti. T\u0101tad, ja v\u0113laties iepriecin\u0101t savu \u0123imeni ar \u0113dienu gatavo\u0161anu, Desire Kitchen Machine ir viss, kas jums nepiecie\u0161ams. No k\u0113ksiem l\u012bdz konditorejas izstr\u0101d\u0101jumiem un p\u012br\u0101giem, Desire Kitchen Machine [&hellip;]<\/p>\n","protected":false},"featured_media":33866,"comment_status":"closed","ping_status":"closed","template":"","meta":{"inline_featured_image":false},"product_cat":[529],"product_tag":[],"yst_prominent_words":[],"class_list":{"0":"post-33865","1":"product","2":"type-product","3":"status-publish","4":"has-post-thumbnail","6":"product_cat-virtuves-masinas","8":"first","9":"outofstock","10":"taxable","11":"shipping-taxable","12":"purchasable","13":"product-type-simple"},"jetpack_sharing_enabled":true,"_links":{"self":[{"href":"https:\/\/ddt.lv\/lv\/wp-json\/wp\/v2\/product\/33865"}],"collection":[{"href":"https:\/\/ddt.lv\/lv\/wp-json\/wp\/v2\/product"}],"about":[{"href":"https:\/\/ddt.lv\/lv\/wp-json\/wp\/v2\/types\/product"}],"replies":[{"embeddable":true,"href":"https:\/\/ddt.lv\/lv\/wp-json\/wp\/v2\/comments?post=33865"}],"wp:featuredmedia":[{"embeddable":true,"href":"https:\/\/ddt.lv\/lv\/wp-json\/wp\/v2\/media\/33866"}],"wp:attachment":[{"href":"https:\/\/ddt.lv\/lv\/wp-json\/wp\/v2\/media?parent=33865"}],"wp:term":[{"taxonomy":"product_cat","embeddable":true,"href":"https:\/\/ddt.lv\/lv\/wp-json\/wp\/v2\/product_cat?post=33865"},{"taxonomy":"product_tag","embeddable":true,"href":"https:\/\/ddt.lv\/lv\/wp-json\/wp\/v2\/product_tag?post=33865"},{"taxonomy":"yst_prominent_words","embeddable":true,"href":"https:\/\/ddt.lv\/lv\/wp-json\/wp\/v2\/yst_prominent_words?post=33865"}],"curies":[{"name":"wp","href":"https:\/\/api.w.org\/{rel}","templated":true}]}}