{"id":33852,"date":"2022-06-05T14:00:23","date_gmt":"2022-06-05T11:00:23","guid":{"rendered":"https:\/\/ddt.lv\/lv\/product\/elektriskais-nazis-cordless-melns-unold\/"},"modified":"2026-04-08T14:41:52","modified_gmt":"2026-04-08T11:41:52","slug":"elektriskais-nazis-cordless-melns-unold","status":"publish","type":"product","link":"https:\/\/ddt.lv\/lv\/product\/elektriskais-nazis-cordless-melns-unold\/","title":{"rendered":"Elektriskais nazis CORDLESS melns UNOLD"},"content":{"rendered":"<p><span class=\"JLqJ4b ChMk0b\" data-language-for-alternatives=\"lv\" data-language-to-translate-into=\"de\" data-phrase-index=\"0\" data-number-of-phrases=\"47\"><span class=\"Q4iAWc\">Ner\u016bs\u0113jo\u0161\u0101 t\u0113rauda zobains nazis &#8211; katrs griezums izdodas lieliski.<\/span><\/span> <span class=\"JLqJ4b ChMk0b\" data-language-for-alternatives=\"lv\" data-language-to-translate-into=\"de\" data-phrase-index=\"2\" data-number-of-phrases=\"47\"><span class=\"Q4iAWc\">Dro\u0161\u012bbas sl\u0113dzene &#8211; \u0101trai un dro\u0161ai na\u017ea mai\u0146ai.<\/span><\/span> J<span class=\"JLqJ4b ChMk0b\" data-language-for-alternatives=\"lv\" data-language-to-translate-into=\"de\" data-phrase-index=\"4\" data-number-of-phrases=\"47\"><span class=\"Q4iAWc\">auda 9 vati &#8211; jaud\u012bgam griezumam.<\/span><\/span> <span class=\"JLqJ4b ChMk0b\" data-language-for-alternatives=\"lv\" data-language-to-translate-into=\"de\" data-phrase-index=\"6\" data-number-of-phrases=\"47\"><span class=\"Q4iAWc\">Bezvada lieto\u0161ana &#8211; elast\u012bgai lieto\u0161anai virtuv\u0113 vai tie\u0161i pie galda.<\/span><\/span> <span class=\"JLqJ4b ChMk0b\" data-language-for-alternatives=\"lv\" data-language-to-translate-into=\"de\" data-phrase-index=\"8\" data-number-of-phrases=\"47\"><span class=\"Q4iAWc\">Akumulatora darb\u012bbas laiks &#8211; apm\u0113ram 45 min\u016btes.<\/span><\/span>\u00a0<span class=\"JLqJ4b ChMk0b\" data-language-for-alternatives=\"lv\" data-language-to-translate-into=\"de\" data-phrase-index=\"10\" data-number-of-phrases=\"47\"><span class=\"Q4iAWc\">Elektriskais nazis, uzglab\u0101\u0161anas kaste.<\/span><\/span><\/p>","protected":false},"excerpt":{"rendered":"<p>Ner\u016bs\u0113jo\u0161\u0101 t\u0113rauda zobains nazis &#8211; katrs griezums izdodas lieliski. Dro\u0161\u012bbas sl\u0113dzene &#8211; \u0101trai un dro\u0161ai na\u017ea mai\u0146ai. Jauda 9 vati &#8211; jaud\u012bgam griezumam. Bezvada lieto\u0161ana &#8211; elast\u012bgai lieto\u0161anai virtuv\u0113 vai tie\u0161i pie galda. Akumulatora darb\u012bbas laiks &#8211; apm\u0113ram 45 min\u016btes.\u00a0Elektriskais nazis, uzglab\u0101\u0161anas kaste.<\/p>\n","protected":false},"featured_media":33858,"comment_status":"closed","ping_status":"closed","template":"","meta":{"inline_featured_image":false},"product_cat":[524],"product_tag":[],"yst_prominent_words":[],"class_list":{"0":"post-33852","1":"product","2":"type-product","3":"status-publish","4":"has-post-thumbnail","6":"product_cat-virtuves-griezeji","8":"first","9":"instock","10":"taxable","11":"shipping-taxable","12":"purchasable","13":"product-type-simple"},"jetpack_sharing_enabled":true,"_links":{"self":[{"href":"https:\/\/ddt.lv\/lv\/wp-json\/wp\/v2\/product\/33852"}],"collection":[{"href":"https:\/\/ddt.lv\/lv\/wp-json\/wp\/v2\/product"}],"about":[{"href":"https:\/\/ddt.lv\/lv\/wp-json\/wp\/v2\/types\/product"}],"replies":[{"embeddable":true,"href":"https:\/\/ddt.lv\/lv\/wp-json\/wp\/v2\/comments?post=33852"}],"wp:featuredmedia":[{"embeddable":true,"href":"https:\/\/ddt.lv\/lv\/wp-json\/wp\/v2\/media\/33858"}],"wp:attachment":[{"href":"https:\/\/ddt.lv\/lv\/wp-json\/wp\/v2\/media?parent=33852"}],"wp:term":[{"taxonomy":"product_cat","embeddable":true,"href":"https:\/\/ddt.lv\/lv\/wp-json\/wp\/v2\/product_cat?post=33852"},{"taxonomy":"product_tag","embeddable":true,"href":"https:\/\/ddt.lv\/lv\/wp-json\/wp\/v2\/product_tag?post=33852"},{"taxonomy":"yst_prominent_words","embeddable":true,"href":"https:\/\/ddt.lv\/lv\/wp-json\/wp\/v2\/yst_prominent_words?post=33852"}],"curies":[{"name":"wp","href":"https:\/\/api.w.org\/{rel}","templated":true}]}}