{"id":33851,"date":"2022-06-05T14:00:22","date_gmt":"2022-06-05T11:00:22","guid":{"rendered":"https:\/\/ddt.lv\/lv\/product\/kafijas-aparats-aroma-star-1-25l-1600w-melns-ner-t-unold\/"},"modified":"2026-04-08T14:32:35","modified_gmt":"2026-04-08T11:32:35","slug":"kafijas-aparats-aroma-star-1-25l-1600w-melns-ner-t-unold","status":"publish","type":"product","link":"https:\/\/ddt.lv\/lv\/product\/kafijas-aparats-aroma-star-1-25l-1600w-melns-ner-t-unold\/","title":{"rendered":"Kafijas apar\u0101ts AROMA STAR 1.25l 1600W melns\/ner.t. UNOLD"},"content":{"rendered":"<p><\/p>\n<div class=\"ZyvIDe\">\n<div class=\"a8FIud X0rvP L6rCcb\" data-apply-responsive-style=\"true\" data-classes=\"\" data-initial-translation-length=\"1127\" data-saved-translation-limit-reached=\"false\">\n<div data-show-delay-ms=\"250\" data-append-to-body=\"false\" data-propagate-tooltip-mouseover-events=\"true\" data-anchor-corner=\"bottom-end\" data-enable-skip-handler=\"false\" data-popup-corner=\"top-end\">\n<div>\n<div class=\"VfPpkd-Bz112c-RLmnJb\">Lieliski piem\u0113rots kafijas entuziastiem: Kafijas autom\u0101ts Aroma Star nodro\u0161ina arom\u0101tisku karsto dz\u0113rienu, kafija glu\u017ei k\u0101 ar rok\u0101m pagatavota. Vair\u0101ku str\u016bklu pagatavo\u0161anas galvi\u0146a vienm\u0113r\u012bgi samitrina kafiju. \u016adens tiks uzsild\u012bts l\u012bdz ide\u0101lajai temperat\u016brai apm. 92 l\u012bdz 96\u00b0C. Kr\u016bz\u012b\u0161u skaitu var viegli regul\u0113t no 2 l\u012bdz 10 tas\u012bt\u0113m. Stikla kr\u016bzei ir ar\u012b atsevi\u0161\u0137a skala kr\u016bz\u012b\u0161u skaitam. Lai izvair\u012btos no pil\u0113\u0161anas, groz\u0101mais filtra tur\u0113t\u0101js ir apr\u012bkots ar pil\u0113\u0161anas aizturi. Vai nu kafijas ball\u012bte, vai biroja sapulce: sild\u012b\u0161anas pl\u0101ksne ar nepiedego\u0161o p\u0101rkl\u0101jumu silda kafiju \u0113rt\u0101 dzer\u0161anas temperat\u016br\u0101 vismaz 30 min\u016btes. Sk\u0101rienvad\u012bbas panelis nodro\u0161ina \u0113rtu lieto\u0161anu. Gatavo\u0161anas temperat\u016bra, gatavo\u0161anas laiks un uzsild\u012b\u0161anas laiks tiek par\u0101d\u012bti digit\u0101laj\u0101 displej\u0101. Uz\u0146\u0113mumam Unold\u00ae ir pa\u0161saprotami, ka BPA nesaturo\u0161ais kafijas autom\u0101ts Aroma Star pied\u0101v\u0101 dro\u0161u Unold\u00ae izsl\u0113g\u0161anu.<\/div>\n<\/div>\n<\/div>\n<\/div>\n<\/div>\n<p><\/p>","protected":false},"excerpt":{"rendered":"<p>Lieliski piem\u0113rots kafijas entuziastiem: Kafijas autom\u0101ts Aroma Star nodro\u0161ina arom\u0101tisku karsto dz\u0113rienu, kafija glu\u017ei k\u0101 ar rok\u0101m pagatavota. Vair\u0101ku str\u016bklu pagatavo\u0161anas galvi\u0146a vienm\u0113r\u012bgi samitrina kafiju. \u016adens tiks uzsild\u012bts l\u012bdz ide\u0101lajai temperat\u016brai apm. 92 l\u012bdz 96\u00b0C. Kr\u016bz\u012b\u0161u skaitu var viegli regul\u0113t no 2 l\u012bdz 10 tas\u012bt\u0113m. Stikla kr\u016bzei ir ar\u012b atsevi\u0161\u0137a skala kr\u016bz\u012b\u0161u skaitam. Lai izvair\u012btos [&hellip;]<\/p>\n","protected":false},"featured_media":33853,"comment_status":"closed","ping_status":"closed","template":"","meta":{"inline_featured_image":false},"product_cat":[938],"product_tag":[],"yst_prominent_words":[],"class_list":{"0":"post-33851","1":"product","2":"type-product","3":"status-publish","4":"has-post-thumbnail","6":"product_cat-kafijas-automati-un-piederumi","8":"first","9":"instock","10":"taxable","11":"shipping-taxable","12":"purchasable","13":"product-type-simple"},"jetpack_sharing_enabled":true,"_links":{"self":[{"href":"https:\/\/ddt.lv\/lv\/wp-json\/wp\/v2\/product\/33851"}],"collection":[{"href":"https:\/\/ddt.lv\/lv\/wp-json\/wp\/v2\/product"}],"about":[{"href":"https:\/\/ddt.lv\/lv\/wp-json\/wp\/v2\/types\/product"}],"replies":[{"embeddable":true,"href":"https:\/\/ddt.lv\/lv\/wp-json\/wp\/v2\/comments?post=33851"}],"wp:featuredmedia":[{"embeddable":true,"href":"https:\/\/ddt.lv\/lv\/wp-json\/wp\/v2\/media\/33853"}],"wp:attachment":[{"href":"https:\/\/ddt.lv\/lv\/wp-json\/wp\/v2\/media?parent=33851"}],"wp:term":[{"taxonomy":"product_cat","embeddable":true,"href":"https:\/\/ddt.lv\/lv\/wp-json\/wp\/v2\/product_cat?post=33851"},{"taxonomy":"product_tag","embeddable":true,"href":"https:\/\/ddt.lv\/lv\/wp-json\/wp\/v2\/product_tag?post=33851"},{"taxonomy":"yst_prominent_words","embeddable":true,"href":"https:\/\/ddt.lv\/lv\/wp-json\/wp\/v2\/yst_prominent_words?post=33851"}],"curies":[{"name":"wp","href":"https:\/\/api.w.org\/{rel}","templated":true}]}}