{"id":33844,"date":"2022-06-03T11:30:28","date_gmt":"2022-06-03T08:30:28","guid":{"rendered":"https:\/\/ddt.lv\/lv\/product\/tuv-8w-t5-bakt-philips-luminiscenta-spuldze\/"},"modified":"2026-04-13T09:51:07","modified_gmt":"2026-04-13T06:51:07","slug":"tuv-8w-t5-bakt-philips-luminiscenta-spuldze","status":"publish","type":"product","link":"https:\/\/ddt.lv\/lv\/product\/tuv-8w-t5-bakt-philips-luminiscenta-spuldze\/","title":{"rendered":"TUV 8W T5 bakt. PHILIPS luminiscent\u0101 spuldze"},"content":{"rendered":"<p>Philips TUV 11W FAM bakteric\u012bda lampa rada \u012bso vi\u013c\u0146u ultravioleto (UV) starojumu ar maksimumu pie 253,7 nm, kam ir bakteric\u012bda iedarb\u012bba. TUV 11W FAM lampas stikls filtr\u0113 ozonu veidojo\u0161o spektru pie vi\u013c\u0146a garuma 185 nm. TUV 11W FAM bakteric\u012bd\u0101s lampas pamatn\u0113m ir rakstur\u012bga augsta iztur\u012bba pret UV starojumu un paaugstin\u0101t\u0101m T. Br\u012bdin\u0101juma z\u012bme uz TUV 11W FAM lampas nor\u0101da uz \u012bsvi\u013c\u0146u UV jaudu.<br \/>\nLampas kalpo\u0161anas laiks ir palielin\u0101ts l\u012bdz 11 000 stund\u0101m. Philips TUV 11W FAM UVIO stikls nov\u0113r\u0161 ozona kait\u012bgo ietekmi. Kompakts izm\u0113rs un augsta energoefektivit\u0101te.<\/p>","protected":false},"excerpt":{"rendered":"<p>Philips TUV 11W FAM bakteric\u012bda lampa rada \u012bso vi\u013c\u0146u ultravioleto (UV) starojumu ar maksimumu pie 253,7 nm, kam ir bakteric\u012bda iedarb\u012bba. TUV 11W FAM lampas stikls filtr\u0113 ozonu veidojo\u0161o spektru pie vi\u013c\u0146a garuma 185 nm. TUV 11W FAM bakteric\u012bd\u0101s lampas pamatn\u0113m ir rakstur\u012bga augsta iztur\u012bba pret UV starojumu un paaugstin\u0101t\u0101m T. Br\u012bdin\u0101juma z\u012bme uz TUV [&hellip;]<\/p>\n","protected":false},"featured_media":33845,"comment_status":"closed","ping_status":"closed","template":"","meta":{"inline_featured_image":false},"product_cat":[1712,772],"product_tag":[],"yst_prominent_words":[],"class_list":{"0":"post-33844","1":"product","2":"type-product","3":"status-publish","4":"has-post-thumbnail","6":"product_cat-speciala-pielietojuma-spuldzes-luminiscentas-spuldzes-spuldzes","7":"product_cat-atlaides","9":"first","10":"outofstock","11":"sale","12":"taxable","13":"shipping-taxable","14":"purchasable","15":"product-type-simple"},"jetpack_sharing_enabled":true,"_links":{"self":[{"href":"https:\/\/ddt.lv\/lv\/wp-json\/wp\/v2\/product\/33844"}],"collection":[{"href":"https:\/\/ddt.lv\/lv\/wp-json\/wp\/v2\/product"}],"about":[{"href":"https:\/\/ddt.lv\/lv\/wp-json\/wp\/v2\/types\/product"}],"replies":[{"embeddable":true,"href":"https:\/\/ddt.lv\/lv\/wp-json\/wp\/v2\/comments?post=33844"}],"wp:featuredmedia":[{"embeddable":true,"href":"https:\/\/ddt.lv\/lv\/wp-json\/wp\/v2\/media\/33845"}],"wp:attachment":[{"href":"https:\/\/ddt.lv\/lv\/wp-json\/wp\/v2\/media?parent=33844"}],"wp:term":[{"taxonomy":"product_cat","embeddable":true,"href":"https:\/\/ddt.lv\/lv\/wp-json\/wp\/v2\/product_cat?post=33844"},{"taxonomy":"product_tag","embeddable":true,"href":"https:\/\/ddt.lv\/lv\/wp-json\/wp\/v2\/product_tag?post=33844"},{"taxonomy":"yst_prominent_words","embeddable":true,"href":"https:\/\/ddt.lv\/lv\/wp-json\/wp\/v2\/yst_prominent_words?post=33844"}],"curies":[{"name":"wp","href":"https:\/\/api.w.org\/{rel}","templated":true}]}}