{"id":33843,"date":"2022-06-03T11:30:28","date_gmt":"2022-06-03T08:30:28","guid":{"rendered":"https:\/\/ddt.lv\/lv\/product\/bl-t8-18w-10-actinic-g13-ph-spuldze-luminiscenta\/"},"modified":"2026-04-13T10:00:28","modified_gmt":"2026-04-13T07:00:28","slug":"bl-t8-18w-10-actinic-g13-ph-spuldze-luminiscenta","status":"publish","type":"product","link":"https:\/\/ddt.lv\/lv\/product\/bl-t8-18w-10-actinic-g13-ph-spuldze-luminiscenta\/","title":{"rendered":"BL T8 18W\/10 Actinic G13 PH Spuldze luminiscent\u0101"},"content":{"rendered":"<p>Actinic BL TL(-K)\/TL- D(-K) Actinic BL TL-D . Spuldzes, ar optimiz\u0113tu spektru, kas atbilst m\u0101jas mu\u0161u acu jut\u012bgumam. Actinic BL TL(-K)\/TL-D(-K)\/TL-E\/PL-S un PL-L lampas ir ide\u0101las piem\u0113rots kukai\u0146u pievilin\u0101\u0161anai. Tajos praktiski nav UV-B starojuma un t\u0101p\u0113c ir dro\u0161as cilv\u0113kam. Turkl\u0101t \u0161\u012bm lamp\u0101m ir viszem\u0101kais dz\u012bvsudraba saturs un ir 100% bez svina. Daudzveid\u012bga\u00a0 pieejam\u012bba un dizains (cauru\u013cveida (T5, T8, T12), ap\u013cveida (TL-E) un kompakts (PL- S\/PL-L)).\u00a0 Ir maz ticams, ka lampas stikla pl\u012bsums var\u0113tu negat\u012bvi ietekm\u0113t j\u016bsu vesel\u012bbu. Ja stikla kolba tom\u0113r sapl\u012bst, v\u0113diniet telpu 30 min\u016btes un, ja iesp\u0113jams, izmantojiet cimdus, lai sav\u0101ktu \u0161\u0137embas.<\/p>","protected":false},"excerpt":{"rendered":"<p>Actinic BL TL(-K)\/TL- D(-K) Actinic BL TL-D . Spuldzes, ar optimiz\u0113tu spektru, kas atbilst m\u0101jas mu\u0161u acu jut\u012bgumam. Actinic BL TL(-K)\/TL-D(-K)\/TL-E\/PL-S un PL-L lampas ir ide\u0101las piem\u0113rots kukai\u0146u pievilin\u0101\u0161anai. Tajos praktiski nav UV-B starojuma un t\u0101p\u0113c ir dro\u0161as cilv\u0113kam. Turkl\u0101t \u0161\u012bm lamp\u0101m ir viszem\u0101kais dz\u012bvsudraba saturs un ir 100% bez svina. Daudzveid\u012bga\u00a0 pieejam\u012bba un dizains [&hellip;]<\/p>\n","protected":false},"featured_media":33846,"comment_status":"closed","ping_status":"closed","template":"","meta":{"inline_featured_image":false},"product_cat":[1712,772],"product_tag":[],"yst_prominent_words":[],"class_list":{"0":"post-33843","1":"product","2":"type-product","3":"status-publish","4":"has-post-thumbnail","6":"product_cat-speciala-pielietojuma-spuldzes-luminiscentas-spuldzes-spuldzes","7":"product_cat-atlaides","9":"first","10":"outofstock","11":"sale","12":"taxable","13":"shipping-taxable","14":"purchasable","15":"product-type-simple"},"jetpack_sharing_enabled":true,"_links":{"self":[{"href":"https:\/\/ddt.lv\/lv\/wp-json\/wp\/v2\/product\/33843"}],"collection":[{"href":"https:\/\/ddt.lv\/lv\/wp-json\/wp\/v2\/product"}],"about":[{"href":"https:\/\/ddt.lv\/lv\/wp-json\/wp\/v2\/types\/product"}],"replies":[{"embeddable":true,"href":"https:\/\/ddt.lv\/lv\/wp-json\/wp\/v2\/comments?post=33843"}],"wp:featuredmedia":[{"embeddable":true,"href":"https:\/\/ddt.lv\/lv\/wp-json\/wp\/v2\/media\/33846"}],"wp:attachment":[{"href":"https:\/\/ddt.lv\/lv\/wp-json\/wp\/v2\/media?parent=33843"}],"wp:term":[{"taxonomy":"product_cat","embeddable":true,"href":"https:\/\/ddt.lv\/lv\/wp-json\/wp\/v2\/product_cat?post=33843"},{"taxonomy":"product_tag","embeddable":true,"href":"https:\/\/ddt.lv\/lv\/wp-json\/wp\/v2\/product_tag?post=33843"},{"taxonomy":"yst_prominent_words","embeddable":true,"href":"https:\/\/ddt.lv\/lv\/wp-json\/wp\/v2\/yst_prominent_words?post=33843"}],"curies":[{"name":"wp","href":"https:\/\/api.w.org\/{rel}","templated":true}]}}