{"id":33840,"date":"2022-06-03T10:30:38","date_gmt":"2022-06-03T07:30:38","guid":{"rendered":"https:\/\/ddt.lv\/lv\/product\/luminiscenta-spuldze-sylvania-black-light-blue-f36w-blb-t8\/"},"modified":"2026-04-08T14:26:17","modified_gmt":"2026-04-08T11:26:17","slug":"luminiscenta-spuldze-sylvania-black-light-blue-f36w-blb-t8","status":"publish","type":"product","link":"https:\/\/ddt.lv\/lv\/product\/luminiscenta-spuldze-sylvania-black-light-blue-f36w-blb-t8\/","title":{"rendered":"Luminiscent\u0101 spuldze Sylvania Black Light BLUE F36W\/BLB T8"},"content":{"rendered":"<p>Luminicent\u0101 spuldze Sylvania black Light T8 F36 BLB Blacklight Blue 36W G13. Jauda 36W. Kontaktligzda G13. Pielietojums: apgaismojuma efekti izklaides viet\u0101s, bankno\u0161u autentifik\u0101cija, pases un autovad\u012bt\u0101ja apliec\u012bbas autentifik\u0101cija. Spuldzes garums: 120 cm.<\/p>","protected":false},"excerpt":{"rendered":"<p>Luminicent\u0101 spuldze Sylvania black Light T8 F36 BLB Blacklight Blue 36W G13. Jauda 36W. Kontaktligzda G13. Pielietojums: apgaismojuma efekti izklaides viet\u0101s, bankno\u0161u autentifik\u0101cija, pases un autovad\u012bt\u0101ja apliec\u012bbas autentifik\u0101cija. Spuldzes garums: 120 cm.<\/p>\n","protected":false},"featured_media":27311,"comment_status":"closed","ping_status":"closed","template":"","meta":{"inline_featured_image":false},"product_cat":[1712],"product_tag":[],"yst_prominent_words":[],"class_list":{"0":"post-33840","1":"product","2":"type-product","3":"status-publish","4":"has-post-thumbnail","6":"product_cat-speciala-pielietojuma-spuldzes-luminiscentas-spuldzes-spuldzes","8":"first","9":"outofstock","10":"taxable","11":"shipping-taxable","12":"purchasable","13":"product-type-simple"},"jetpack_sharing_enabled":true,"_links":{"self":[{"href":"https:\/\/ddt.lv\/lv\/wp-json\/wp\/v2\/product\/33840"}],"collection":[{"href":"https:\/\/ddt.lv\/lv\/wp-json\/wp\/v2\/product"}],"about":[{"href":"https:\/\/ddt.lv\/lv\/wp-json\/wp\/v2\/types\/product"}],"replies":[{"embeddable":true,"href":"https:\/\/ddt.lv\/lv\/wp-json\/wp\/v2\/comments?post=33840"}],"wp:featuredmedia":[{"embeddable":true,"href":"https:\/\/ddt.lv\/lv\/wp-json\/wp\/v2\/media\/27311"}],"wp:attachment":[{"href":"https:\/\/ddt.lv\/lv\/wp-json\/wp\/v2\/media?parent=33840"}],"wp:term":[{"taxonomy":"product_cat","embeddable":true,"href":"https:\/\/ddt.lv\/lv\/wp-json\/wp\/v2\/product_cat?post=33840"},{"taxonomy":"product_tag","embeddable":true,"href":"https:\/\/ddt.lv\/lv\/wp-json\/wp\/v2\/product_tag?post=33840"},{"taxonomy":"yst_prominent_words","embeddable":true,"href":"https:\/\/ddt.lv\/lv\/wp-json\/wp\/v2\/yst_prominent_words?post=33840"}],"curies":[{"name":"wp","href":"https:\/\/api.w.org\/{rel}","templated":true}]}}