{"id":33839,"date":"2022-06-03T10:20:18","date_gmt":"2022-06-03T07:20:18","guid":{"rendered":"https:\/\/ddt.lv\/lv\/product\/led-gls-a60-filament-e27-3-5w-240v-10lm-blb-blacklight-blue\/"},"modified":"2026-04-09T16:15:43","modified_gmt":"2026-04-09T13:15:43","slug":"led-gls-a60-filament-e27-3-5w-240v-10lm-blb-blacklight-blue","status":"publish","type":"product","link":"https:\/\/ddt.lv\/lv\/product\/led-gls-a60-filament-e27-3-5w-240v-10lm-blb-blacklight-blue\/","title":{"rendered":"LED GLS A60 FILAMENT E27 3.5W 240V 10lm BLB Blacklight Blue"},"content":{"rendered":"<p>Katrs LED kv\u0113ldiegs satur \u012bpa\u0161us pusvad\u012bt\u0101ju krist\u0101lus, kas nodro\u0161ina t\u012bru ultravioleto UV-A starojumu &#8211; Vi\u013c\u0146a garums 400 nm ir piln\u012bgi dro\u0161s cilv\u0113kam &#8211; T\u012brs UV starojums ar zemu l\u016bmenu jaudu. &#8211; Stikla kolbas konstrukcija bez papildus lakas p\u0101rkl\u0101juma, kas nenolob\u0101s vai skr\u0101p\u0113jas &#8211; IP54 \u016bdens\/net\u012brumu\/putek\u013cu iztur\u012bga &#8211;\u00a0 Pielietojums: apgaismojuma efekti izklaides viet\u0101s, bankno\u0161u autentifik\u0101cija, pases un autovad\u012bt\u0101ja apliec\u012bbas autentifik\u0101cija.<\/p>","protected":false},"excerpt":{"rendered":"<p>Katrs LED kv\u0113ldiegs satur \u012bpa\u0161us pusvad\u012bt\u0101ju krist\u0101lus, kas nodro\u0161ina t\u012bru ultravioleto UV-A starojumu &#8211; Vi\u013c\u0146a garums 400 nm ir piln\u012bgi dro\u0161s cilv\u0113kam &#8211; T\u012brs UV starojums ar zemu l\u016bmenu jaudu. &#8211; Stikla kolbas konstrukcija bez papildus lakas p\u0101rkl\u0101juma, kas nenolob\u0101s vai skr\u0101p\u0113jas &#8211; IP54 \u016bdens\/net\u012brumu\/putek\u013cu iztur\u012bga &#8211;\u00a0 Pielietojums: apgaismojuma efekti izklaides viet\u0101s, bankno\u0161u autentifik\u0101cija, pases [&hellip;]<\/p>\n","protected":false},"featured_media":33841,"comment_status":"closed","ping_status":"closed","template":"","meta":{"inline_featured_image":false},"product_cat":[1713,772],"product_tag":[],"yst_prominent_words":[],"class_list":{"0":"post-33839","1":"product","2":"type-product","3":"status-publish","4":"has-post-thumbnail","6":"product_cat-spec-spuldzes","7":"product_cat-atlaides","9":"first","10":"outofstock","11":"sale","12":"taxable","13":"shipping-taxable","14":"purchasable","15":"product-type-simple"},"jetpack_sharing_enabled":true,"_links":{"self":[{"href":"https:\/\/ddt.lv\/lv\/wp-json\/wp\/v2\/product\/33839"}],"collection":[{"href":"https:\/\/ddt.lv\/lv\/wp-json\/wp\/v2\/product"}],"about":[{"href":"https:\/\/ddt.lv\/lv\/wp-json\/wp\/v2\/types\/product"}],"replies":[{"embeddable":true,"href":"https:\/\/ddt.lv\/lv\/wp-json\/wp\/v2\/comments?post=33839"}],"wp:featuredmedia":[{"embeddable":true,"href":"https:\/\/ddt.lv\/lv\/wp-json\/wp\/v2\/media\/33841"}],"wp:attachment":[{"href":"https:\/\/ddt.lv\/lv\/wp-json\/wp\/v2\/media?parent=33839"}],"wp:term":[{"taxonomy":"product_cat","embeddable":true,"href":"https:\/\/ddt.lv\/lv\/wp-json\/wp\/v2\/product_cat?post=33839"},{"taxonomy":"product_tag","embeddable":true,"href":"https:\/\/ddt.lv\/lv\/wp-json\/wp\/v2\/product_tag?post=33839"},{"taxonomy":"yst_prominent_words","embeddable":true,"href":"https:\/\/ddt.lv\/lv\/wp-json\/wp\/v2\/yst_prominent_words?post=33839"}],"curies":[{"name":"wp","href":"https:\/\/api.w.org\/{rel}","templated":true}]}}