{"id":33837,"date":"2022-06-02T20:30:24","date_gmt":"2022-06-02T17:30:24","guid":{"rendered":"https:\/\/ddt.lv\/lv\/product\/par38-120w-24v-10-spot-spuldze\/"},"modified":"2026-04-08T14:45:25","modified_gmt":"2026-04-08T11:45:25","slug":"par38-120w-24v-10-spot-spuldze","status":"publish","type":"product","link":"https:\/\/ddt.lv\/lv\/product\/par38-120w-24v-10-spot-spuldze\/","title":{"rendered":"PAR38 120W 24V 10&#8242; SPOT Philips spuldze"},"content":{"rendered":"<p>Spuldze ir reflektora tipa (\u201cspot\u201d) \u2013 ar \u0161auru gaismas le\u0146\u0137i (~10\u00b0) \u2013, t\u0101d\u0113\u013c t\u0101 vislab\u0101k der viet\u0101s, kur nepiecie\u0161ama fokus\u0113ta, uz konkr\u0113tu vietu v\u0113rsta apgaismo\u0161ana (piem\u0113ram, vitr\u012bnas, paraugi, izst\u0101des, akcentu apgaismojums). T\u0101 darbojas ar 24\u202fV t\u012bklu, kas bie\u017e\u0101k sastopams profesion\u0101l\u0101s vai speci\u0101l\u0101s apgaismo\u0161anas sist\u0113m\u0101s, nevis parastajos m\u0101jas 230\u202fV sadz\u012bves t\u012bklos.<\/p>\n<p class=\"p-heading-03 p-heading-light\">\n<p>&nbsp;<\/p>","protected":false},"excerpt":{"rendered":"<p>Spuldze ir reflektora tipa (\u201cspot\u201d) \u2013 ar \u0161auru gaismas le\u0146\u0137i (~10\u00b0) \u2013, t\u0101d\u0113\u013c t\u0101 vislab\u0101k der viet\u0101s, kur nepiecie\u0161ama fokus\u0113ta, uz konkr\u0113tu vietu v\u0113rsta apgaismo\u0161ana (piem\u0113ram, vitr\u012bnas, paraugi, izst\u0101des, akcentu apgaismojums). T\u0101 darbojas ar 24\u202fV t\u012bklu, kas bie\u017e\u0101k sastopams profesion\u0101l\u0101s vai speci\u0101l\u0101s apgaismo\u0161anas sist\u0113m\u0101s, nevis parastajos m\u0101jas 230\u202fV sadz\u012bves t\u012bklos. &nbsp;<\/p>\n","protected":false},"featured_media":33838,"comment_status":"closed","ping_status":"closed","template":"","meta":{"inline_featured_image":false},"product_cat":[772,857],"product_tag":[],"yst_prominent_words":[],"class_list":{"0":"post-33837","1":"product","2":"type-product","3":"status-publish","4":"has-post-thumbnail","6":"product_cat-atlaides","7":"product_cat-zemsprieguma-kvelspuldzes-spec-pielietojuma-kvelspuldzes-spuldzes","9":"first","10":"instock","11":"sale","12":"taxable","13":"shipping-taxable","14":"purchasable","15":"product-type-simple"},"jetpack_sharing_enabled":true,"_links":{"self":[{"href":"https:\/\/ddt.lv\/lv\/wp-json\/wp\/v2\/product\/33837"}],"collection":[{"href":"https:\/\/ddt.lv\/lv\/wp-json\/wp\/v2\/product"}],"about":[{"href":"https:\/\/ddt.lv\/lv\/wp-json\/wp\/v2\/types\/product"}],"replies":[{"embeddable":true,"href":"https:\/\/ddt.lv\/lv\/wp-json\/wp\/v2\/comments?post=33837"}],"wp:featuredmedia":[{"embeddable":true,"href":"https:\/\/ddt.lv\/lv\/wp-json\/wp\/v2\/media\/33838"}],"wp:attachment":[{"href":"https:\/\/ddt.lv\/lv\/wp-json\/wp\/v2\/media?parent=33837"}],"wp:term":[{"taxonomy":"product_cat","embeddable":true,"href":"https:\/\/ddt.lv\/lv\/wp-json\/wp\/v2\/product_cat?post=33837"},{"taxonomy":"product_tag","embeddable":true,"href":"https:\/\/ddt.lv\/lv\/wp-json\/wp\/v2\/product_tag?post=33837"},{"taxonomy":"yst_prominent_words","embeddable":true,"href":"https:\/\/ddt.lv\/lv\/wp-json\/wp\/v2\/yst_prominent_words?post=33837"}],"curies":[{"name":"wp","href":"https:\/\/api.w.org\/{rel}","templated":true}]}}