{"id":33773,"date":"2022-05-23T12:30:26","date_gmt":"2022-05-23T09:30:26","guid":{"rendered":"https:\/\/ddt.lv\/lv\/product\/12655-multi-lukturis-6xc-varta\/"},"modified":"2026-04-23T11:20:56","modified_gmt":"2026-04-23T08:20:56","slug":"12655-multi-lukturis-6xc-varta","status":"publish","type":"product","link":"https:\/\/ddt.lv\/lv\/product\/12655-multi-lukturis-6xc-varta\/","title":{"rendered":"12655 Multi Lukturis 6xC VARTA"},"content":{"rendered":"<p>- Daudzk\u0101rt regul\u0113jams rokas\u00a0 lukturis, kas izgatavots no iztur\u012bga ABS<br \/>\n&#8211; Av\u0101rijas mirgojo\u0161a gaisma<br \/>\n&#8211; Groz\u0101ma galva, ar p\u0101rsl\u0113dzamiem re\u017e\u012bmiem.<br \/>\n&#8211; Vair\u0101kas fiks\u0101cijas funkcijas: sp\u0113c\u012bgi magn\u0113ti, pakarin\u0101ms \u0101\u0137is.- <\/p>","protected":false},"excerpt":{"rendered":"<p>&#8211; Daudzk\u0101rt regul\u0113jams rokas\u00a0 lukturis, kas izgatavots no iztur\u012bga ABS &#8211; Av\u0101rijas mirgojo\u0161a gaisma &#8211; Groz\u0101ma galva, ar p\u0101rsl\u0113dzamiem re\u017e\u012bmiem. &#8211; Vair\u0101kas fiks\u0101cijas funkcijas: sp\u0113c\u012bgi magn\u0113ti, pakarin\u0101ms \u0101\u0137is.-<\/p>\n","protected":false},"featured_media":35067,"comment_status":"closed","ping_status":"closed","template":"","meta":{"inline_featured_image":false},"product_cat":[772,727,726],"product_tag":[],"yst_prominent_words":[],"class_list":{"0":"post-33773","1":"product","2":"type-product","3":"status-publish","4":"has-post-thumbnail","6":"product_cat-atlaides","7":"product_cat-galvas","8":"product_cat-kabatas","10":"first","11":"instock","12":"sale","13":"taxable","14":"shipping-taxable","15":"purchasable","16":"product-type-simple"},"jetpack_sharing_enabled":true,"_links":{"self":[{"href":"https:\/\/ddt.lv\/lv\/wp-json\/wp\/v2\/product\/33773"}],"collection":[{"href":"https:\/\/ddt.lv\/lv\/wp-json\/wp\/v2\/product"}],"about":[{"href":"https:\/\/ddt.lv\/lv\/wp-json\/wp\/v2\/types\/product"}],"replies":[{"embeddable":true,"href":"https:\/\/ddt.lv\/lv\/wp-json\/wp\/v2\/comments?post=33773"}],"wp:featuredmedia":[{"embeddable":true,"href":"https:\/\/ddt.lv\/lv\/wp-json\/wp\/v2\/media\/35067"}],"wp:attachment":[{"href":"https:\/\/ddt.lv\/lv\/wp-json\/wp\/v2\/media?parent=33773"}],"wp:term":[{"taxonomy":"product_cat","embeddable":true,"href":"https:\/\/ddt.lv\/lv\/wp-json\/wp\/v2\/product_cat?post=33773"},{"taxonomy":"product_tag","embeddable":true,"href":"https:\/\/ddt.lv\/lv\/wp-json\/wp\/v2\/product_tag?post=33773"},{"taxonomy":"yst_prominent_words","embeddable":true,"href":"https:\/\/ddt.lv\/lv\/wp-json\/wp\/v2\/yst_prominent_words?post=33773"}],"curies":[{"name":"wp","href":"https:\/\/api.w.org\/{rel}","templated":true}]}}