{"id":33750,"date":"2022-05-22T11:40:24","date_gmt":"2022-05-22T08:40:24","guid":{"rendered":"https:\/\/ddt.lv\/lv\/product\/lukturis-galvas-vision-hd-3led-180lm-dim-3aaa-energizer\/"},"modified":"2026-04-22T08:46:51","modified_gmt":"2026-04-22T05:46:51","slug":"lukturis-galvas-vision-hd-3led-180lm-dim-3aaa-energizer","status":"publish","type":"product","link":"https:\/\/ddt.lv\/lv\/product\/lukturis-galvas-vision-hd-3led-180lm-dim-3aaa-energizer\/","title":{"rendered":"Lukturis galvas Vision HD 3LED 180lm DIM +3AAA ENERGIZER"},"content":{"rendered":"<p><span class=\"JLqJ4b ChMk0b\" data-language-for-alternatives=\"lv\" data-language-to-translate-into=\"pl\" data-phrase-index=\"0\" data-number-of-phrases=\"26\"><span class=\"Q4iAWc\">Energizer\u00ae Vision galvenais lukturis ir viens no augst\u0101k\u0101s klases lukturiem.<\/span><\/span> <span class=\"JLqJ4b ChMk0b\" data-language-for-alternatives=\"lv\" data-language-to-translate-into=\"pl\" data-phrase-index=\"1\" data-number-of-phrases=\"26\"><span class=\"Q4iAWc\">Pateicoties jaun\u0101ko tehnolo\u0123iju izmanto\u0161anai, lietot\u0101js sa\u0146em luktur\u012bti, kas ir \u012bpa\u0161i spilgts, viegls un neprasa izmantot rokas.<\/span><\/span> <span class=\"JLqJ4b ChMk0b\" data-language-for-alternatives=\"lv\" data-language-to-translate-into=\"pl\" data-phrase-index=\"2\" data-number-of-phrases=\"26\"><span class=\"Q4iAWc\">Iesp\u0113ja regul\u0113t gaismas staru &#8211; punktveida vai izklied\u0113tu, luktur\u012bti var izmantot m\u0101j\u0101s, darb\u0101 vai uz lauka.<\/span><\/span> <span class=\"JLqJ4b ChMk0b\" data-language-for-alternatives=\"lv\" data-language-to-translate-into=\"pl\" data-phrase-index=\"3\" data-number-of-phrases=\"26\"><span class=\"Q4iAWc\">Galvenajam lukturim Energizer\u00ae Vision ir elast\u012bga galvas saite, \u016bdensiztur\u012bba un groz\u0101ma galva.<\/span><\/span><\/p>","protected":false},"excerpt":{"rendered":"<p>Energizer\u00ae Vision galvenais lukturis ir viens no augst\u0101k\u0101s klases lukturiem. Pateicoties jaun\u0101ko tehnolo\u0123iju izmanto\u0161anai, lietot\u0101js sa\u0146em luktur\u012bti, kas ir \u012bpa\u0161i spilgts, viegls un neprasa izmantot rokas. Iesp\u0113ja regul\u0113t gaismas staru &#8211; punktveida vai izklied\u0113tu, luktur\u012bti var izmantot m\u0101j\u0101s, darb\u0101 vai uz lauka. Galvenajam lukturim Energizer\u00ae Vision ir elast\u012bga galvas saite, \u016bdensiztur\u012bba un groz\u0101ma galva.<\/p>\n","protected":false},"featured_media":33761,"comment_status":"closed","ping_status":"closed","template":"","meta":{"inline_featured_image":false},"product_cat":[727],"product_tag":[],"yst_prominent_words":[],"class_list":{"0":"post-33750","1":"product","2":"type-product","3":"status-publish","4":"has-post-thumbnail","6":"product_cat-galvas","8":"first","9":"instock","10":"taxable","11":"shipping-taxable","12":"purchasable","13":"product-type-simple"},"jetpack_sharing_enabled":true,"_links":{"self":[{"href":"https:\/\/ddt.lv\/lv\/wp-json\/wp\/v2\/product\/33750"}],"collection":[{"href":"https:\/\/ddt.lv\/lv\/wp-json\/wp\/v2\/product"}],"about":[{"href":"https:\/\/ddt.lv\/lv\/wp-json\/wp\/v2\/types\/product"}],"replies":[{"embeddable":true,"href":"https:\/\/ddt.lv\/lv\/wp-json\/wp\/v2\/comments?post=33750"}],"wp:featuredmedia":[{"embeddable":true,"href":"https:\/\/ddt.lv\/lv\/wp-json\/wp\/v2\/media\/33761"}],"wp:attachment":[{"href":"https:\/\/ddt.lv\/lv\/wp-json\/wp\/v2\/media?parent=33750"}],"wp:term":[{"taxonomy":"product_cat","embeddable":true,"href":"https:\/\/ddt.lv\/lv\/wp-json\/wp\/v2\/product_cat?post=33750"},{"taxonomy":"product_tag","embeddable":true,"href":"https:\/\/ddt.lv\/lv\/wp-json\/wp\/v2\/product_tag?post=33750"},{"taxonomy":"yst_prominent_words","embeddable":true,"href":"https:\/\/ddt.lv\/lv\/wp-json\/wp\/v2\/yst_prominent_words?post=33750"}],"curies":[{"name":"wp","href":"https:\/\/api.w.org\/{rel}","templated":true}]}}