{"id":33749,"date":"2022-05-22T11:40:24","date_gmt":"2022-05-22T08:40:24","guid":{"rendered":"https:\/\/ddt.lv\/lv\/product\/lukturis-ts-1835-1-1led-ar-magnetu-3xaaa-tiross\/"},"modified":"2026-04-06T10:51:21","modified_gmt":"2026-04-06T07:51:21","slug":"lukturis-ts-1835-1-1led-ar-magnetu-3xaaa-tiross","status":"publish","type":"product","link":"https:\/\/ddt.lv\/lv\/product\/lukturis-ts-1835-1-1led-ar-magnetu-3xaaa-tiross\/","title":{"rendered":"Lukturis TS-1835 1+1LED ar magn\u0113tu (3xAAA) TIROSS"},"content":{"rendered":"<p><span class=\"JLqJ4b ChMk0b\" data-language-for-alternatives=\"lv\" data-language-to-translate-into=\"pl\" data-phrase-index=\"4\" data-number-of-phrases=\"13\"><span class=\"Q4iAWc\">Lukturis apr\u012bkots ar magn\u0113tu un rot\u0113jo\u0161u klipsi.<\/span><\/span> <span class=\"JLqJ4b ChMk0b\" data-language-for-alternatives=\"lv\" data-language-to-translate-into=\"pl\" data-phrase-index=\"6\" data-number-of-phrases=\"13\"><span class=\"Q4iAWc\">\u013boti sp\u0113c\u012bgs gaismas stars.<\/span><\/span> <span class=\"JLqJ4b ChMk0b\" data-language-for-alternatives=\"lv\" data-language-to-translate-into=\"pl\" data-phrase-index=\"8\" data-number-of-phrases=\"13\"><span class=\"Q4iAWc\">Iztur\u012bga un paroc\u012bga konstrukcija.<\/span><\/span> <span class=\"JLqJ4b ChMk0b\" data-language-for-alternatives=\"lv\" data-language-to-translate-into=\"pl\" data-phrase-index=\"10\" data-number-of-phrases=\"13\"><span class=\"Q4iAWc\">Lukturis sp\u012bd divos veidos: LED diode luktura galv\u0101 vai no 3W COB s\u0101nos. Darbojas ar 3AAA baterij\u0101m kas nav iek\u013cautas komplekt\u0101.<\/span><\/span><\/p>","protected":false},"excerpt":{"rendered":"<p>Lukturis apr\u012bkots ar magn\u0113tu un rot\u0113jo\u0161u klipsi. \u013boti sp\u0113c\u012bgs gaismas stars. Iztur\u012bga un paroc\u012bga konstrukcija. Lukturis sp\u012bd divos veidos: LED diode luktura galv\u0101 vai no 3W COB s\u0101nos. Darbojas ar 3AAA baterij\u0101m kas nav iek\u013cautas komplekt\u0101.<\/p>\n","protected":false},"featured_media":33759,"comment_status":"closed","ping_status":"closed","template":"","meta":{"inline_featured_image":false},"product_cat":[728],"product_tag":[],"yst_prominent_words":[],"class_list":{"0":"post-33749","1":"product","2":"type-product","3":"status-publish","4":"has-post-thumbnail","6":"product_cat-ar-magnetu","8":"first","9":"instock","10":"taxable","11":"shipping-taxable","12":"purchasable","13":"product-type-simple"},"jetpack_sharing_enabled":true,"_links":{"self":[{"href":"https:\/\/ddt.lv\/lv\/wp-json\/wp\/v2\/product\/33749"}],"collection":[{"href":"https:\/\/ddt.lv\/lv\/wp-json\/wp\/v2\/product"}],"about":[{"href":"https:\/\/ddt.lv\/lv\/wp-json\/wp\/v2\/types\/product"}],"replies":[{"embeddable":true,"href":"https:\/\/ddt.lv\/lv\/wp-json\/wp\/v2\/comments?post=33749"}],"wp:featuredmedia":[{"embeddable":true,"href":"https:\/\/ddt.lv\/lv\/wp-json\/wp\/v2\/media\/33759"}],"wp:attachment":[{"href":"https:\/\/ddt.lv\/lv\/wp-json\/wp\/v2\/media?parent=33749"}],"wp:term":[{"taxonomy":"product_cat","embeddable":true,"href":"https:\/\/ddt.lv\/lv\/wp-json\/wp\/v2\/product_cat?post=33749"},{"taxonomy":"product_tag","embeddable":true,"href":"https:\/\/ddt.lv\/lv\/wp-json\/wp\/v2\/product_tag?post=33749"},{"taxonomy":"yst_prominent_words","embeddable":true,"href":"https:\/\/ddt.lv\/lv\/wp-json\/wp\/v2\/yst_prominent_words?post=33749"}],"curies":[{"name":"wp","href":"https:\/\/api.w.org\/{rel}","templated":true}]}}