{"id":33748,"date":"2022-05-22T11:40:23","date_gmt":"2022-05-22T08:40:23","guid":{"rendered":"https:\/\/ddt.lv\/lv\/product\/lukturis-ts-1118-1-6led-3xaaa\/"},"modified":"2026-04-06T10:48:06","modified_gmt":"2026-04-06T07:48:06","slug":"lukturis-ts-1118-1-6led-3xaaa","status":"publish","type":"product","link":"https:\/\/ddt.lv\/lv\/product\/lukturis-ts-1118-1-6led-3xaaa\/","title":{"rendered":"Lukturis TS-1118 1+6LED (3xAAA) TIROSS"},"content":{"rendered":"<p>Tiross lukturim ir kompakti izm\u0113ri. <span class=\"JLqJ4b ChMk0b\" data-language-for-alternatives=\"lv\" data-language-to-translate-into=\"cs\" data-phrase-index=\"1\" data-number-of-phrases=\"3\"><span class=\"Q4iAWc\">S\u0101nos ir 6 gaismas diodes un aug\u0161\u0113j\u0101 da\u013c\u0101 1 LED, kas izstaro spilgti baltu gaismu.<\/span><\/span> <span class=\"JLqJ4b ChMk0b\" data-language-for-alternatives=\"lv\" data-language-to-translate-into=\"cs\" data-phrase-index=\"2\" data-number-of-phrases=\"3\"><span class=\"Q4iAWc\">Luktura komplekt\u0101cij\u0101 ietilpst magn\u0113ts \u0113rtai piestiprin\u0101\u0161anai pie jebkuras vietas un klipsis, ar kuru luktur\u012bti piestiprina, piem\u0113ram, pie jostas. Komplekt\u0101 iek\u013cautas baterijas.<\/span><\/span><\/p>","protected":false},"excerpt":{"rendered":"<p>Tiross lukturim ir kompakti izm\u0113ri. S\u0101nos ir 6 gaismas diodes un aug\u0161\u0113j\u0101 da\u013c\u0101 1 LED, kas izstaro spilgti baltu gaismu. Luktura komplekt\u0101cij\u0101 ietilpst magn\u0113ts \u0113rtai piestiprin\u0101\u0161anai pie jebkuras vietas un klipsis, ar kuru luktur\u012bti piestiprina, piem\u0113ram, pie jostas. Komplekt\u0101 iek\u013cautas baterijas.<\/p>\n","protected":false},"featured_media":33752,"comment_status":"closed","ping_status":"closed","template":"","meta":{"inline_featured_image":false},"product_cat":[728],"product_tag":[],"yst_prominent_words":[],"class_list":{"0":"post-33748","1":"product","2":"type-product","3":"status-publish","4":"has-post-thumbnail","6":"product_cat-ar-magnetu","8":"first","9":"instock","10":"taxable","11":"shipping-taxable","12":"purchasable","13":"product-type-simple"},"jetpack_sharing_enabled":true,"_links":{"self":[{"href":"https:\/\/ddt.lv\/lv\/wp-json\/wp\/v2\/product\/33748"}],"collection":[{"href":"https:\/\/ddt.lv\/lv\/wp-json\/wp\/v2\/product"}],"about":[{"href":"https:\/\/ddt.lv\/lv\/wp-json\/wp\/v2\/types\/product"}],"replies":[{"embeddable":true,"href":"https:\/\/ddt.lv\/lv\/wp-json\/wp\/v2\/comments?post=33748"}],"wp:featuredmedia":[{"embeddable":true,"href":"https:\/\/ddt.lv\/lv\/wp-json\/wp\/v2\/media\/33752"}],"wp:attachment":[{"href":"https:\/\/ddt.lv\/lv\/wp-json\/wp\/v2\/media?parent=33748"}],"wp:term":[{"taxonomy":"product_cat","embeddable":true,"href":"https:\/\/ddt.lv\/lv\/wp-json\/wp\/v2\/product_cat?post=33748"},{"taxonomy":"product_tag","embeddable":true,"href":"https:\/\/ddt.lv\/lv\/wp-json\/wp\/v2\/product_tag?post=33748"},{"taxonomy":"yst_prominent_words","embeddable":true,"href":"https:\/\/ddt.lv\/lv\/wp-json\/wp\/v2\/yst_prominent_words?post=33748"}],"curies":[{"name":"wp","href":"https:\/\/api.w.org\/{rel}","templated":true}]}}