{"id":33747,"date":"2022-05-22T11:40:23","date_gmt":"2022-05-22T08:40:23","guid":{"rendered":"https:\/\/ddt.lv\/lv\/product\/lukturis-ts-732-9led-3xaaa\/"},"modified":"2026-04-13T09:47:08","modified_gmt":"2026-04-13T06:47:08","slug":"lukturis-ts-732-9led-3xaaa","status":"publish","type":"product","link":"https:\/\/ddt.lv\/lv\/product\/lukturis-ts-732-9led-3xaaa\/","title":{"rendered":"Lukturis TS-732 9LED (3xAAA) TIROSS"},"content":{"rendered":"<p>Tiross LED gaismas luktur\u012btis ir viegls, \u0113rts un kompakts, izgatavots no alum\u012bnija, ir \u016bdens, triecieniztur\u012bgs un putek\u013cu iztur\u012bgs. Noder\u012bgs automa\u0161\u012bn\u0101, iek\u0161telp\u0101s un \u0101r\u0101, \u0113rti pa\u0146emt l\u012bdzi, ko nodro\u0161ina kl\u0101t pievienot\u0101 siksni\u0146a. Spuldzes kalpo\u0161anas laiks l\u012bdz 100 000 stund\u0101m, ar main\u0101m\u0101m baterij\u0101m (nav iek\u013cautas komplekt\u0101). Pieejams da\u017e\u0101d\u0101s kr\u0101s\u0101s. Kr\u0101su izv\u0113le atkar\u012bga no pieejam\u012bbas noliktav\u0101.<\/p>\n<p>&nbsp;<\/p>","protected":false},"excerpt":{"rendered":"<p>Tiross LED gaismas luktur\u012btis ir viegls, \u0113rts un kompakts, izgatavots no alum\u012bnija, ir \u016bdens, triecieniztur\u012bgs un putek\u013cu iztur\u012bgs. Noder\u012bgs automa\u0161\u012bn\u0101, iek\u0161telp\u0101s un \u0101r\u0101, \u0113rti pa\u0146emt l\u012bdzi, ko nodro\u0161ina kl\u0101t pievienot\u0101 siksni\u0146a. Spuldzes kalpo\u0161anas laiks l\u012bdz 100 000 stund\u0101m, ar main\u0101m\u0101m baterij\u0101m (nav iek\u013cautas komplekt\u0101). Pieejams da\u017e\u0101d\u0101s kr\u0101s\u0101s. Kr\u0101su izv\u0113le atkar\u012bga no pieejam\u012bbas noliktav\u0101. &nbsp;<\/p>\n","protected":false},"featured_media":33755,"comment_status":"closed","ping_status":"closed","template":"","meta":{"inline_featured_image":false},"product_cat":[727,726],"product_tag":[],"yst_prominent_words":[],"class_list":{"0":"post-33747","1":"product","2":"type-product","3":"status-publish","4":"has-post-thumbnail","6":"product_cat-galvas","7":"product_cat-kabatas","9":"first","10":"instock","11":"taxable","12":"shipping-taxable","13":"purchasable","14":"product-type-simple"},"jetpack_sharing_enabled":true,"_links":{"self":[{"href":"https:\/\/ddt.lv\/lv\/wp-json\/wp\/v2\/product\/33747"}],"collection":[{"href":"https:\/\/ddt.lv\/lv\/wp-json\/wp\/v2\/product"}],"about":[{"href":"https:\/\/ddt.lv\/lv\/wp-json\/wp\/v2\/types\/product"}],"replies":[{"embeddable":true,"href":"https:\/\/ddt.lv\/lv\/wp-json\/wp\/v2\/comments?post=33747"}],"wp:featuredmedia":[{"embeddable":true,"href":"https:\/\/ddt.lv\/lv\/wp-json\/wp\/v2\/media\/33755"}],"wp:attachment":[{"href":"https:\/\/ddt.lv\/lv\/wp-json\/wp\/v2\/media?parent=33747"}],"wp:term":[{"taxonomy":"product_cat","embeddable":true,"href":"https:\/\/ddt.lv\/lv\/wp-json\/wp\/v2\/product_cat?post=33747"},{"taxonomy":"product_tag","embeddable":true,"href":"https:\/\/ddt.lv\/lv\/wp-json\/wp\/v2\/product_tag?post=33747"},{"taxonomy":"yst_prominent_words","embeddable":true,"href":"https:\/\/ddt.lv\/lv\/wp-json\/wp\/v2\/yst_prominent_words?post=33747"}],"curies":[{"name":"wp","href":"https:\/\/api.w.org\/{rel}","templated":true}]}}