{"id":33738,"date":"2022-05-21T17:50:23","date_gmt":"2022-05-21T14:50:23","guid":{"rendered":"https:\/\/ddt.lv\/lv\/product\/powerbank-20-000mah-2x-usb-a-usb-c-melns-22-5w-emos\/"},"modified":"2026-04-13T10:05:53","modified_gmt":"2026-04-13T07:05:53","slug":"powerbank-20-000mah-2x-usb-a-usb-c-melns-22-5w-emos","status":"publish","type":"product","link":"https:\/\/ddt.lv\/lv\/product\/powerbank-20-000mah-2x-usb-a-usb-c-melns-22-5w-emos\/","title":{"rendered":"Powerbank 20 000mAh 2x USB-A\/USB-C melns  22.5W EMOS"},"content":{"rendered":"<p>Emos pied\u0101v\u0101 elegantu un kompaktu powerbanku ar\u00a0 20 000 mAh jaudu un 74 Wh kop\u0113jo jaudu. EMOS\u00a0 20000 mAh powerbankai\u00a0 ir 1x USB-C un 1x USB savienot\u0101js, t\u0101p\u0113c tas b\u016bs piem\u0113rots liel\u0101kajai da\u013cai j\u016bsu ier\u012b\u010du. Atbalsta Qualcomm QuickCharge 3.0 un 18 W ener\u0123ijas pieg\u0101des tehnolo\u0123iju.<\/p>","protected":false},"excerpt":{"rendered":"<p>Emos pied\u0101v\u0101 elegantu un kompaktu powerbanku ar\u00a0 20 000 mAh jaudu un 74 Wh kop\u0113jo jaudu. EMOS\u00a0 20000 mAh powerbankai\u00a0 ir 1x USB-C un 1x USB savienot\u0101js, t\u0101p\u0113c tas b\u016bs piem\u0113rots liel\u0101kajai da\u013cai j\u016bsu ier\u012b\u010du. Atbalsta Qualcomm QuickCharge 3.0 un 18 W ener\u0123ijas pieg\u0101des tehnolo\u0123iju.<\/p>\n","protected":false},"featured_media":33739,"comment_status":"closed","ping_status":"closed","template":"","meta":{"inline_featured_image":false},"product_cat":[460],"product_tag":[],"yst_prominent_words":[],"class_list":{"0":"post-33738","1":"product","2":"type-product","3":"status-publish","4":"has-post-thumbnail","6":"product_cat-uzlades-stacijas","8":"first","9":"instock","10":"taxable","11":"shipping-taxable","12":"purchasable","13":"product-type-simple"},"jetpack_sharing_enabled":true,"_links":{"self":[{"href":"https:\/\/ddt.lv\/lv\/wp-json\/wp\/v2\/product\/33738"}],"collection":[{"href":"https:\/\/ddt.lv\/lv\/wp-json\/wp\/v2\/product"}],"about":[{"href":"https:\/\/ddt.lv\/lv\/wp-json\/wp\/v2\/types\/product"}],"replies":[{"embeddable":true,"href":"https:\/\/ddt.lv\/lv\/wp-json\/wp\/v2\/comments?post=33738"}],"wp:featuredmedia":[{"embeddable":true,"href":"https:\/\/ddt.lv\/lv\/wp-json\/wp\/v2\/media\/33739"}],"wp:attachment":[{"href":"https:\/\/ddt.lv\/lv\/wp-json\/wp\/v2\/media?parent=33738"}],"wp:term":[{"taxonomy":"product_cat","embeddable":true,"href":"https:\/\/ddt.lv\/lv\/wp-json\/wp\/v2\/product_cat?post=33738"},{"taxonomy":"product_tag","embeddable":true,"href":"https:\/\/ddt.lv\/lv\/wp-json\/wp\/v2\/product_tag?post=33738"},{"taxonomy":"yst_prominent_words","embeddable":true,"href":"https:\/\/ddt.lv\/lv\/wp-json\/wp\/v2\/yst_prominent_words?post=33738"}],"curies":[{"name":"wp","href":"https:\/\/api.w.org\/{rel}","templated":true}]}}