{"id":33731,"date":"2022-05-21T17:00:21","date_gmt":"2022-05-21T14:00:21","guid":{"rendered":"https:\/\/ddt.lv\/lv\/product\/57978-powerbank-energy-20000mah-usb-bl1-balts-varta\/"},"modified":"2026-04-13T10:01:53","modified_gmt":"2026-04-13T07:01:53","slug":"57978-powerbank-energy-20000mah-usb-bl1-balts-varta","status":"publish","type":"product","link":"https:\/\/ddt.lv\/lv\/product\/57978-powerbank-energy-20000mah-usb-bl1-balts-varta\/","title":{"rendered":"57978 Powerbank Energy 20000mAh + USB BL1 balts VARTA"},"content":{"rendered":"<p><span class=\"JLqJ4b ChMk0b\" data-language-for-alternatives=\"lv\" data-language-to-translate-into=\"en\" data-phrase-index=\"0\" data-number-of-phrases=\"3\"><span class=\"Q4iAWc\">VARTA Energy Powerbank 20000mAh ir kompakta un jaud\u012bga powerbanka. Ide\u0101li piem\u0113rota ned\u0113\u013cas nogales ce\u013cojumam. \u00a0Ar \u010detr\u0101m balt\u0101m gaismas diod\u0113m uzl\u0101des un izl\u0101des indik\u0101cijai (zil\u0101 gaismas diode \u0101trai uzl\u0101dei 3.0).<\/span><\/span><span class=\"JLqJ4b ChMk0b\" data-language-for-alternatives=\"lv\" data-language-to-translate-into=\"en\" data-phrase-index=\"1\" data-number-of-phrases=\"3\"><span class=\"Q4iAWc\">Uzl\u0101d\u0113jiet 3 ier\u012bces vienlaikus, izmantojot komplekt\u0101cij\u0101 iek\u013cautos USB Type C un USB A portus.<\/span><\/span> <span class=\"JLqJ4b ChMk0b\" data-language-for-alternatives=\"lv\" data-language-to-translate-into=\"en\" data-phrase-index=\"2\" data-number-of-phrases=\"3\"><span class=\"Q4iAWc\">Uzlabot\u0101 dro\u0161\u012bbas tehnolo\u0123ija un pl\u0101ns VARTA dizains padara VARTA Energy Power Banks par ide\u0101lu kompanjonu, kas nodro\u0161ina elast\u012bbu un neatkar\u012bbu, atrodoties ce\u013c\u0101.<\/span><\/span><\/p>","protected":false},"excerpt":{"rendered":"<p>VARTA Energy Powerbank 20000mAh ir kompakta un jaud\u012bga powerbanka. Ide\u0101li piem\u0113rota ned\u0113\u013cas nogales ce\u013cojumam. \u00a0Ar \u010detr\u0101m balt\u0101m gaismas diod\u0113m uzl\u0101des un izl\u0101des indik\u0101cijai (zil\u0101 gaismas diode \u0101trai uzl\u0101dei 3.0).Uzl\u0101d\u0113jiet 3 ier\u012bces vienlaikus, izmantojot komplekt\u0101cij\u0101 iek\u013cautos USB Type C un USB A portus. Uzlabot\u0101 dro\u0161\u012bbas tehnolo\u0123ija un pl\u0101ns VARTA dizains padara VARTA Energy Power Banks par [&hellip;]<\/p>\n","protected":false},"featured_media":33746,"comment_status":"closed","ping_status":"closed","template":"","meta":{"inline_featured_image":false},"product_cat":[772,460],"product_tag":[],"yst_prominent_words":[],"class_list":{"0":"post-33731","1":"product","2":"type-product","3":"status-publish","4":"has-post-thumbnail","6":"product_cat-atlaides","7":"product_cat-uzlades-stacijas","9":"first","10":"instock","11":"sale","12":"taxable","13":"shipping-taxable","14":"purchasable","15":"product-type-simple"},"jetpack_sharing_enabled":true,"_links":{"self":[{"href":"https:\/\/ddt.lv\/lv\/wp-json\/wp\/v2\/product\/33731"}],"collection":[{"href":"https:\/\/ddt.lv\/lv\/wp-json\/wp\/v2\/product"}],"about":[{"href":"https:\/\/ddt.lv\/lv\/wp-json\/wp\/v2\/types\/product"}],"replies":[{"embeddable":true,"href":"https:\/\/ddt.lv\/lv\/wp-json\/wp\/v2\/comments?post=33731"}],"wp:featuredmedia":[{"embeddable":true,"href":"https:\/\/ddt.lv\/lv\/wp-json\/wp\/v2\/media\/33746"}],"wp:attachment":[{"href":"https:\/\/ddt.lv\/lv\/wp-json\/wp\/v2\/media?parent=33731"}],"wp:term":[{"taxonomy":"product_cat","embeddable":true,"href":"https:\/\/ddt.lv\/lv\/wp-json\/wp\/v2\/product_cat?post=33731"},{"taxonomy":"product_tag","embeddable":true,"href":"https:\/\/ddt.lv\/lv\/wp-json\/wp\/v2\/product_tag?post=33731"},{"taxonomy":"yst_prominent_words","embeddable":true,"href":"https:\/\/ddt.lv\/lv\/wp-json\/wp\/v2\/yst_prominent_words?post=33731"}],"curies":[{"name":"wp","href":"https:\/\/api.w.org\/{rel}","templated":true}]}}