{"id":33708,"date":"2022-05-21T14:30:25","date_gmt":"2022-05-21T11:30:25","guid":{"rendered":"https:\/\/ddt.lv\/lv\/product\/57983-powerbank-fast-energy-20000mah-usb-bl1-sudraba-varta\/"},"modified":"2026-04-08T14:41:44","modified_gmt":"2026-04-08T11:41:44","slug":"57983-powerbank-fast-energy-20000mah-usb-bl1-sudraba-varta","status":"publish","type":"product","link":"https:\/\/ddt.lv\/lv\/product\/57983-powerbank-fast-energy-20000mah-usb-bl1-sudraba-varta\/","title":{"rendered":"57983 Powerbank Fast Energy 20000mAh + USB BL1 sudraba VARTA"},"content":{"rendered":"<p><span class=\"JLqJ4b ChMk0b\" data-language-for-alternatives=\"lv\" data-language-to-translate-into=\"en\" data-phrase-index=\"0\" data-number-of-phrases=\"9\"><span class=\"Q4iAWc\">Powerbank Energy 20000 ir kompakta un jaud\u012bga powerbanka.<\/span><\/span>\u00a0<span class=\"JLqJ4b ChMk0b\" data-language-for-alternatives=\"lv\" data-language-to-translate-into=\"en\" data-phrase-index=\"1\" data-number-of-phrases=\"9\"><span class=\"Q4iAWc\">\u0160\u012b jaudas banka var uzl\u0101d\u0113t tr\u012bs ier\u012bces vienlaikus.<\/span><\/span>\u00a0<span class=\"JLqJ4b ChMk0b\" data-language-for-alternatives=\"lv\" data-language-to-translate-into=\"en\" data-phrase-index=\"2\" data-number-of-phrases=\"9\"><span class=\"Q4iAWc\">Ide\u0101li piem\u0113rota ned\u0113\u013cas nogales ce\u013cojumam.<\/span><\/span>\u00a0<span class=\"JLqJ4b ChMk0b\" data-language-for-alternatives=\"lv\" data-language-to-translate-into=\"en\" data-phrase-index=\"4\" data-number-of-phrases=\"9\"><span class=\"Q4iAWc\">Ide\u0101li piem\u0113rots lieto\u0161anai uz ce\u013ca, vienlaikus uzl\u0101d\u0113 3 ier\u012bces.<\/span><\/span>\u00a0<span class=\"JLqJ4b ChMk0b\" data-language-for-alternatives=\"lv\" data-language-to-translate-into=\"en\" data-phrase-index=\"6\" data-number-of-phrases=\"9\"><span class=\"Q4iAWc\">Ar \u010detr\u0101m balt\u0101m gaismas diod\u0113m uzl\u0101des un izl\u0101des indik\u0101cijai (zil\u0101 gaismas diode \u0101trai uzl\u0101dei 3.0).<\/span><\/span><\/p>","protected":false},"excerpt":{"rendered":"<p>Powerbank Energy 20000 ir kompakta un jaud\u012bga powerbanka.\u00a0\u0160\u012b jaudas banka var uzl\u0101d\u0113t tr\u012bs ier\u012bces vienlaikus.\u00a0Ide\u0101li piem\u0113rota ned\u0113\u013cas nogales ce\u013cojumam.\u00a0Ide\u0101li piem\u0113rots lieto\u0161anai uz ce\u013ca, vienlaikus uzl\u0101d\u0113 3 ier\u012bces.\u00a0Ar \u010detr\u0101m balt\u0101m gaismas diod\u0113m uzl\u0101des un izl\u0101des indik\u0101cijai (zil\u0101 gaismas diode \u0101trai uzl\u0101dei 3.0).<\/p>\n","protected":false},"featured_media":33726,"comment_status":"closed","ping_status":"closed","template":"","meta":{"inline_featured_image":false},"product_cat":[772,460],"product_tag":[],"yst_prominent_words":[],"class_list":{"0":"post-33708","1":"product","2":"type-product","3":"status-publish","4":"has-post-thumbnail","6":"product_cat-atlaides","7":"product_cat-uzlades-stacijas","9":"first","10":"instock","11":"sale","12":"taxable","13":"shipping-taxable","14":"purchasable","15":"product-type-simple"},"jetpack_sharing_enabled":true,"_links":{"self":[{"href":"https:\/\/ddt.lv\/lv\/wp-json\/wp\/v2\/product\/33708"}],"collection":[{"href":"https:\/\/ddt.lv\/lv\/wp-json\/wp\/v2\/product"}],"about":[{"href":"https:\/\/ddt.lv\/lv\/wp-json\/wp\/v2\/types\/product"}],"replies":[{"embeddable":true,"href":"https:\/\/ddt.lv\/lv\/wp-json\/wp\/v2\/comments?post=33708"}],"wp:featuredmedia":[{"embeddable":true,"href":"https:\/\/ddt.lv\/lv\/wp-json\/wp\/v2\/media\/33726"}],"wp:attachment":[{"href":"https:\/\/ddt.lv\/lv\/wp-json\/wp\/v2\/media?parent=33708"}],"wp:term":[{"taxonomy":"product_cat","embeddable":true,"href":"https:\/\/ddt.lv\/lv\/wp-json\/wp\/v2\/product_cat?post=33708"},{"taxonomy":"product_tag","embeddable":true,"href":"https:\/\/ddt.lv\/lv\/wp-json\/wp\/v2\/product_tag?post=33708"},{"taxonomy":"yst_prominent_words","embeddable":true,"href":"https:\/\/ddt.lv\/lv\/wp-json\/wp\/v2\/yst_prominent_words?post=33708"}],"curies":[{"name":"wp","href":"https:\/\/api.w.org\/{rel}","templated":true}]}}