{"id":33705,"date":"2022-05-21T14:30:23","date_gmt":"2022-05-21T11:30:23","guid":{"rendered":"https:\/\/ddt.lv\/lv\/product\/57977-powerbank-energy-15000mah-usb-bl1-balts-varta\/"},"modified":"2026-04-20T16:20:42","modified_gmt":"2026-04-20T13:20:42","slug":"57977-powerbank-energy-15000mah-usb-bl1-balts-varta","status":"publish","type":"product","link":"https:\/\/ddt.lv\/lv\/product\/57977-powerbank-energy-15000mah-usb-bl1-balts-varta\/","title":{"rendered":"57977 Powerbank Energy 15000mAh + USB  BL1 balts VARTA"},"content":{"rendered":"<p>Apraksts &#8211; Ener\u0123ijas l\u012bnijas Power Bank ir uzticami ce\u013cojuma pavado\u0146i: &#8211; ietilp\u012bba 15000mAH &#8211; uzlabota dro\u0161\u012bbas tehnoglo\u0123ija: temperat\u016bras kontrole, aizsardz\u012bba pret p\u0101rl\u0101di, aizsardz\u012bba pret dzi\u013cu izl\u0101di, aizsardz\u012bba pret p\u0101rslodzi, aizsardz\u012bba pret \u012bssavienojumu.<\/p>\n<p>Vair\u0101k inform\u0101ciju par produktu skatieties tehniskaj\u0101 aprakst\u0101.<\/p>","protected":false},"excerpt":{"rendered":"<p>Apraksts &#8211; Ener\u0123ijas l\u012bnijas Power Bank ir uzticami ce\u013cojuma pavado\u0146i: &#8211; ietilp\u012bba 15000mAH &#8211; uzlabota dro\u0161\u012bbas tehnoglo\u0123ija: temperat\u016bras kontrole, aizsardz\u012bba pret p\u0101rl\u0101di, aizsardz\u012bba pret dzi\u013cu izl\u0101di, aizsardz\u012bba pret p\u0101rslodzi, aizsardz\u012bba pret \u012bssavienojumu. Vair\u0101k inform\u0101ciju par produktu skatieties tehniskaj\u0101 aprakst\u0101.<\/p>\n","protected":false},"featured_media":33709,"comment_status":"closed","ping_status":"closed","template":"","meta":{"inline_featured_image":false},"product_cat":[772,460],"product_tag":[],"yst_prominent_words":[],"class_list":{"0":"post-33705","1":"product","2":"type-product","3":"status-publish","4":"has-post-thumbnail","6":"product_cat-atlaides","7":"product_cat-uzlades-stacijas","9":"first","10":"instock","11":"sale","12":"taxable","13":"shipping-taxable","14":"purchasable","15":"product-type-simple"},"jetpack_sharing_enabled":true,"_links":{"self":[{"href":"https:\/\/ddt.lv\/lv\/wp-json\/wp\/v2\/product\/33705"}],"collection":[{"href":"https:\/\/ddt.lv\/lv\/wp-json\/wp\/v2\/product"}],"about":[{"href":"https:\/\/ddt.lv\/lv\/wp-json\/wp\/v2\/types\/product"}],"replies":[{"embeddable":true,"href":"https:\/\/ddt.lv\/lv\/wp-json\/wp\/v2\/comments?post=33705"}],"wp:featuredmedia":[{"embeddable":true,"href":"https:\/\/ddt.lv\/lv\/wp-json\/wp\/v2\/media\/33709"}],"wp:attachment":[{"href":"https:\/\/ddt.lv\/lv\/wp-json\/wp\/v2\/media?parent=33705"}],"wp:term":[{"taxonomy":"product_cat","embeddable":true,"href":"https:\/\/ddt.lv\/lv\/wp-json\/wp\/v2\/product_cat?post=33705"},{"taxonomy":"product_tag","embeddable":true,"href":"https:\/\/ddt.lv\/lv\/wp-json\/wp\/v2\/product_tag?post=33705"},{"taxonomy":"yst_prominent_words","embeddable":true,"href":"https:\/\/ddt.lv\/lv\/wp-json\/wp\/v2\/yst_prominent_words?post=33705"}],"curies":[{"name":"wp","href":"https:\/\/api.w.org\/{rel}","templated":true}]}}