{"id":33704,"date":"2022-05-21T14:30:23","date_gmt":"2022-05-21T11:30:23","guid":{"rendered":"https:\/\/ddt.lv\/lv\/product\/33704\/"},"modified":"2026-04-13T09:50:37","modified_gmt":"2026-04-13T06:50:37","slug":"33704","status":"publish","type":"product","link":"https:\/\/ddt.lv\/lv\/product\/57962-port-powerpack-16000mah-usb-varta\/","title":{"rendered":"57962 Port. Powerpack 16000mAh + USB VARTA"},"content":{"rendered":"<p><\/p>\n<div class=\"ccvoYb EjH7wc\">\n<div class=\"AxqVh\">\n<div class=\"OPPzxe\">\n<div class=\"dePhmb\" aria-live=\"polite\">\n<div class=\"eyKpYb\" data-language=\"lv\" data-original-language=\"en\" data-result-index=\"0\">\n<div class=\"J0lOec\"><span class=\"VIiyi\" lang=\"lv\"><span class=\"JLqJ4b ChMk0b\" data-language-for-alternatives=\"lv\" data-language-to-translate-into=\"en\" data-phrase-index=\"0\" data-number-of-phrases=\"3\"><span class=\"Q4iAWc\">VARTA Family Power Bank kl\u0101sts pied\u0101v\u0101 viedu ener\u0123ijas risin\u0101jumu katrai dienai.<\/span><\/span> <span class=\"JLqJ4b ChMk0b\" data-language-for-alternatives=\"lv\" data-language-to-translate-into=\"en\" data-phrase-index=\"1\" data-number-of-phrases=\"3\"><span class=\"Q4iAWc\">Ar t\u0101 m\u016b\u017e\u012bgo un pievilc\u012bgo dizainu un labi p\u0101rdom\u0101taj\u0101m funkcij\u0101m j\u016bs ieg\u016bstat izcilu v\u0113rt\u012bbu par maz\u0101ku naudu.<\/span><\/span> U<span class=\"JLqJ4b ChMk0b\" data-language-for-alternatives=\"lv\" data-language-to-translate-into=\"en\" data-phrase-index=\"2\" data-number-of-phrases=\"3\"><span class=\"Q4iAWc\">zl\u0101d\u0113 savas viedier\u012bces \u2013 lai kur j\u016bs atrastos, un kad vien v\u0113laties!<\/span><\/span><\/span><\/div>\n<div class=\"UdTY9 Yb6eTe\" aria-hidden=\"true\" data-location=\"2\">\n<div class=\"kO6q6e\"><span class=\"JLqJ4b ChMk0b\" data-language-for-alternatives=\"lv\" data-language-to-translate-into=\"pl\" data-phrase-index=\"0\" data-number-of-phrases=\"20\"><span class=\"Q4iAWc\">Visnoder\u012bg\u0101k\u0101 powerbanka gar\u0101kiem braucieniem.<\/span><\/span> <span class=\"JLqJ4b ChMk0b\" data-language-for-alternatives=\"lv\" data-language-to-translate-into=\"pl\" data-phrase-index=\"2\" data-number-of-phrases=\"20\"><span class=\"Q4iAWc\">Ar vienu PowerBank uzl\u0101di pietiek, lai t\u0101lruni uzl\u0101d\u0113tu se\u0161as reizes vai tr\u012bs reizes uzl\u0101d\u0113tu plan\u0161etdatoru.<\/span><\/span> <span class=\"JLqJ4b ChMk0b\" data-language-for-alternatives=\"lv\" data-language-to-translate-into=\"pl\" data-phrase-index=\"3\" data-number-of-phrases=\"20\"><span class=\"Q4iAWc\">Veiktsp\u0113ja var at\u0161\u0137irties atkar\u012bb\u0101 no ier\u012bces.<\/span><\/span> <span class=\"JLqJ4b ChMk0b\" data-language-for-alternatives=\"lv\" data-language-to-translate-into=\"pl\" data-phrase-index=\"5\" data-number-of-phrases=\"20\"><span class=\"Q4iAWc\">Lieliski piem\u0113rots cilv\u0113kiem, kas atrodas kust\u012bb\u0101: vienlaikus uzl\u0101d\u0113 divas ier\u012bces. <\/span><\/span><span class=\"JLqJ4b ChMk0b\" data-language-for-alternatives=\"lv\" data-language-to-translate-into=\"pl\" data-phrase-index=\"7\" data-number-of-phrases=\"20\"><span class=\"Q4iAWc\">Uzl\u0101d\u0113 vair\u0101kas ier\u012bces ar vienu uzl\u0101di.<\/span><\/span> <span class=\"JLqJ4b ChMk0b\" data-language-for-alternatives=\"lv\" data-language-to-translate-into=\"pl\" data-phrase-index=\"9\" data-number-of-phrases=\"20\"><span class=\"Q4iAWc\">Tas uzl\u0101d\u0113 liel\u0101ko da\u013cu USB ier\u012b\u010du liel\u0101 \u0101trum\u0101, izmantojot 2,4 A portu.<\/span><\/span>\u00a0<span class=\"JLqJ4b ChMk0b\" data-language-for-alternatives=\"lv\" data-language-to-translate-into=\"pl\" data-phrase-index=\"13\" data-number-of-phrases=\"20\"><span class=\"Q4iAWc\">Ar ieb\u016bv\u0113tu LED luktur\u012bti<\/span><\/span> <span class=\"JLqJ4b ChMk0b\" data-language-for-alternatives=\"lv\" data-language-to-translate-into=\"pl\" data-phrase-index=\"15\" data-number-of-phrases=\"20\"><span class=\"Q4iAWc\">5 gaismas diodes inform\u0113 par uzl\u0101des gaitu un izl\u0101des st\u0101vokli.<\/span><\/span> <span class=\"JLqJ4b ChMk0b\" data-language-for-alternatives=\"lv\" data-language-to-translate-into=\"pl\" data-phrase-index=\"17\" data-number-of-phrases=\"20\"><span class=\"Q4iAWc\">L\u012bdzi n\u0101k 0,5 m balts mikro-USB kabelis.<\/span><\/span> <span class=\"JLqJ4b ChMk0b\" data-language-for-alternatives=\"lv\" data-language-to-translate-into=\"pl\" data-phrase-index=\"19\" data-number-of-phrases=\"20\"><span class=\"Q4iAWc\">M\u016b\u017e\u012bgs un m\u016bsdien\u012bgs dizains<\/span><\/span><\/div>\n<\/div>\n<div class=\"BdDRKe\">\n<div class=\"aJIq1d DSmisd\" data-language-code=\"lv\" data-language-name=\"latvie\u0161u\" data-text=\"VARTA \u0123imenes Power Bank kl\u0101sts pied\u0101v\u0101 viedu ener\u0123ijas risin\u0101jumu katrai dienai. Ar t\u0101 m\u016b\u017e\u012bgo un pievilc\u012bgo dizainu un labi p\u0101rdom\u0101taj\u0101m funkcij\u0101m j\u016bs ieg\u016bstat izcilu v\u0113rt\u012bbu par maz\u0101ku naudu. Esiet apr\u012bkots ar jaudu \u2013 lai kur j\u016bs atrastos, kad vien v\u0113laties!\" data-crosslingual-hint=\"\" data-location=\"2\" data-enable-toggle-playback-speed=\"true\">\n<div id=\"ow4336\" data-show-delay-ms=\"250\" data-append-to-body=\"true\" data-propagate-tooltip-mouseover-events=\"true\" data-anchor-corner=\"bottom-left\" data-enable-skip-handler=\"false\" data-popup-corner=\"top-left\">\n<div><\/div>\n<\/div>\n<\/div>\n<div data-show-delay-ms=\"250\" data-append-to-body=\"true\" data-propagate-tooltip-mouseover-events=\"true\" data-anchor-corner=\"bottom-left\" data-enable-skip-handler=\"false\" data-popup-corner=\"top-left\">\n<div>Pla\u0161\u0101ku inform\u0101ciju par produktu, skatieties tehniskaj\u0101 aprakst\u0101.<\/div>\n<\/div>\n<\/div>\n<\/div>\n<\/div>\n<\/div>\n<\/div>\n<\/div>\n<div class=\"kGmWO\"><\/div>\n<p><\/p>","protected":false},"excerpt":{"rendered":"<p>VARTA Family Power Bank kl\u0101sts pied\u0101v\u0101 viedu ener\u0123ijas risin\u0101jumu katrai dienai. Ar t\u0101 m\u016b\u017e\u012bgo un pievilc\u012bgo dizainu un labi p\u0101rdom\u0101taj\u0101m funkcij\u0101m j\u016bs ieg\u016bstat izcilu v\u0113rt\u012bbu par maz\u0101ku naudu. Uzl\u0101d\u0113 savas viedier\u012bces \u2013 lai kur j\u016bs atrastos, un kad vien v\u0113laties! Visnoder\u012bg\u0101k\u0101 powerbanka gar\u0101kiem braucieniem. Ar vienu PowerBank uzl\u0101di pietiek, lai t\u0101lruni uzl\u0101d\u0113tu se\u0161as reizes vai [&hellip;]<\/p>\n","protected":false},"featured_media":33714,"comment_status":"closed","ping_status":"closed","template":"","meta":{"inline_featured_image":false},"product_cat":[772,460],"product_tag":[],"yst_prominent_words":[],"class_list":{"0":"post-33704","1":"product","2":"type-product","3":"status-publish","4":"has-post-thumbnail","6":"product_cat-atlaides","7":"product_cat-uzlades-stacijas","9":"first","10":"instock","11":"sale","12":"taxable","13":"shipping-taxable","14":"purchasable","15":"product-type-simple"},"jetpack_sharing_enabled":true,"_links":{"self":[{"href":"https:\/\/ddt.lv\/lv\/wp-json\/wp\/v2\/product\/33704"}],"collection":[{"href":"https:\/\/ddt.lv\/lv\/wp-json\/wp\/v2\/product"}],"about":[{"href":"https:\/\/ddt.lv\/lv\/wp-json\/wp\/v2\/types\/product"}],"replies":[{"embeddable":true,"href":"https:\/\/ddt.lv\/lv\/wp-json\/wp\/v2\/comments?post=33704"}],"wp:featuredmedia":[{"embeddable":true,"href":"https:\/\/ddt.lv\/lv\/wp-json\/wp\/v2\/media\/33714"}],"wp:attachment":[{"href":"https:\/\/ddt.lv\/lv\/wp-json\/wp\/v2\/media?parent=33704"}],"wp:term":[{"taxonomy":"product_cat","embeddable":true,"href":"https:\/\/ddt.lv\/lv\/wp-json\/wp\/v2\/product_cat?post=33704"},{"taxonomy":"product_tag","embeddable":true,"href":"https:\/\/ddt.lv\/lv\/wp-json\/wp\/v2\/product_tag?post=33704"},{"taxonomy":"yst_prominent_words","embeddable":true,"href":"https:\/\/ddt.lv\/lv\/wp-json\/wp\/v2\/yst_prominent_words?post=33704"}],"curies":[{"name":"wp","href":"https:\/\/api.w.org\/{rel}","templated":true}]}}