{"id":33686,"date":"2022-05-19T22:10:28","date_gmt":"2022-05-19T19:10:28","guid":{"rendered":"https:\/\/ddt.lv\/lv\/product\/33686\/"},"modified":"2026-04-22T08:27:55","modified_gmt":"2026-04-22T05:27:55","slug":"33686","status":"publish","type":"product","link":"https:\/\/ddt.lv\/lv\/product\/16617-led-lipstick-light-1aa-varta\/","title":{"rendered":"16617 LED LIPSTICK Lukturis 1AA VARTA"},"content":{"rendered":"<p><span class=\"JLqJ4b ChMk0b\" data-language-for-alternatives=\"lv\" data-language-to-translate-into=\"en\" data-phrase-index=\"2\" data-number-of-phrases=\"9\"><span class=\"Q4iAWc\">Elegants un paroc\u012bgs LED luktur\u012btis ar alum\u012bnija korpusu un rievotu gumijas rokturi. <\/span><\/span><span class=\"JLqJ4b ChMk0b\" data-language-for-alternatives=\"lv\" data-language-to-translate-into=\"en\" data-phrase-index=\"4\" data-number-of-phrases=\"9\"><span class=\"Q4iAWc\">Apr\u012bkots ar LED lielai gaismas atdevei<\/span><\/span> <span class=\"JLqJ4b ChMk0b\" data-language-for-alternatives=\"lv\" data-language-to-translate-into=\"en\" data-phrase-index=\"6\" data-number-of-phrases=\"9\"><span class=\"Q4iAWc\">&#8211; siksni\u0146a un tums\u0101 mirdzo\u0161s apvalks un iesl\u0113g\u0161anas pogas v\u0101ci\u0146\u0161 nodro\u0161ina optim\u0101lu komfortu lieto\u0161anas laik\u0101.<\/span><\/span> <span class=\"JLqJ4b ChMk0b\" data-language-for-alternatives=\"lv\" data-language-to-translate-into=\"en\" data-phrase-index=\"8\" data-number-of-phrases=\"9\"><span class=\"Q4iAWc\">Pieejams div\u0101s modern\u0101s kr\u0101s\u0101s &#8211; roz\u0101 un piparm\u0113tru za\u013c\u0161.<\/span><\/span><\/p>","protected":false},"excerpt":{"rendered":"<p>Elegants un paroc\u012bgs LED luktur\u012btis ar alum\u012bnija korpusu un rievotu gumijas rokturi. Apr\u012bkots ar LED lielai gaismas atdevei &#8211; siksni\u0146a un tums\u0101 mirdzo\u0161s apvalks un iesl\u0113g\u0161anas pogas v\u0101ci\u0146\u0161 nodro\u0161ina optim\u0101lu komfortu lieto\u0161anas laik\u0101. Pieejams div\u0101s modern\u0101s kr\u0101s\u0101s &#8211; roz\u0101 un piparm\u0113tru za\u013c\u0161.<\/p>\n","protected":false},"featured_media":33701,"comment_status":"closed","ping_status":"closed","template":"","meta":{"inline_featured_image":false},"product_cat":[772,727,726],"product_tag":[],"yst_prominent_words":[],"class_list":{"0":"post-33686","1":"product","2":"type-product","3":"status-publish","4":"has-post-thumbnail","6":"product_cat-atlaides","7":"product_cat-galvas","8":"product_cat-kabatas","10":"first","11":"instock","12":"sale","13":"taxable","14":"shipping-taxable","15":"purchasable","16":"product-type-simple"},"jetpack_sharing_enabled":true,"_links":{"self":[{"href":"https:\/\/ddt.lv\/lv\/wp-json\/wp\/v2\/product\/33686"}],"collection":[{"href":"https:\/\/ddt.lv\/lv\/wp-json\/wp\/v2\/product"}],"about":[{"href":"https:\/\/ddt.lv\/lv\/wp-json\/wp\/v2\/types\/product"}],"replies":[{"embeddable":true,"href":"https:\/\/ddt.lv\/lv\/wp-json\/wp\/v2\/comments?post=33686"}],"wp:featuredmedia":[{"embeddable":true,"href":"https:\/\/ddt.lv\/lv\/wp-json\/wp\/v2\/media\/33701"}],"wp:attachment":[{"href":"https:\/\/ddt.lv\/lv\/wp-json\/wp\/v2\/media?parent=33686"}],"wp:term":[{"taxonomy":"product_cat","embeddable":true,"href":"https:\/\/ddt.lv\/lv\/wp-json\/wp\/v2\/product_cat?post=33686"},{"taxonomy":"product_tag","embeddable":true,"href":"https:\/\/ddt.lv\/lv\/wp-json\/wp\/v2\/product_tag?post=33686"},{"taxonomy":"yst_prominent_words","embeddable":true,"href":"https:\/\/ddt.lv\/lv\/wp-json\/wp\/v2\/yst_prominent_words?post=33686"}],"curies":[{"name":"wp","href":"https:\/\/api.w.org\/{rel}","templated":true}]}}