{"id":33685,"date":"2022-05-19T22:10:27","date_gmt":"2022-05-19T19:10:27","guid":{"rendered":"https:\/\/ddt.lv\/lv\/product\/33685\/"},"modified":"2026-04-13T09:46:33","modified_gmt":"2026-04-13T06:46:33","slug":"33685","status":"publish","type":"product","link":"https:\/\/ddt.lv\/lv\/product\/10614-trilogy-light-lukturis-24906\/","title":{"rendered":"10614 TRILOGY LIGHT Lukturis 2*4906 (2xAA)"},"content":{"rendered":"<p><span class=\"JLqJ4b ChMk0b\" data-language-for-alternatives=\"lv\" data-language-to-translate-into=\"ru\" data-phrase-index=\"23\" data-number-of-phrases=\"28\"><span class=\"Q4iAWc\">Ide\u0101li piem\u0113rots lukturis lieto\u0161anai m\u0101j\u0101s vai<\/span><\/span> <span class=\"JLqJ4b ChMk0b\" data-language-for-alternatives=\"lv\" data-language-to-translate-into=\"ru\" data-phrase-index=\"25\" data-number-of-phrases=\"28\"><span class=\"Q4iAWc\">ma\u0161\u012bn\u0101. Viegls un kompakts.<\/span><\/span><\/p>","protected":false},"excerpt":{"rendered":"<p>Ide\u0101li piem\u0113rots lukturis lieto\u0161anai m\u0101j\u0101s vai ma\u0161\u012bn\u0101. Viegls un kompakts.<\/p>\n","protected":false},"featured_media":33690,"comment_status":"closed","ping_status":"closed","template":"","meta":{"inline_featured_image":false},"product_cat":[772,727,726],"product_tag":[],"yst_prominent_words":[],"class_list":{"0":"post-33685","1":"product","2":"type-product","3":"status-publish","4":"has-post-thumbnail","6":"product_cat-atlaides","7":"product_cat-galvas","8":"product_cat-kabatas","10":"first","11":"instock","12":"sale","13":"taxable","14":"shipping-taxable","15":"purchasable","16":"product-type-simple"},"jetpack_sharing_enabled":true,"_links":{"self":[{"href":"https:\/\/ddt.lv\/lv\/wp-json\/wp\/v2\/product\/33685"}],"collection":[{"href":"https:\/\/ddt.lv\/lv\/wp-json\/wp\/v2\/product"}],"about":[{"href":"https:\/\/ddt.lv\/lv\/wp-json\/wp\/v2\/types\/product"}],"replies":[{"embeddable":true,"href":"https:\/\/ddt.lv\/lv\/wp-json\/wp\/v2\/comments?post=33685"}],"wp:featuredmedia":[{"embeddable":true,"href":"https:\/\/ddt.lv\/lv\/wp-json\/wp\/v2\/media\/33690"}],"wp:attachment":[{"href":"https:\/\/ddt.lv\/lv\/wp-json\/wp\/v2\/media?parent=33685"}],"wp:term":[{"taxonomy":"product_cat","embeddable":true,"href":"https:\/\/ddt.lv\/lv\/wp-json\/wp\/v2\/product_cat?post=33685"},{"taxonomy":"product_tag","embeddable":true,"href":"https:\/\/ddt.lv\/lv\/wp-json\/wp\/v2\/product_tag?post=33685"},{"taxonomy":"yst_prominent_words","embeddable":true,"href":"https:\/\/ddt.lv\/lv\/wp-json\/wp\/v2\/yst_prominent_words?post=33685"}],"curies":[{"name":"wp","href":"https:\/\/api.w.org\/{rel}","templated":true}]}}