{"id":33683,"date":"2022-05-19T22:10:25","date_gmt":"2022-05-19T19:10:25","guid":{"rendered":"https:\/\/ddt.lv\/lv\/product\/33683\/"},"modified":"2026-04-06T10:46:37","modified_gmt":"2026-04-06T07:46:37","slug":"33683","status":"publish","type":"product","link":"https:\/\/ddt.lv\/lv\/product\/lukturis-swivel-light-2xaa-varta\/","title":{"rendered":"Lukturis SWIVEL LIGHT 2xAA Varta"},"content":{"rendered":"<p>Triecieniztur\u012bgs lukturis ar regul\u0113jamu un fokus\u0113jamu gaismes padeves galvu.<\/p>","protected":false},"excerpt":{"rendered":"<p>Triecieniztur\u012bgs lukturis ar regul\u0113jamu un fokus\u0113jamu gaismes padeves galvu.<\/p>\n","protected":false},"featured_media":33697,"comment_status":"closed","ping_status":"closed","template":"","meta":{"inline_featured_image":false},"product_cat":[772,727,726],"product_tag":[],"yst_prominent_words":[],"class_list":{"0":"post-33683","1":"product","2":"type-product","3":"status-publish","4":"has-post-thumbnail","6":"product_cat-atlaides","7":"product_cat-galvas","8":"product_cat-kabatas","10":"first","11":"instock","12":"sale","13":"taxable","14":"shipping-taxable","15":"purchasable","16":"product-type-simple"},"jetpack_sharing_enabled":true,"_links":{"self":[{"href":"https:\/\/ddt.lv\/lv\/wp-json\/wp\/v2\/product\/33683"}],"collection":[{"href":"https:\/\/ddt.lv\/lv\/wp-json\/wp\/v2\/product"}],"about":[{"href":"https:\/\/ddt.lv\/lv\/wp-json\/wp\/v2\/types\/product"}],"replies":[{"embeddable":true,"href":"https:\/\/ddt.lv\/lv\/wp-json\/wp\/v2\/comments?post=33683"}],"wp:featuredmedia":[{"embeddable":true,"href":"https:\/\/ddt.lv\/lv\/wp-json\/wp\/v2\/media\/33697"}],"wp:attachment":[{"href":"https:\/\/ddt.lv\/lv\/wp-json\/wp\/v2\/media?parent=33683"}],"wp:term":[{"taxonomy":"product_cat","embeddable":true,"href":"https:\/\/ddt.lv\/lv\/wp-json\/wp\/v2\/product_cat?post=33683"},{"taxonomy":"product_tag","embeddable":true,"href":"https:\/\/ddt.lv\/lv\/wp-json\/wp\/v2\/product_tag?post=33683"},{"taxonomy":"yst_prominent_words","embeddable":true,"href":"https:\/\/ddt.lv\/lv\/wp-json\/wp\/v2\/yst_prominent_words?post=33683"}],"curies":[{"name":"wp","href":"https:\/\/api.w.org\/{rel}","templated":true}]}}