{"id":33681,"date":"2022-05-19T22:00:24","date_gmt":"2022-05-19T19:00:24","guid":{"rendered":"https:\/\/ddt.lv\/lv\/product\/33681\/"},"modified":"2026-04-08T14:31:46","modified_gmt":"2026-04-08T11:31:46","slug":"33681","status":"publish","type":"product","link":"https:\/\/ddt.lv\/lv\/product\/lukturis-3w-cob-led-ip44-3xaaa-metala-emos\/","title":{"rendered":"Lukturis 3W COB LED IP44 (3xAAA) met\u0101la EMOS"},"content":{"rendered":"<p>Rokas lukturis apr\u012bkots ar 3W LED . Priek\u0161roc\u012bbas: iespaid\u012bgs izskats. Viegls un praktisks.<\/p>","protected":false},"excerpt":{"rendered":"<p>Rokas lukturis apr\u012bkots ar 3W LED . Priek\u0161roc\u012bbas: iespaid\u012bgs izskats. Viegls un praktisks.<\/p>\n","protected":false},"featured_media":33692,"comment_status":"closed","ping_status":"closed","template":"","meta":{"inline_featured_image":false},"product_cat":[727,726],"product_tag":[],"yst_prominent_words":[],"class_list":{"0":"post-33681","1":"product","2":"type-product","3":"status-publish","4":"has-post-thumbnail","6":"product_cat-galvas","7":"product_cat-kabatas","9":"first","10":"instock","11":"taxable","12":"shipping-taxable","13":"purchasable","14":"product-type-simple"},"jetpack_sharing_enabled":true,"_links":{"self":[{"href":"https:\/\/ddt.lv\/lv\/wp-json\/wp\/v2\/product\/33681"}],"collection":[{"href":"https:\/\/ddt.lv\/lv\/wp-json\/wp\/v2\/product"}],"about":[{"href":"https:\/\/ddt.lv\/lv\/wp-json\/wp\/v2\/types\/product"}],"replies":[{"embeddable":true,"href":"https:\/\/ddt.lv\/lv\/wp-json\/wp\/v2\/comments?post=33681"}],"wp:featuredmedia":[{"embeddable":true,"href":"https:\/\/ddt.lv\/lv\/wp-json\/wp\/v2\/media\/33692"}],"wp:attachment":[{"href":"https:\/\/ddt.lv\/lv\/wp-json\/wp\/v2\/media?parent=33681"}],"wp:term":[{"taxonomy":"product_cat","embeddable":true,"href":"https:\/\/ddt.lv\/lv\/wp-json\/wp\/v2\/product_cat?post=33681"},{"taxonomy":"product_tag","embeddable":true,"href":"https:\/\/ddt.lv\/lv\/wp-json\/wp\/v2\/product_tag?post=33681"},{"taxonomy":"yst_prominent_words","embeddable":true,"href":"https:\/\/ddt.lv\/lv\/wp-json\/wp\/v2\/yst_prominent_words?post=33681"}],"curies":[{"name":"wp","href":"https:\/\/api.w.org\/{rel}","templated":true}]}}