{"id":33676,"date":"2022-05-19T15:40:24","date_gmt":"2022-05-19T12:40:24","guid":{"rendered":"https:\/\/ddt.lv\/lv\/product\/nakts-lampa-ar-jonizetu-gaisa-plusmu-230v\/"},"modified":"2026-04-27T08:26:33","modified_gmt":"2026-04-27T05:26:33","slug":"nakts-lampa-ar-jonizetu-gaisa-plusmu-230v","status":"publish","type":"product","link":"https:\/\/ddt.lv\/lv\/product\/nakts-lampa-ar-jonizetu-gaisa-plusmu-230v\/","title":{"rendered":"Nakts lampa ar joniz\u0113tu gaisa pl\u016bsmu 230V"},"content":{"rendered":"<p>Nakts lampa ar joniz\u0113tu gaisma pl\u016bsmu. Tiek darbin\u0101ta ar 230 V spriegumu tie\u0161i no elektr\u012bbas kontaktligzdas.<\/p>","protected":false},"excerpt":{"rendered":"<p>Nakts lampa ar joniz\u0113tu gaisma pl\u016bsmu. Tiek darbin\u0101ta ar 230 V spriegumu tie\u0161i no elektr\u012bbas kontaktligzdas.<\/p>\n","protected":false},"featured_media":33677,"comment_status":"closed","ping_status":"closed","template":"","meta":{"inline_featured_image":false},"product_cat":[1500],"product_tag":[],"yst_prominent_words":[],"class_list":{"0":"post-33676","1":"product","2":"type-product","3":"status-publish","4":"has-post-thumbnail","6":"product_cat-mitrinataji-jonizetaji","8":"first","9":"instock","10":"taxable","11":"shipping-taxable","12":"purchasable","13":"product-type-simple"},"jetpack_sharing_enabled":true,"_links":{"self":[{"href":"https:\/\/ddt.lv\/lv\/wp-json\/wp\/v2\/product\/33676"}],"collection":[{"href":"https:\/\/ddt.lv\/lv\/wp-json\/wp\/v2\/product"}],"about":[{"href":"https:\/\/ddt.lv\/lv\/wp-json\/wp\/v2\/types\/product"}],"replies":[{"embeddable":true,"href":"https:\/\/ddt.lv\/lv\/wp-json\/wp\/v2\/comments?post=33676"}],"wp:featuredmedia":[{"embeddable":true,"href":"https:\/\/ddt.lv\/lv\/wp-json\/wp\/v2\/media\/33677"}],"wp:attachment":[{"href":"https:\/\/ddt.lv\/lv\/wp-json\/wp\/v2\/media?parent=33676"}],"wp:term":[{"taxonomy":"product_cat","embeddable":true,"href":"https:\/\/ddt.lv\/lv\/wp-json\/wp\/v2\/product_cat?post=33676"},{"taxonomy":"product_tag","embeddable":true,"href":"https:\/\/ddt.lv\/lv\/wp-json\/wp\/v2\/product_tag?post=33676"},{"taxonomy":"yst_prominent_words","embeddable":true,"href":"https:\/\/ddt.lv\/lv\/wp-json\/wp\/v2\/yst_prominent_words?post=33676"}],"curies":[{"name":"wp","href":"https:\/\/api.w.org\/{rel}","templated":true}]}}